{"id":354838,"date":"2024-08-07T21:52:03","date_gmt":"2024-08-07T21:11:21","guid":{"rendered":"https:\/\/www.moskito.cz\/produkt\/vystrelovaci-noz-microtech-combat-troodon-gen-iii-auto-stonewashed-1142-10\/"},"modified":"2025-05-07T11:22:29","modified_gmt":"2025-05-07T10:22:29","slug":"vystrelovaci-noz-microtech-combat-troodon-gen-iii-auto-stonewashed-1142-10","status":"publish","type":"product","link":"https:\/\/www.moskito.cz\/sk\/produkt\/vystrelovaci-noz-microtech-combat-troodon-gen-iii-auto-stonewashed-1142-10\/","title":{"rendered":"Vystre\u013eovac\u00ed N\u00f4\u017e Microtech Combat Troodon Gen III AUTO Stonewashed 1142-10"},"content":{"rendered":"<p>Vystre\u013eovac\u00ed N\u00f4\u017e <strong>Microtech<\/strong> Combat Troodon Gen III AUTO Stonewashed 1142-10. <strong>Combat Troodon Gen III<\/strong> je vrcholom prec\u00edzneho in\u017einierstva a taktickej zdatnosti v oblasti predn\u00fdch no\u017eov. T\u00e1to evol\u00facia, ktor\u00e1 sa m\u00f4\u017ee pochv\u00e1li\u0165 25% n\u00e1rastom ve\u013ekosti v porovnan\u00ed s vlajkovou lo\u010fou Troodon, predefinuje taktick\u00fa dokonalos\u0165 v\u010faka svojej \u0161t\u00edhlej hlboko rytej rukov\u00e4ti, tvarovan\u00e9mu dizajnu a inovat\u00edvnym prvkom. Sofistikovan\u00fd vn\u00fatorn\u00fd mechanizmus nielen zosil\u0148uje prev\u00e1dzkov\u00fa funk\u010dnos\u0165, ale tie\u017e pozdvihuje spo\u013eahlivos\u0165 do nov\u00fdch v\u00fd\u0161in v tomto v\u00e4\u010d\u0161om meradle. <strong>Combat Troodon<\/strong> , starostlivo vytvoren\u00fd pre rozmanit\u00e9 pou\u017eitie, je d\u00f4kazom jeho taktickej v\u0161estrannosti, vynikaj\u00facej ako v \u00fa\u017eitkov\u00fdch, tak v bojov\u00fdch scen\u00e1roch na bl\u00edzko. Okrem fyzick\u00fdch rozmerov je rukov\u00e4\u0165 tohto v\u00fdnimo\u010dn\u00e9ho modelu zdoben\u00e1 hlbok\u00fdm ryt\u00edm, nielen pre neuverite\u013en\u00fd vizu\u00e1lny dojem, ale aj pre poskytnutie jedine\u010dn\u00e9ho hmatov\u00e9ho z\u00e1\u017eitku. Za\u010dlenenie hardv\u00e9rovej kon\u0161trukcie Torx \u010falej pod\u010diarkuje starostliv\u00fa pozornos\u0165 venovan\u00fa detailom, zais\u0165uje odolnos\u0165 a jednoduch\u00fa \u00fadr\u017ebu, zatia\u013e \u010do obojstrann\u00fd vreckov\u00fd klip je \u00faplne obojstrann\u00fd. Combat Troodon Gen III, \u010do znamen\u00e1 \u201ezra\u0148uj\u00faci zub\u201c, je impozantn\u00fd taktick\u00fd n\u00f4\u017e spredu, ktor\u00fd v sebe zah\u0155\u0148a prec\u00edzne in\u017einierstvo, bojov\u00e9 nevyhnutnosti a elegantn\u00fd dizajn. \u0160pecifik\u00e1cia: D\u013a\u017eka \u010depele: 4,125&#8243; D\u013a\u017eka \u010depele: 10.3 cm D\u013a\u017eka v zatvorenom stave: 14 cm Celkov\u00e1 d\u013a\u017eka: 24 cm Oce\u013e \u010depele: Nerezov\u00e1 oce\u013e Bohler M390MK \u0160t\u00fdl \u010depele: D\u00fdka s dvojitou hranou Br\u00fasenie \u010depele: Ploch\u00e9 Povrch \u010cierny leteck\u00fd hlin\u00edk s hlbok\u00fdm ryt\u00edm Uzamykac\u00ed mechanizmus: Thumb Slide Vreckov\u00e1 spona: Titan (skl\u00e1pacie, prav\u00e9\/\u013eav\u00e9 nosenie) Hmotnos\u0165: 5,22 oz. Dizajn\u00e9r: Tony Marfione Vyroben\u00e9 v USA https:\/\/youtu.be\/xE9TeOFYEjg  &nbsp;<\/p>\n<p>&nbsp;<\/p>\n","protected":false},"excerpt":{"rendered":"<p><strong>V priebehu rokov Microtech\u00ae Knives naplnil v\u00e1\u0161\u0148ou a zru\u010dnos\u0165ou v\u00fdrobu no\u017eov, a\u017e z nich vytvoril takmer umeleck\u00e9 diela, ktor\u00e9 s\u00fa vrcholom funk\u010dnosti. V\u0161etky diely s\u00fa vyroben\u00e9 v USA.<\/strong><br \/>\n<strong>Na v\u0161etky no\u017ee Microtech je do\u017eivotn\u00e1 z\u00e1ruka.<\/strong><\/p>\n<p style=\"text-align: center;\"><strong>Doprava zadarmo.<\/strong><\/p>\n","protected":false},"featured_media":354741,"comment_status":"open","ping_status":"closed","template":"","meta":[],"pwb-brand":[3200],"product_brand":[],"product_cat":[3186,3197],"product_tag":[3668],"class_list":{"0":"post-354838","1":"product","2":"type-product","3":"status-publish","4":"has-post-thumbnail","6":"pwb-brand-microtech-sk","7":"product_cat-noze-sk","8":"product_cat-vystrelovacie-noze-sk","9":"product_tag-b2b-sk","11":"first","12":"outofstock","13":"taxable","14":"shipping-taxable","15":"purchasable","16":"product-type-simple"},"brands":[{"id":3200,"name":"Microtech","slug":"microtech-sk"}],"_links":{"self":[{"href":"https:\/\/www.moskito.cz\/sk\/wp-json\/wp\/v2\/product\/354838","targetHints":{"allow":["GET"]}}],"collection":[{"href":"https:\/\/www.moskito.cz\/sk\/wp-json\/wp\/v2\/product"}],"about":[{"href":"https:\/\/www.moskito.cz\/sk\/wp-json\/wp\/v2\/types\/product"}],"replies":[{"embeddable":true,"href":"https:\/\/www.moskito.cz\/sk\/wp-json\/wp\/v2\/comments?post=354838"}],"wp:featuredmedia":[{"embeddable":true,"href":"https:\/\/www.moskito.cz\/sk\/wp-json\/wp\/v2\/media\/354741"}],"wp:attachment":[{"href":"https:\/\/www.moskito.cz\/sk\/wp-json\/wp\/v2\/media?parent=354838"}],"wp:term":[{"taxonomy":"pwb-brand","embeddable":true,"href":"https:\/\/www.moskito.cz\/sk\/wp-json\/wp\/v2\/pwb-brand?post=354838"},{"taxonomy":"product_brand","embeddable":true,"href":"https:\/\/www.moskito.cz\/sk\/wp-json\/wp\/v2\/product_brand?post=354838"},{"taxonomy":"product_cat","embeddable":true,"href":"https:\/\/www.moskito.cz\/sk\/wp-json\/wp\/v2\/product_cat?post=354838"},{"taxonomy":"product_tag","embeddable":true,"href":"https:\/\/www.moskito.cz\/sk\/wp-json\/wp\/v2\/product_tag?post=354838"}],"curies":[{"name":"wp","href":"https:\/\/api.w.org\/{rel}","templated":true}]}}