{"id":355244,"date":"2024-08-08T22:57:49","date_gmt":"2024-08-08T22:25:42","guid":{"rendered":"https:\/\/www.moskito.cz\/produkt\/vystrelovaci-noz-microtech-hera-ii-mini-apocalyptic-1705m-10ap\/"},"modified":"2025-05-07T11:22:40","modified_gmt":"2025-05-07T10:22:40","slug":"vystrelovaci-noz-microtech-hera-ii-mini-apocalyptic-1705m-10ap","status":"publish","type":"product","link":"https:\/\/www.moskito.cz\/sk\/produkt\/vystrelovaci-noz-microtech-hera-ii-mini-apocalyptic-1705m-10ap\/","title":{"rendered":"Vystre\u013eovac\u00ed N\u00f4\u017e Microtech Hera II Mini Apocalyptic 1705M-10AP"},"content":{"rendered":"<p>Vystre\u013eovac\u00ed N\u00f4\u017e <strong>Microtech<\/strong> Hera II Mini Apocalyptic 1705M-10AP. <strong>Mini Hera<\/strong> je podmaniv\u00fd dvoj\u010dinn\u00fd predn\u00fd automatick\u00fd n\u00f4\u017e, ktor\u00fd \u010derp\u00e1 in\u0161pir\u00e1ciu z ikonick\u00e9ho modelu <strong>Troodon<\/strong> . <strong>Mini Hera<\/strong> s dizajnom r\u00e1mu pripom\u00ednaj\u00facim svojho predchodcu vynik\u00e1 vycibrenou estetikou a vylep\u0161enou ergon\u00f3miou. Starostlivo vytvoren\u00e9 z\u00e1platy na koncoch pon\u00fakaj\u00fa lep\u0161iu pri\u013enavos\u0165 a zvy\u0161uj\u00fa ako praktickos\u0165, tak vizu\u00e1lnu pr\u00ed\u0165a\u017elivos\u0165. Rovnako ako jeho predchodca, <strong>Mini Hera<\/strong> sa m\u00f4\u017ee pochv\u00e1li\u0165 rukov\u00e4\u0165ou zdobenou zlo\u017eit\u00fdmi hlbok\u00fdmi rytinami, ktor\u00e9 predstavuj\u00fa zadn\u00fa stranu bez hardv\u00e9ru s v\u00fdnimkou diskr\u00e9tnej skrutky umiestnenej bl\u00edzko zadn\u00e9ho konca, v bl\u00edzkosti obojstrannej vreckovej spony pre pohodlie pre \u013eav\u00e1kov. T\u00e1to pozornos\u0165 k detailu dod\u00e1va funk\u010dn\u00e9mu designu umeleck\u00fd n\u00e1dych a zais\u0165uje bezkonkuren\u010dn\u00fd hmatov\u00fd z\u00e1\u017eitok. Toto miniat\u00farne majstrovsk\u00e9 dielo bez n\u00e1mahy kombinuje sofistikovanos\u0165 s funk\u010dnos\u0165ou a upev\u0148uje svoju poz\u00edciu jedn\u00e9ho z popredn\u00fdch v\u0161estrann\u00fdch automatick\u00fdch no\u017eov OTF na silne konkuren\u010dnom trhu, ktor\u00fd je \u010dasto konfrontovan\u00fd s ostatn\u00fdmi OTF Microtech. Mini Hera, prisp\u00f4soben\u00e1 pre bojov\u00fa pripravenos\u0165, a pritom dostato\u010dne \u0161t\u00edhla na ka\u017edodenn\u00e9 nosenie, pon\u00faka dokonal\u00fa rovnov\u00e1hu medzi \u0161t\u00fdlom a praktickos\u0165ou. Prec\u00edzne in\u017einierstvo a umeleck\u00e9 detaily sa v tomto no\u017ei zbiehaj\u00fa, \u010do z neho rob\u00ed v\u00fdzna\u010dn\u00fa vo\u013ebu pre t\u00fdch, ktor\u00ed h\u013eadaj\u00fa spojenie formy a funkcie vo svojich ka\u017edodenn\u00fdch n\u00e1strojoch. Specifikace: D\u00e9lka \u010depele: 7.5 cm D\u00e9lka v zav\u0159en\u00e9m stavu: 10 cm Celkov\u00e1 d\u00e9lka: 17.5 cm Ocel \u010depele: Nerezov\u00e1 ocel Bohler M390MK Styl \u010depele: Recurve Brou\u0161en\u00ed \u010depele: Ploch\u00e9 Povrchov\u00e1 \u00faprava \u010depele: Apokalyptick\u00e1 Materi\u00e1l rukojeti: \u010cern\u00fd leteck\u00fd hlin\u00edk s hlubok\u00fdm ryt\u00edm Uzamykac\u00ed mechanismus : Thumb Slide Vreckov\u00e1 spona: Titan (skl\u00e1pacie, prav\u00e9\/\u013eav\u00e9 nosenie) Hmotnos\u0165: 2,01 unce Dizajn\u00e9ri: Tony a Sean Marfione Vyroben\u00e9 v USA https:\/\/youtu.be\/xE9TeOFYEjg  &nbsp;<\/p>\n","protected":false},"excerpt":{"rendered":"<p><strong>V priebehu rokov Microtech\u00ae Knives naplnil v\u00e1\u0161\u0148ou a zru\u010dnos\u0165ou v\u00fdrobu no\u017eov, a\u017e z nich vytvoril takmer umeleck\u00e9 diela, ktor\u00e9 s\u00fa vrcholom funk\u010dnosti. V\u0161etky diely s\u00fa vyroben\u00e9 v USA.<\/strong><br \/>\n<strong>Na v\u0161etky no\u017ee Microtech je do\u017eivotn\u00e1 z\u00e1ruka.<\/strong><\/p>\n<p><strong>Doprava zadarmo.<\/strong><\/p>\n","protected":false},"featured_media":355150,"comment_status":"open","ping_status":"closed","template":"","meta":[],"pwb-brand":[3200],"product_brand":[],"product_cat":[3186,3197],"product_tag":[3668],"class_list":{"0":"post-355244","1":"product","2":"type-product","3":"status-publish","4":"has-post-thumbnail","6":"pwb-brand-microtech-sk","7":"product_cat-noze-sk","8":"product_cat-vystrelovacie-noze-sk","9":"product_tag-b2b-sk","11":"first","12":"outofstock","13":"taxable","14":"shipping-taxable","15":"purchasable","16":"product-type-simple"},"brands":[{"id":3200,"name":"Microtech","slug":"microtech-sk"}],"_links":{"self":[{"href":"https:\/\/www.moskito.cz\/sk\/wp-json\/wp\/v2\/product\/355244","targetHints":{"allow":["GET"]}}],"collection":[{"href":"https:\/\/www.moskito.cz\/sk\/wp-json\/wp\/v2\/product"}],"about":[{"href":"https:\/\/www.moskito.cz\/sk\/wp-json\/wp\/v2\/types\/product"}],"replies":[{"embeddable":true,"href":"https:\/\/www.moskito.cz\/sk\/wp-json\/wp\/v2\/comments?post=355244"}],"wp:featuredmedia":[{"embeddable":true,"href":"https:\/\/www.moskito.cz\/sk\/wp-json\/wp\/v2\/media\/355150"}],"wp:attachment":[{"href":"https:\/\/www.moskito.cz\/sk\/wp-json\/wp\/v2\/media?parent=355244"}],"wp:term":[{"taxonomy":"pwb-brand","embeddable":true,"href":"https:\/\/www.moskito.cz\/sk\/wp-json\/wp\/v2\/pwb-brand?post=355244"},{"taxonomy":"product_brand","embeddable":true,"href":"https:\/\/www.moskito.cz\/sk\/wp-json\/wp\/v2\/product_brand?post=355244"},{"taxonomy":"product_cat","embeddable":true,"href":"https:\/\/www.moskito.cz\/sk\/wp-json\/wp\/v2\/product_cat?post=355244"},{"taxonomy":"product_tag","embeddable":true,"href":"https:\/\/www.moskito.cz\/sk\/wp-json\/wp\/v2\/product_tag?post=355244"}],"curies":[{"name":"wp","href":"https:\/\/api.w.org\/{rel}","templated":true}]}}