{"id":355251,"date":"2024-08-08T23:18:47","date_gmt":"2024-08-08T22:26:20","guid":{"rendered":"https:\/\/www.moskito.cz\/produkt\/zatvaraci-noz-microtech-matrix-165c-4cfti\/"},"modified":"2025-05-07T11:22:41","modified_gmt":"2025-05-07T10:22:41","slug":"zatvaraci-noz-microtech-matrix-165c-4cfti","status":"publish","type":"product","link":"https:\/\/www.moskito.cz\/sk\/produkt\/zatvaraci-noz-microtech-matrix-165c-4cfti\/","title":{"rendered":"Zatv\u00e1rac\u00ed N\u00f4\u017e Microtech Matrix 165C-4CFTI"},"content":{"rendered":"<p>Zatv\u00e1rac\u00ed N\u00f4\u017e <strong>Microtech<\/strong> Matrix 165C-4CFTI. <strong>Matrix<\/strong> je \u010fal\u0161\u00edm spolo\u010dn\u00fdm majstrovsk\u00fdm dielom spolo\u010dnost\u00ed <strong>Microtech Knives<\/strong> a Rike Knife Co., ktor\u00e9 predstavuje v\u00fdnimo\u010dn\u00fa ru\u010dn\u00fa plutvu s bezchybne hladk\u00fdm chodom. Rovnako ako dostupn\u00fd luxus stelesnen\u00fd Socom Bravo Mini, tento n\u00f4\u017e plnej ve\u013ekosti v\u00e1\u017ei presne \u0161es\u0165 unc\u00ed a m\u00e1 d\u013a\u017eku 9,35&#8243; vr\u00e1tane rozb\u00edja\u010da volfr\u00e1mov\u00e9ho skla. Rukov\u00e4\u0165 je vyroben\u00e1 s presnos\u0165ou a hladko kombinuje tit\u00e1n a uhl\u00edkov\u00e9 vl\u00e1kna pre optim\u00e1lnu ergon\u00f3miu, prin\u00e1\u0161a rezn\u00fd n\u00e1stroj s bezkonkuren\u010dn\u00fdmi schopnos\u0165ami. Obojstrann\u00e1 spona na vrecko s guli\u010dkou z karbidu krem\u00edka zais\u0165uje integritu vrecka a rob\u00ed z nej ide\u00e1lneho spolo\u010dn\u00edka pre ka\u017edodenn\u00e9 nosenie. Konajte r\u00fdchlo a nenechajte si ujs\u0165 pr\u00edle\u017eitos\u0165 vlastni\u0165 t\u00fato limitovan\u00fa ed\u00edciu. \u0160pecifik\u00e1cia: D\u013a\u017eka \u010depele: 9.42 cm D\u013a\u017eka v zavretom stave: 14.25 cm Celkov\u00e1 d\u013a\u017eka: 23.37 cm Materi\u00e1l \u010depele: Nerezov\u00e1 oce\u013e Bohler M390 \u0160t\u00fdl \u010depele: Modifikovan\u00fd Sheepfoot Br\u00fasenie \u010depele: Ploch\u00e9 Povrchov\u00e1 \u00faprava \u010depele6 ni\u010d\u00ed z uhl\u00edkov\u00fdch vl\u00e1kien Uzamykac\u00ed mechanizmus: Frame Lock Zostava \u010dapu: Lo\u017eisk\u00e1 Vreckov\u00fd klip: Titan (skl\u00e1pacie, prav\u00e9\/\u013eav\u00e9 nosenie) Hmotnos\u0165: 6,00 oz. Dizajn\u00e9r: Tony Marfione https:\/\/youtu.be\/xE9TeOFYEjg  &nbsp;<\/p>\n","protected":false},"excerpt":{"rendered":"<p><strong>V priebehu rokov Microtech\u00ae Knives naplnil v\u00e1\u0161\u0148ou a zru\u010dnos\u0165ou v\u00fdrobu no\u017eov, a\u017e z nich vytvoril takmer umeleck\u00e9 diela, ktor\u00e9 s\u00fa vrcholom funk\u010dnosti. V\u0161etky diely s\u00fa vyroben\u00e9 v USA.<\/strong><br \/>\n<strong>Na v\u0161etky no\u017ee Microtech je do\u017eivotn\u00e1 z\u00e1ruka.<\/strong><\/p>\n<p><strong>Doprava zadarmo.<\/strong><\/p>\n","protected":false},"featured_media":355199,"comment_status":"open","ping_status":"closed","template":"","meta":[],"pwb-brand":[3200],"product_brand":[],"product_cat":[3186,3233],"product_tag":[3668],"class_list":{"0":"post-355251","1":"product","2":"type-product","3":"status-publish","4":"has-post-thumbnail","6":"pwb-brand-microtech-sk","7":"product_cat-noze-sk","8":"product_cat-zatvaracie-noze","9":"product_tag-b2b-sk","11":"first","12":"instock","13":"taxable","14":"shipping-taxable","15":"purchasable","16":"product-type-simple"},"brands":[{"id":3200,"name":"Microtech","slug":"microtech-sk"}],"_links":{"self":[{"href":"https:\/\/www.moskito.cz\/sk\/wp-json\/wp\/v2\/product\/355251","targetHints":{"allow":["GET"]}}],"collection":[{"href":"https:\/\/www.moskito.cz\/sk\/wp-json\/wp\/v2\/product"}],"about":[{"href":"https:\/\/www.moskito.cz\/sk\/wp-json\/wp\/v2\/types\/product"}],"replies":[{"embeddable":true,"href":"https:\/\/www.moskito.cz\/sk\/wp-json\/wp\/v2\/comments?post=355251"}],"wp:featuredmedia":[{"embeddable":true,"href":"https:\/\/www.moskito.cz\/sk\/wp-json\/wp\/v2\/media\/355199"}],"wp:attachment":[{"href":"https:\/\/www.moskito.cz\/sk\/wp-json\/wp\/v2\/media?parent=355251"}],"wp:term":[{"taxonomy":"pwb-brand","embeddable":true,"href":"https:\/\/www.moskito.cz\/sk\/wp-json\/wp\/v2\/pwb-brand?post=355251"},{"taxonomy":"product_brand","embeddable":true,"href":"https:\/\/www.moskito.cz\/sk\/wp-json\/wp\/v2\/product_brand?post=355251"},{"taxonomy":"product_cat","embeddable":true,"href":"https:\/\/www.moskito.cz\/sk\/wp-json\/wp\/v2\/product_cat?post=355251"},{"taxonomy":"product_tag","embeddable":true,"href":"https:\/\/www.moskito.cz\/sk\/wp-json\/wp\/v2\/product_tag?post=355251"}],"curies":[{"name":"wp","href":"https:\/\/api.w.org\/{rel}","templated":true}]}}