{"id":355758,"date":"2024-08-09T15:35:48","date_gmt":"2024-08-09T19:17:48","guid":{"rendered":"https:\/\/www.moskito.cz\/produkt\/vystrelovaci-noz-frank-beltrame-bayonet-buffalo-horn-33cm\/"},"modified":"2025-05-07T11:22:47","modified_gmt":"2025-05-07T10:22:47","slug":"vystrelovaci-noz-frank-beltrame-bayonet-buffalo-horn-33cm","status":"publish","type":"product","link":"https:\/\/www.moskito.cz\/sk\/produkt\/vystrelovaci-noz-frank-beltrame-bayonet-buffalo-horn-33cm\/","title":{"rendered":"Vystre\u013eovac\u00ed n\u00f4\u017e Frank Beltrame Bayonet Buffalo Horn 33cm"},"content":{"rendered":"<p>Vystre\u013eovac\u00ed n\u00f4\u017e <strong>Frank Beltrame<\/strong> Bayonet Buffalo Horn 33cm. Klasick\u00fd taliansky <strong>Stiletto Buffalo<\/strong> Horn, bajonet 28 cm, tradi\u010dn\u00fd taliansky pru\u017einov\u00fd n\u00f4\u017e, otvorenie \u010depele mus\u00ed prebehn\u00fa\u0165 v priebehu nieko\u013ek\u00fdch stot\u00edn sekundy (vlastnos\u0165 no\u017eov Stiletto). No\u017ee Frank Beltrame Stiletto, kompletne ru\u010dne vyroben\u00e9 pod\u013ea z\u00e1sad talianskeho remesla, sa presl\u00e1vili po celom svete v\u010faka svojej extr\u00e9mnej \u013eahkosti a odolnosti. Talianska d\u00fdka je v\u010faka svojim vlastnostiam vhodn\u00e1 na pou\u017eitie v akomko\u013evek prostred\u00ed, od lovu a\u017e po kempovanie. Pevn\u00e1, odoln\u00e1 kon\u0161trukcia, siln\u00e1 pru\u017eina otv\u00e1raj\u00faca \u010depe\u013e je znakom klasick\u00fdch talianskych pru\u017einov\u00fdch p\u00e1sov <strong>Frank Beltrame<\/strong> . Rukov\u00e4\u0165 &#8211; pokryt\u00e1 oblo\u017een\u00edm z byvolieho rohu zd\u00f4raz\u0148uje exkluz\u00edvny vzh\u013ead. S povrchovou \u00fapravou z le\u0161ten\u00e9ho niklu poskytuje pohodln\u00e9 a bezpe\u010dn\u00e9 uchopenie. Bezpe\u010dnos\u0165 pou\u017e\u00edvania zvy\u0161uje ergonomick\u00fd tvar rukov\u00e4te, ktor\u00fd zabra\u0148uje sk\u013aznutiu ruky pri pr\u00e1ci. Nity z mosadze. \u010cepe\u013e &#8211; extr\u00e9mne ostr\u00e1, presn\u00e1 \u010depe\u013e s profilom Spear Point (Bayonet), hr\u00fabka 3,5 mm, ktor\u00e1 zvy\u0161uje prierazn\u00e9 vlastnosti falo\u0161nej \u010depele. Vyroben\u00e9 z nerezovej ocele AISI 420 MA5M, \u013eahko sa br\u00fasi, vyzna\u010duje sa vysokou odolnos\u0165ou proti kor\u00f3zii. Kalen\u00e1 oce\u013e 56 HRC. Oby\u010dajn\u00fd typ \u010depele odvoden\u00fd od ploch\u00e9ho br\u00fasenia poskytuje dobr\u00e9 rezn\u00e9 a penetra\u010dn\u00e9 vlastnosti. Oce\u013eov\u00e1 z\u00e1\u0161tita chr\u00e1ni ruku pred nechcen\u00fdm sk\u013aznut\u00edm a stla\u010den\u00edm umo\u017e\u0148uje zlo\u017eenie \u010depele. Z\u00e1mok &#8211; zabra\u0148uje n\u00e1hodn\u00e9mu zlo\u017eeniu alebo otvoreniu \u010depele. Otv\u00e1ranie automatick\u00e9ho no\u017ea sa vykon\u00e1va pomocou pevn\u00e9ho tla\u010didla umiestnen\u00e9ho na rukov\u00e4ti. Pru\u017eina &#8211; zvl\u00e1\u0161tna pozornos\u0165 je venovan\u00e1 prevedeniu pru\u017einy (nerezov\u00e1 oce\u013e): \u010depe\u013e je nutn\u00e9 otvori\u0165 v priebehu nieko\u013ek\u00fdch stot\u00edn sekundy (vlastnos\u0165 no\u017eov Stiletto). N\u00f4\u017e Beltrame pri otv\u00e1ran\u00ed \u010depele vyd\u00e1va charakteristick\u00fd zvuk (cvaknutie), ktor\u00fd ho odli\u0161uje od ostatn\u00fdch pru\u017einov\u00fdch no\u017eov. Technick\u00e9 \u00fadaje: \u010c\u00edslo produktu: FB 33\/58B N\u00e1zov: Klasick\u00fd taliansky Stiletto Buffalo Horn, bajonet 33 Typ ocele: AISI 420 MA5M Tvrdos\u0165 \u010depele Rockwell: 56 HRC D\u013a\u017eka \u010depele: 14 cm Hr\u00fabka \u010depele: 0.35 cm Celkov\u00e1 Typ \u010depele: Spear Point (bajonet) Z\u00e1mok no\u017ea: \u00c1no Typ rukov\u00e4te: Bull Horn V\u00fdrobca: F.LLI Beltrame, Taliansko  &nbsp;<\/p>\n","protected":false},"excerpt":{"rendered":"<p><strong>No\u017ee Beltrame sa vyr\u00e1baj\u00fa v Taliansku od roku 1953. Firmu zalo\u017eil Frank Beltram. Tajomstvo v\u00fdroby t\u00fdchto Stiletto no\u017eov, je s\u00fa\u010das\u0165ou hist\u00f3rie Maniago, ktor\u00e9 bolo odovzd\u00e1van\u00e9 z otca na syna.<\/strong><br \/>\n<strong>Made in Italy.<\/strong><\/p>\n","protected":false},"featured_media":355377,"comment_status":"open","ping_status":"closed","template":"","meta":[],"pwb-brand":[3536],"product_brand":[],"product_cat":[3186,3197],"product_tag":[3668],"class_list":{"0":"post-355758","1":"product","2":"type-product","3":"status-publish","4":"has-post-thumbnail","6":"pwb-brand-beltrame-sk","7":"product_cat-noze-sk","8":"product_cat-vystrelovacie-noze-sk","9":"product_tag-b2b-sk","11":"first","12":"outofstock","13":"taxable","14":"shipping-taxable","15":"purchasable","16":"product-type-simple"},"brands":[{"id":3536,"name":"Beltrame","slug":"beltrame-sk"}],"_links":{"self":[{"href":"https:\/\/www.moskito.cz\/sk\/wp-json\/wp\/v2\/product\/355758","targetHints":{"allow":["GET"]}}],"collection":[{"href":"https:\/\/www.moskito.cz\/sk\/wp-json\/wp\/v2\/product"}],"about":[{"href":"https:\/\/www.moskito.cz\/sk\/wp-json\/wp\/v2\/types\/product"}],"replies":[{"embeddable":true,"href":"https:\/\/www.moskito.cz\/sk\/wp-json\/wp\/v2\/comments?post=355758"}],"wp:featuredmedia":[{"embeddable":true,"href":"https:\/\/www.moskito.cz\/sk\/wp-json\/wp\/v2\/media\/355377"}],"wp:attachment":[{"href":"https:\/\/www.moskito.cz\/sk\/wp-json\/wp\/v2\/media?parent=355758"}],"wp:term":[{"taxonomy":"pwb-brand","embeddable":true,"href":"https:\/\/www.moskito.cz\/sk\/wp-json\/wp\/v2\/pwb-brand?post=355758"},{"taxonomy":"product_brand","embeddable":true,"href":"https:\/\/www.moskito.cz\/sk\/wp-json\/wp\/v2\/product_brand?post=355758"},{"taxonomy":"product_cat","embeddable":true,"href":"https:\/\/www.moskito.cz\/sk\/wp-json\/wp\/v2\/product_cat?post=355758"},{"taxonomy":"product_tag","embeddable":true,"href":"https:\/\/www.moskito.cz\/sk\/wp-json\/wp\/v2\/product_tag?post=355758"}],"curies":[{"name":"wp","href":"https:\/\/api.w.org\/{rel}","templated":true}]}}