{"id":355942,"date":"2024-08-11T11:44:28","date_gmt":"2024-08-11T10:46:22","guid":{"rendered":"https:\/\/www.moskito.cz\/produkt\/vystrelovaci-noz-beltrame-wood-kriss-28cm\/"},"modified":"2025-05-07T11:22:52","modified_gmt":"2025-05-07T10:22:52","slug":"vystrelovaci-noz-beltrame-wood-kriss-28cm","status":"publish","type":"product","link":"https:\/\/www.moskito.cz\/sk\/produkt\/vystrelovaci-noz-beltrame-wood-kriss-28cm\/","title":{"rendered":"Vystre\u013eovac\u00ed N\u00f4\u017e Beltrame Wood Kriss 28cm"},"content":{"rendered":"<p>Vystre\u013eovac\u00ed N\u00f4\u017e <strong>Beltrame<\/strong> Wood Kriss 28cm. Frank Beltrame Kris Black 28cm, tradi\u010dn\u00fd taliansky jarn\u00fd n\u00f4\u017e. No\u017ee Frank Beltrame Stiletto, ru\u010dne vyroben\u00e9 pod\u013ea z\u00e1sad talianskeho remesla, sa stali svetovo presl\u00e1ven\u00fdmi pre svoju extr\u00e9mnu \u013eahkos\u0165 a odolnos\u0165. Talianska d\u00fdka je v\u010faka svojim vlastnostiam vhodn\u00e1 na pou\u017eitie v akomko\u013evek prostred\u00ed, od lovu a\u017e po kempovanie. Robustn\u00e1, odoln\u00e1 kon\u0161trukcia, siln\u00e1 pru\u017eina otv\u00e1rania \u010depele, to je vlastnos\u0165 klasick\u00fdch talianskych pru\u017einov\u00fdch no\u017eov Frank Beltrame. Rukov\u00e4\u0165 \u2013 kryt\u00e1 tvrd\u00fdmi polym\u00e9rov\u00fdmi gripmi v \u010diernej farbe. S povrchovou \u00fapravou z le\u0161ten\u00e9ho niklu poskytuje pohodln\u00e9 a bezpe\u010dn\u00e9 uchopenie. Bezpe\u010dnos\u0165 pou\u017e\u00edvania zvy\u0161uje ergonomick\u00fd tvar rukov\u00e4te, ktor\u00fd zabra\u0148uje sk\u013aznutiu ruky pri pr\u00e1ci. Nity z mosadze. Kris, \u010di\u017ee keris, je indon\u00e9zska asymetrick\u00e1 d\u00fdka, zbra\u0148 aj duchovn\u00fd predmet, s v\u00fdrazn\u00fdm vzorom \u010depele z\u00edskan\u00fdm striedav\u00fdm laminovan\u00edm \u017eeleza a poniklovan\u00e9ho \u017eeleza. Kris poch\u00e1dzaj\u00faci z J\u00e1vy je zn\u00e1my svojou charakteristickou zvlnenou \u010depe\u013eou, aj ke\u010f mnoho z nich m\u00e1 tie\u017e rovn\u00e9 \u010depele, a je jednou zo zbran\u00ed be\u017ene pou\u017e\u00edvan\u00fdch v indon\u00e9zskom bojovom umen\u00ed pencak silat. \u010cepe\u013e \u2013 extr\u00e9mne ostr\u00e1 s profilom Kris, hr\u00fabka 3,5 mm s falo\u0161nou \u010depe\u013eou na zv\u00fd\u0161enie prierazn\u00fdch vlastnost\u00ed. Vyroben\u00e9 z \u013eahko br\u00fasite\u013enej nerezovej ocele AISI 420 MA5M, vyzna\u010duj\u00face sa vysokou odolnos\u0165ou proti kor\u00f3zii. Kalen\u00e1 oce\u013e 56 HRC. Oby\u010dajn\u00fd typ \u010depele odvoden\u00fd od ploch\u00e9ho br\u00fasenia pre dobr\u00e9 rezn\u00e9 a penetra\u010dn\u00e9 vlastnosti. St\u00e9la chr\u00e1ni ruku pred nechcen\u00fdm sk\u013aznut\u00edm a jej stla\u010den\u00edm je mo\u017en\u00e9 \u010depe\u013e zlo\u017ei\u0165. Z\u00e1mok \u2013 chr\u00e1ni proti n\u00e1hodn\u00e9mu zlo\u017eeniu alebo otvoreniu \u010depele. Otv\u00e1ranie automatick\u00e9ho no\u017ea sa vykon\u00e1va pevn\u00fdm tla\u010didlom umiestnen\u00fdm na rukov\u00e4ti. Pru\u017eina \u2013 zvl\u00e1\u0161tna pozornos\u0165 je venovan\u00e1 kon\u0161trukcii pru\u017e\u00edn (nerezov\u00e1 oce\u013e): otvorenie \u010depele mus\u00ed prebehn\u00fa\u0165 v priebehu nieko\u013ek\u00fdch stot\u00edn sekundy (vlastnos\u0165 no\u017eov Stiletto). Folder Beltrame pri otv\u00e1ran\u00ed \u010depele vyd\u00e1va charakteristick\u00fd zvuk (cvaknutie), ktor\u00fd ho odli\u0161uje od ostatn\u00fdch pru\u017einov\u00fdch no\u017eov. Technick\u00e9 \u00fadaje: \u010c\u00edslo produktu: 28\/82K N\u00e1zov produktu: Frank Beltrame Kris Black 23cm. Celkov\u00e1 d\u013a\u017eka: 28 cm D\u013a\u017eka \u010depele: 12 cm Hr\u00fabka \u010depele: 0.35 cm Hmotnos\u0165: 108,0 g \/ 3,81 oz Materi\u00e1l \u010depele: AISI 420 MA5M Tvrdos\u0165 \u010depele: 56 HRC Br\u00fasenie \u010depele: Nerezov\u00e1 Materi\u00e1l rukov\u00e4\u0165: ploch\u00e9 Materi\u00e1l rukov\u00e4\u0165: ploch\u00e9 <\/p>\n","protected":false},"excerpt":{"rendered":"<div class=\"elementor-element elementor-element-bbb542b elementor-widget elementor-widget-woocommerce-product-short-description\" data-id=\"bbb542b\" data-element_type=\"widget\" data-widget_type=\"woocommerce-product-short-description.default\">\n<div class=\"elementor-widget-container\">\n<div class=\"woocommerce-product-details__short-description\">\n<p><strong>No\u017ee Beltrame sa vyr\u00e1baj\u00fa v Taliansku od roku 1953. Firmu zalo\u017eil Frank Beltram. Tajomstvo v\u00fdroby t\u00fdchto Stiletto no\u017eov, je s\u00fa\u010das\u0165ou hist\u00f3rie Maniago, ktor\u00e9 bolo odovzd\u00e1van\u00e9 z otca na syna.<\/strong><br \/>\n<strong>Made in Italy.<\/strong><\/p>\n<\/div>\n<\/div>\n<\/div>\n","protected":false},"featured_media":355931,"comment_status":"open","ping_status":"closed","template":"","meta":[],"pwb-brand":[3536],"product_brand":[],"product_cat":[3186,3197],"product_tag":[3668],"class_list":{"0":"post-355942","1":"product","2":"type-product","3":"status-publish","4":"has-post-thumbnail","6":"pwb-brand-beltrame-sk","7":"product_cat-noze-sk","8":"product_cat-vystrelovacie-noze-sk","9":"product_tag-b2b-sk","11":"first","12":"instock","13":"taxable","14":"shipping-taxable","15":"purchasable","16":"product-type-simple"},"brands":[{"id":3536,"name":"Beltrame","slug":"beltrame-sk"}],"_links":{"self":[{"href":"https:\/\/www.moskito.cz\/sk\/wp-json\/wp\/v2\/product\/355942","targetHints":{"allow":["GET"]}}],"collection":[{"href":"https:\/\/www.moskito.cz\/sk\/wp-json\/wp\/v2\/product"}],"about":[{"href":"https:\/\/www.moskito.cz\/sk\/wp-json\/wp\/v2\/types\/product"}],"replies":[{"embeddable":true,"href":"https:\/\/www.moskito.cz\/sk\/wp-json\/wp\/v2\/comments?post=355942"}],"wp:featuredmedia":[{"embeddable":true,"href":"https:\/\/www.moskito.cz\/sk\/wp-json\/wp\/v2\/media\/355931"}],"wp:attachment":[{"href":"https:\/\/www.moskito.cz\/sk\/wp-json\/wp\/v2\/media?parent=355942"}],"wp:term":[{"taxonomy":"pwb-brand","embeddable":true,"href":"https:\/\/www.moskito.cz\/sk\/wp-json\/wp\/v2\/pwb-brand?post=355942"},{"taxonomy":"product_brand","embeddable":true,"href":"https:\/\/www.moskito.cz\/sk\/wp-json\/wp\/v2\/product_brand?post=355942"},{"taxonomy":"product_cat","embeddable":true,"href":"https:\/\/www.moskito.cz\/sk\/wp-json\/wp\/v2\/product_cat?post=355942"},{"taxonomy":"product_tag","embeddable":true,"href":"https:\/\/www.moskito.cz\/sk\/wp-json\/wp\/v2\/product_tag?post=355942"}],"curies":[{"name":"wp","href":"https:\/\/api.w.org\/{rel}","templated":true}]}}