{"id":356013,"date":"2024-08-12T10:46:56","date_gmt":"2024-08-12T09:47:54","guid":{"rendered":"https:\/\/www.moskito.cz\/produkt\/vystrelovaci-noz-beltrame-stiletto-pearl-bayonet-28cm\/"},"modified":"2025-05-07T11:22:55","modified_gmt":"2025-05-07T10:22:55","slug":"vystrelovaci-noz-beltrame-stiletto-pearl-bayonet-28cm","status":"publish","type":"product","link":"https:\/\/www.moskito.cz\/sk\/produkt\/vystrelovaci-noz-beltrame-stiletto-pearl-bayonet-28cm\/","title":{"rendered":"Vystre\u013eovac\u00ed n\u00f4\u017e Beltrame Stiletto Pearl Bayonet 28cm"},"content":{"rendered":"<p>Vystre\u013eovac\u00ed n\u00f4\u017e <strong>Beltrame<\/strong> Stiletto Pearl Bayonet 28cm. Taliansky Stiletto White Pearl Bayonet 28 cm, tradi\u010dn\u00fd taliansky pru\u017einov\u00fd n\u00f4\u017e vyzna\u010duj\u00faci sa r\u00fdchlym otvoren\u00edm \u010depele trvaj\u00facim nieko\u013eko stot\u00edn sekundy \u2013 to je charakteristick\u00fd rys automatick\u00fdch no\u017eov Stiletto. Pevn\u00e1, odoln\u00e1 kon\u0161trukcia a siln\u00e1 pru\u017eina otv\u00e1raj\u00faca \u010depe\u013e s\u00fa vlastnosti klasick\u00fdch talianskych pru\u017einov\u00fdch no\u017eov Franka Beltramea. Kompletne ru\u010dne vyroben\u00e9, pod\u013ea z\u00e1sad talianskeho remesla, sa no\u017ee Stiletto presl\u00e1vili po celom svete v\u010faka svojej v\u00fdnimo\u010dnej \u013eahkosti a odolnosti. \u010cepe\u013e &#8211; extr\u00e9mne ostr\u00e1 presn\u00e1 \u010depe\u013e s profilom Spear Point (Bayonet), hr\u00fabka 3,5 mm, s falo\u0161nou \u010depe\u013eou zvy\u0161uj\u00facou prierazn\u00e9 vlastnosti. 56 HRC kalen\u00e1 \u010depe\u013e, vyroben\u00e1 z W.1.4034 &#8211; nerezov\u00e1 chr\u00f3mov\u00e1 oce\u013e, s martenzitickou \u0161trukt\u00farou, dobrou odolnos\u0165ou proti kor\u00f3zii a dobrou le\u0161tite\u013enos\u0165ou.      Oby\u010dajn\u00fd typ \u010depele odvoden\u00fd od ploch\u00e9ho br\u00fasenia poskytuje dobr\u00e9 rezn\u00e9 a penetra\u010dn\u00e9 vlastnosti. Oce\u013eov\u00e1 z\u00e1\u0161tita chr\u00e1ni ruku pred nechcen\u00fdm sk\u013aznut\u00edm a stla\u010den\u00edm umo\u017e\u0148uje zlo\u017eenie \u010depele. Rukov\u00e4\u0165 &#8211; potiahnut\u00e1 imit\u00e1ciou perlete, zakon\u010den\u00e1 le\u0161ten\u00fdmi niklov\u00fdmi podhlavn\u00edkmi, poskytuje pohodln\u00e9 a bezpe\u010dn\u00e9 uchopenie. Bezpe\u010dnos\u0165 pou\u017e\u00edvania zais\u0165uje ergonomick\u00fd tvar rukov\u00e4te, ktor\u00fd zabra\u0148uje sk\u013aznutiu ruky pri pr\u00e1ci.  Nity z mosadze. Pru\u017eina &#8211; zvl\u00e1\u0161tna pozornos\u0165 je venovan\u00e1 prevedeniu pru\u017einy (nerezov\u00e1 oce\u013e): \u010depe\u013e je nutn\u00e9 otvori\u0165 v priebehu nieko\u013ek\u00fdch stot\u00edn sekundy (vlastnos\u0165 no\u017eov Stiletto). Zlo\u017eka Beltrame pri otv\u00e1ran\u00ed \u010depele vyd\u00e1va charakteristick\u00fd zvuk (cvaknutie), ktor\u00fd ho odli\u0161uje od ostatn\u00fdch pru\u017einov\u00fdch no\u017eov. Z\u00e1mok &#8211; zabra\u0148uje n\u00e1hodn\u00e9mu zlo\u017eeniu alebo otvoreniu \u010depele. Otv\u00e1ranie automatick\u00e9ho no\u017ea sa vykon\u00e1va pomocou pevn\u00e9ho tla\u010didla umiestnen\u00e9ho na rukov\u00e4ti. Technick\u00e9 \u00fadaje: \u010c\u00edslo produktu: FB 28\/36BD N\u00e1zov: Classic Italian Stiletto White Pearl Bayonet yp ocele: W.1.4034 Tvrdos\u0165 \u010depele Rockwell: 56 HRC D\u013a\u017eka \u010depele: 12 cm Hr\u00fabka \u010depele: 0.35 cm Celkov\u00e1 d\u013a\u017eka: 28 cm 3,70 oz \u010cepe\u013e: Oby\u010dajn\u00e1 Z\u00e1mok no\u017ea: \u00c1no Typ rukov\u00e4te: White Pearl (imit\u00e1cia perleti) V\u00fdrobca: F.LLI Beltrame, Taliansko  &nbsp;<\/p>\n","protected":false},"excerpt":{"rendered":"<div class=\"elementor-element elementor-element-bbb542b elementor-widget elementor-widget-woocommerce-product-short-description\" data-id=\"bbb542b\" data-element_type=\"widget\" data-widget_type=\"woocommerce-product-short-description.default\">\n<div class=\"elementor-widget-container\">\n<div class=\"woocommerce-product-details__short-description\">\n<div class=\"elementor-element elementor-element-bbb542b elementor-widget elementor-widget-woocommerce-product-short-description\" data-id=\"bbb542b\" data-element_type=\"widget\" data-widget_type=\"woocommerce-product-short-description.default\">\n<div class=\"elementor-widget-container\">\n<div class=\"woocommerce-product-details__short-description\">\n<div class=\"elementor-element elementor-element-bbb542b elementor-widget elementor-widget-woocommerce-product-short-description\" data-id=\"bbb542b\" data-element_type=\"widget\" data-widget_type=\"woocommerce-product-short-description.default\">\n<div class=\"elementor-widget-container\">\n<div class=\"woocommerce-product-details__short-description\">\n<p><strong>No\u017ee Beltrame sa vyr\u00e1baj\u00fa v Taliansku od roku 1953. Firmu zalo\u017eil Frank Beltram. Tajomstvo v\u00fdroby t\u00fdchto Stiletto no\u017eov, je s\u00fa\u010das\u0165ou hist\u00f3rie Maniago, ktor\u00e9 bolo odovzd\u00e1van\u00e9 z otca na syna.<\/strong><br \/>\n<strong>Made in Italy.<\/strong><\/p>\n<\/div>\n<\/div>\n<\/div>\n<\/div>\n<\/div>\n<\/div>\n<\/div>\n<\/div>\n<\/div>\n","protected":false},"featured_media":355984,"comment_status":"open","ping_status":"closed","template":"","meta":[],"pwb-brand":[3536],"product_brand":[],"product_cat":[3186,3197],"product_tag":[3668],"class_list":{"0":"post-356013","1":"product","2":"type-product","3":"status-publish","4":"has-post-thumbnail","6":"pwb-brand-beltrame-sk","7":"product_cat-noze-sk","8":"product_cat-vystrelovacie-noze-sk","9":"product_tag-b2b-sk","11":"first","12":"outofstock","13":"taxable","14":"shipping-taxable","15":"purchasable","16":"product-type-simple"},"brands":[{"id":3536,"name":"Beltrame","slug":"beltrame-sk"}],"_links":{"self":[{"href":"https:\/\/www.moskito.cz\/sk\/wp-json\/wp\/v2\/product\/356013","targetHints":{"allow":["GET"]}}],"collection":[{"href":"https:\/\/www.moskito.cz\/sk\/wp-json\/wp\/v2\/product"}],"about":[{"href":"https:\/\/www.moskito.cz\/sk\/wp-json\/wp\/v2\/types\/product"}],"replies":[{"embeddable":true,"href":"https:\/\/www.moskito.cz\/sk\/wp-json\/wp\/v2\/comments?post=356013"}],"wp:featuredmedia":[{"embeddable":true,"href":"https:\/\/www.moskito.cz\/sk\/wp-json\/wp\/v2\/media\/355984"}],"wp:attachment":[{"href":"https:\/\/www.moskito.cz\/sk\/wp-json\/wp\/v2\/media?parent=356013"}],"wp:term":[{"taxonomy":"pwb-brand","embeddable":true,"href":"https:\/\/www.moskito.cz\/sk\/wp-json\/wp\/v2\/pwb-brand?post=356013"},{"taxonomy":"product_brand","embeddable":true,"href":"https:\/\/www.moskito.cz\/sk\/wp-json\/wp\/v2\/product_brand?post=356013"},{"taxonomy":"product_cat","embeddable":true,"href":"https:\/\/www.moskito.cz\/sk\/wp-json\/wp\/v2\/product_cat?post=356013"},{"taxonomy":"product_tag","embeddable":true,"href":"https:\/\/www.moskito.cz\/sk\/wp-json\/wp\/v2\/product_tag?post=356013"}],"curies":[{"name":"wp","href":"https:\/\/api.w.org\/{rel}","templated":true}]}}