{"id":356120,"date":"2023-07-17T15:11:55","date_gmt":"2024-08-13T12:42:27","guid":{"rendered":"https:\/\/www.moskito.cz\/produkt\/pevny-noz-muela-95-191\/"},"modified":"2025-05-07T11:22:58","modified_gmt":"2025-05-07T10:22:58","slug":"pevny-noz-muela-95-191","status":"publish","type":"product","link":"https:\/\/www.moskito.cz\/sk\/produkt\/pevny-noz-muela-95-191\/","title":{"rendered":"Pevn\u00fd N\u00f4\u017e Muela 95-191"},"content":{"rendered":"<p>Pevn\u00fd N\u00f4\u017e <strong>Muela<\/strong> 95-191 Ak ste milovn\u00edkmi outdoorov\u00fdch dobrodru\u017estiev a h\u013ead\u00e1te kvalitn\u00fd n\u00f4\u017e, n\u00f4\u017e Muela 95-191 je pre v\u00e1s ide\u00e1lnou vo\u013ebou. Tento dobrodru\u017en\u00fd n\u00f4\u017e je produktom prest\u00ed\u017eneho v\u00fdrobcu Muela, ktor\u00fd vyr\u00e1ba vysoko kvalitn\u00e9 rezn\u00e9 n\u00e1stroje u\u017e viac ako 60 rokov. \u010cepe\u013e no\u017ea 95-191 je vyroben\u00e1 z pr\u00e9miovej ocele 420H, ktor\u00e1 mu dod\u00e1va vysok\u00fa tvrdos\u0165 57-58 HRC, \u010do znamen\u00e1, \u017ee je schopn\u00fd udr\u017ea\u0165 si ostrie po dlh\u00fa dobu. \u010cepe\u013e m\u00e1 navy\u0161e ve\u013ekos\u0165 19 cm, v\u010faka \u010domu je ide\u00e1lna pre \u0161irok\u00fa \u0161k\u00e1lu pou\u017eitia. Rukov\u00e4\u0165 no\u017ea Muela 95-191 je vyroben\u00e1 z \u010diernej gumy, ktor\u00e1 poskytuje pevn\u00fd a ist\u00fd \u00fachop aj v s\u0165a\u017een\u00fdch podmienkach. T\u00e1to funkcia je u\u017eito\u010dn\u00e1 najm\u00e4 pri vonkaj\u0161\u00edch aktivit\u00e1ch, kedy sa n\u00f4\u017e m\u00f4\u017ee namo\u010di\u0165 alebo za\u0161pini\u0165. \u00dachop je tie\u017e ve\u013emi pohodln\u00fd a perfektne padne do ruky pou\u017e\u00edvate\u013ea, \u010d\u00edm zni\u017euje \u00fanavu pri dlh\u0161om pou\u017e\u00edvan\u00ed. N\u00f4\u017e je navy\u0161e dod\u00e1van\u00fd s ko\u017een\u00fdm puzdrom, ktor\u00e9 zais\u0165uje a chr\u00e1ni \u010depe\u013e, ke\u010f sa nepou\u017e\u00edva. Po\u0161va je ve\u013emi pevn\u00e1, odoln\u00e1 a bola navrhnut\u00e1 \u0161peci\u00e1lne pre tento n\u00f4\u017e, \u010do znamen\u00e1, \u017ee dobre sed\u00ed, aby sa zabr\u00e1nilo sk\u013aznutiu a aby bol v\u017edy chr\u00e1nen\u00fd. N\u00f4\u017e Muela 95-191 m\u00e1 na svoje rozmery celkov\u00fa ve\u013ekos\u0165 31,5 cm a hmotnos\u0165 390 gramov, \u010do u\u013eah\u010duje prepravu a manipul\u00e1ciu v ka\u017edej situ\u00e1cii. Ak h\u013ead\u00e1te kvalitn\u00fd, odoln\u00fd a spo\u013eahliv\u00fd n\u00f4\u017e pre va\u0161e outdoorov\u00e9 dobrodru\u017estv\u00e1, n\u00f4\u017e Muela 95-191 je vynikaj\u00facou vo\u013ebou. Z\u00edskajte ten svoj a u\u017eite si jedine\u010dn\u00fd z\u00e1\u017eitok z rezania! \u010cepe\u013e z vysoko kvalitnej ocele 420H a tvrdos\u0165 57-58 HRC \u010cierna gumov\u00e1 rukov\u00e4\u0165 pre pevn\u00fd a pohodln\u00fd \u00fachop Siln\u00e9 a odoln\u00e9 ko\u017een\u00e9 puzdro Celkov\u00e1 ve\u013ekos\u0165 31,5 cm a hmotnos\u0165 390 gramov              &nbsp;<\/p>\n","protected":false},"excerpt":{"rendered":"<p><strong>Ak ste milovn\u00edkmi outdoorov\u00fdch dobrodru\u017estiev a h\u013ead\u00e1te kvalitn\u00fd n\u00f4\u017e, n\u00f4\u017e Muela 95-191 je pre v\u00e1s ide\u00e1lnou vo\u013ebou.<\/strong><\/p>\n","protected":false},"featured_media":254194,"comment_status":"open","ping_status":"closed","template":"","meta":[],"pwb-brand":[3910],"product_brand":[],"product_cat":[3186,3187],"product_tag":[3668],"class_list":{"0":"post-356120","1":"product","2":"type-product","3":"status-publish","4":"has-post-thumbnail","6":"pwb-brand-muela-sk","7":"product_cat-noze-sk","8":"product_cat-pevne-noze-sk","9":"product_tag-b2b-sk","11":"first","12":"instock","13":"taxable","14":"shipping-taxable","15":"purchasable","16":"product-type-simple"},"brands":[{"id":3910,"name":"Muela","slug":"muela-sk"}],"_links":{"self":[{"href":"https:\/\/www.moskito.cz\/sk\/wp-json\/wp\/v2\/product\/356120","targetHints":{"allow":["GET"]}}],"collection":[{"href":"https:\/\/www.moskito.cz\/sk\/wp-json\/wp\/v2\/product"}],"about":[{"href":"https:\/\/www.moskito.cz\/sk\/wp-json\/wp\/v2\/types\/product"}],"replies":[{"embeddable":true,"href":"https:\/\/www.moskito.cz\/sk\/wp-json\/wp\/v2\/comments?post=356120"}],"wp:featuredmedia":[{"embeddable":true,"href":"https:\/\/www.moskito.cz\/sk\/wp-json\/wp\/v2\/media\/254194"}],"wp:attachment":[{"href":"https:\/\/www.moskito.cz\/sk\/wp-json\/wp\/v2\/media?parent=356120"}],"wp:term":[{"taxonomy":"pwb-brand","embeddable":true,"href":"https:\/\/www.moskito.cz\/sk\/wp-json\/wp\/v2\/pwb-brand?post=356120"},{"taxonomy":"product_brand","embeddable":true,"href":"https:\/\/www.moskito.cz\/sk\/wp-json\/wp\/v2\/product_brand?post=356120"},{"taxonomy":"product_cat","embeddable":true,"href":"https:\/\/www.moskito.cz\/sk\/wp-json\/wp\/v2\/product_cat?post=356120"},{"taxonomy":"product_tag","embeddable":true,"href":"https:\/\/www.moskito.cz\/sk\/wp-json\/wp\/v2\/product_tag?post=356120"}],"curies":[{"name":"wp","href":"https:\/\/api.w.org\/{rel}","templated":true}]}}