{"id":356139,"date":"2024-08-13T13:38:49","date_gmt":"2024-08-13T12:42:42","guid":{"rendered":"https:\/\/www.moskito.cz\/produkt\/pevny-noz-muela-scorpion-19w\/"},"modified":"2025-05-07T11:22:59","modified_gmt":"2025-05-07T10:22:59","slug":"pevny-noz-muela-scorpion-19w","status":"publish","type":"product","link":"https:\/\/www.moskito.cz\/sk\/produkt\/pevny-noz-muela-scorpion-19w\/","title":{"rendered":"Pevn\u00fd N\u00f4\u017e Muela SCORPION-19W"},"content":{"rendered":"<p>Pevn\u00fd N\u00f4\u017e <strong>Muela<\/strong> SCORPION-19W. Taktick\u00fd n\u00f4\u017e Muela m\u00e1 gumov\u00fa rukov\u00e4\u0165 a obojstrann\u00fa z\u00e1\u0161titu. Rukov\u00e4\u0165 je po celom povrchu zdrsnen\u00e1 vr\u00fabkovan\u00edm, na konci rukov\u00e4te je otvor s dut\u00fdm mosadzn\u00fdm nitom na prevle\u010denie \u0161n\u00fary na z\u00e1p\u00e4stie. Bojov\u00fd n\u00f4\u017e Muela Scorpion 19W vhodn\u00fd na bojov\u00e9 \u00fa\u010dely, sebaobranu, pre\u017eitie \u010di milovn\u00edkov vojensk\u00fdch no\u017eov. M\u00e1 pevn\u00fa \u010depe\u013e typu Dagger (d\u00fdka) s hladkou hranou z molybd\u00e9n-van\u00e1diovej ocele so sat\u00e9nov\u00fdm povrchom. S \u010diernou kovovou obojstrannou z\u00e1\u0161titou na ochranu ruky. Rukov\u00e4\u0165 je z \u010diernej gumy, s text\u00farovan\u00fdm povrchom proti k\u013azaniu v ruke. Celkov\u00e1 d\u013a\u017eka: 31 cm D\u013a\u017eka \u010depele: 19 cm Hmotnos\u0165: 441 g Materi\u00e1l \u010depele: X50CrMoV15 Materi\u00e1l rukov\u00e4te: guma Puzdro: \u010cierna ko\u017ea       <\/p>\n","protected":false},"excerpt":{"rendered":"<p><strong>Taktick\u00fd n\u00f4\u017e Muela m\u00e1 gumov\u00fa rukov\u00e4\u0165 a obojstrann\u00fa z\u00e1\u0161titu. Rukov\u00e4\u0165 je po celom povrchu zdrsnen\u00e1 vr\u00fabkovan\u00edm, na konci rukov\u00e4te je otvor s dut\u00fdm mosadzn\u00fdm nitom na prevle\u010denie \u0161n\u00fary na z\u00e1p\u00e4stie. <\/strong><\/p>\n","protected":false},"featured_media":356073,"comment_status":"open","ping_status":"closed","template":"","meta":[],"pwb-brand":[3910],"product_brand":[],"product_cat":[3187,3186],"product_tag":[3668],"class_list":{"0":"post-356139","1":"product","2":"type-product","3":"status-publish","4":"has-post-thumbnail","6":"pwb-brand-muela-sk","7":"product_cat-pevne-noze-sk","8":"product_cat-noze-sk","9":"product_tag-b2b-sk","11":"first","12":"outofstock","13":"taxable","14":"shipping-taxable","15":"purchasable","16":"product-type-simple"},"brands":[{"id":3910,"name":"Muela","slug":"muela-sk"}],"_links":{"self":[{"href":"https:\/\/www.moskito.cz\/sk\/wp-json\/wp\/v2\/product\/356139","targetHints":{"allow":["GET"]}}],"collection":[{"href":"https:\/\/www.moskito.cz\/sk\/wp-json\/wp\/v2\/product"}],"about":[{"href":"https:\/\/www.moskito.cz\/sk\/wp-json\/wp\/v2\/types\/product"}],"replies":[{"embeddable":true,"href":"https:\/\/www.moskito.cz\/sk\/wp-json\/wp\/v2\/comments?post=356139"}],"wp:featuredmedia":[{"embeddable":true,"href":"https:\/\/www.moskito.cz\/sk\/wp-json\/wp\/v2\/media\/356073"}],"wp:attachment":[{"href":"https:\/\/www.moskito.cz\/sk\/wp-json\/wp\/v2\/media?parent=356139"}],"wp:term":[{"taxonomy":"pwb-brand","embeddable":true,"href":"https:\/\/www.moskito.cz\/sk\/wp-json\/wp\/v2\/pwb-brand?post=356139"},{"taxonomy":"product_brand","embeddable":true,"href":"https:\/\/www.moskito.cz\/sk\/wp-json\/wp\/v2\/product_brand?post=356139"},{"taxonomy":"product_cat","embeddable":true,"href":"https:\/\/www.moskito.cz\/sk\/wp-json\/wp\/v2\/product_cat?post=356139"},{"taxonomy":"product_tag","embeddable":true,"href":"https:\/\/www.moskito.cz\/sk\/wp-json\/wp\/v2\/product_tag?post=356139"}],"curies":[{"name":"wp","href":"https:\/\/api.w.org\/{rel}","templated":true}]}}