{"id":356231,"date":"2024-08-13T13:55:06","date_gmt":"2024-08-13T20:03:33","guid":{"rendered":"https:\/\/www.moskito.cz\/produkt\/pevny-noz-muela-tanto-19w\/"},"modified":"2025-05-07T11:23:01","modified_gmt":"2025-05-07T10:23:01","slug":"pevny-noz-muela-tanto-19w","status":"publish","type":"product","link":"https:\/\/www.moskito.cz\/sk\/produkt\/pevny-noz-muela-tanto-19w\/","title":{"rendered":"Pevn\u00fd N\u00f4\u017e Muela TANTO-19W"},"content":{"rendered":"<p>Pevn\u00fd N\u00f4\u017e <strong>Muela<\/strong> TANTO-19W. <strong>Muela TANTO-19W<\/strong> n\u00f4\u017e s pevnou \u010depe\u013eou od \u0161panielskej spolo\u010dnosti Muela, kon\u0161trukcia full t\u00e1ng. Vyroben\u00e9 z molybd\u00e9n-van\u00e1diovej ocele MoVa. Extr\u00e9mne odoln\u00fd s mas\u00edvnou \u010depe\u013eou, vydr\u017e\u00ed ak\u00fako\u013evek pr\u00e1cu za v\u0161etk\u00fdch podmienok bez ak\u00e9hoko\u013evek po\u0161kodenia. Ide\u00e1lne na kempovanie ako taktick\u00fd n\u00f4\u017e, n\u00f4\u017e na pre\u017eitie, po\u013eovn\u00fd n\u00f4\u017e, n\u00f4\u017e EDC. \u010cepe\u013e je mas\u00edvna s profilom Tanto, hr\u00fabka 5,4 mm, kalen\u00e1 v rozmedz\u00ed 57-58 HRC. Vyroben\u00e9 z nerezovej ocele X50CrMoV15, h\u00fa\u017eevnat\u00e9, s dobrou ostros\u0165ou, molybd\u00e9n-van\u00e1diov\u00e1 oce\u013e. \u010cepe\u013e je pokryt\u00e1 nereflexn\u00fdm satinov\u00fdm povrchom (polomatn\u00fdm), ktor\u00fd eliminuje oslnenie. Hladk\u00fd kot\u00fa\u010d, oby\u010dajn\u00fd typ, s dut\u00fdm br\u00fasen\u00edm, poskytuje dobr\u00e9 rezn\u00e9 vlastnosti. Rukov\u00e4\u0165 je potiahnut\u00e1 tvrdenou syntetickou gumou v \u010diernej farbe, zaru\u010duje ve\u013emi dobr\u00fd \u00fachop. N\u00f4\u017e nevyk\u013azne z ruky a siln\u00fd a bezpe\u010dn\u00fd \u00fachop v\u00e1m umo\u017e\u0148uje vykon\u00e1va\u0165 presn\u00e9 pohyby s no\u017eom.          V zadnej \u010dasti rukov\u00e4te je zv\u00e4\u010d\u0161en\u00fd otvor pre lano. Puzdro je ko\u017een\u00e9 \u010dierne, upevnen\u00e9 z\u00e1padkou, umo\u017e\u0148uje bezpe\u010dn\u00fd prenos no\u017ea. Vyroben\u00e9 z ko\u017ee a vodeodoln\u00e9ho nylonu. Okraje po\u0161vy boli pre\u0161it\u00e9 ozdobnou ni\u0165ou. Na ko\u017ei n\u00e1pis MUELA TACTICAL KNIVES. Po\u0161va m\u00e1 upevnenie na opasok alebo vybavenie, ktor\u00e9 v\u00e1m umo\u017en\u00ed n\u00f4\u017e nosi\u0165 vo zvislej polohe. Oce\u013e: X50CrMoV15 D\u013a\u017eka \u010depele: 19 cm Hr\u00fabka \u010depele: 0.54 cm Celkov\u00e1 d\u013a\u017eka: 3.23 cm Hmotnos\u0165: 330 g Typ \u010depele: Tanto Materi\u00e1l rukov\u00e4te: Guma Po\u0161va: Ko\u017ea a nylon V\u00fdrobca: Muela, \u0160panielsko     <\/p>\n","protected":false},"excerpt":{"rendered":"<p><strong>Pevn\u00fd n\u00f4\u017e od \u0161panielskej firmy Muela s \u010depe\u013eou typu tanto na univerz\u00e1lne pou\u017eitie.<\/strong><\/p>\n","protected":false},"featured_media":356150,"comment_status":"open","ping_status":"closed","template":"","meta":[],"pwb-brand":[3910],"product_brand":[],"product_cat":[3186,3187],"product_tag":[3668],"class_list":{"0":"post-356231","1":"product","2":"type-product","3":"status-publish","4":"has-post-thumbnail","6":"pwb-brand-muela-sk","7":"product_cat-noze-sk","8":"product_cat-pevne-noze-sk","9":"product_tag-b2b-sk","11":"first","12":"instock","13":"taxable","14":"shipping-taxable","15":"purchasable","16":"product-type-simple"},"brands":[{"id":3910,"name":"Muela","slug":"muela-sk"}],"_links":{"self":[{"href":"https:\/\/www.moskito.cz\/sk\/wp-json\/wp\/v2\/product\/356231","targetHints":{"allow":["GET"]}}],"collection":[{"href":"https:\/\/www.moskito.cz\/sk\/wp-json\/wp\/v2\/product"}],"about":[{"href":"https:\/\/www.moskito.cz\/sk\/wp-json\/wp\/v2\/types\/product"}],"replies":[{"embeddable":true,"href":"https:\/\/www.moskito.cz\/sk\/wp-json\/wp\/v2\/comments?post=356231"}],"wp:featuredmedia":[{"embeddable":true,"href":"https:\/\/www.moskito.cz\/sk\/wp-json\/wp\/v2\/media\/356150"}],"wp:attachment":[{"href":"https:\/\/www.moskito.cz\/sk\/wp-json\/wp\/v2\/media?parent=356231"}],"wp:term":[{"taxonomy":"pwb-brand","embeddable":true,"href":"https:\/\/www.moskito.cz\/sk\/wp-json\/wp\/v2\/pwb-brand?post=356231"},{"taxonomy":"product_brand","embeddable":true,"href":"https:\/\/www.moskito.cz\/sk\/wp-json\/wp\/v2\/product_brand?post=356231"},{"taxonomy":"product_cat","embeddable":true,"href":"https:\/\/www.moskito.cz\/sk\/wp-json\/wp\/v2\/product_cat?post=356231"},{"taxonomy":"product_tag","embeddable":true,"href":"https:\/\/www.moskito.cz\/sk\/wp-json\/wp\/v2\/product_tag?post=356231"}],"curies":[{"name":"wp","href":"https:\/\/api.w.org\/{rel}","templated":true}]}}