{"id":356309,"date":"2023-07-17T15:55:37","date_gmt":"2024-08-14T08:31:26","guid":{"rendered":"https:\/\/www.moskito.cz\/produkt\/pevny-noz-muela-caribu-ol\/"},"modified":"2025-05-07T11:23:05","modified_gmt":"2025-05-07T10:23:05","slug":"pevny-noz-muela-caribu-ol","status":"publish","type":"product","link":"https:\/\/www.moskito.cz\/sk\/produkt\/pevny-noz-muela-caribu-ol\/","title":{"rendered":"Pevn\u00fd N\u00f4\u017e Muela CARIBU.OL"},"content":{"rendered":"<p>Pevn\u00fd N\u00f4\u017e <strong>Muela<\/strong> CARIBU.OL Loveck\u00fd a \u0161portov\u00fd n\u00f4\u017e vyr\u00e1ban\u00fd \u0161panielskou firmou Muela model CARIBU.OL, vhodn\u00fd najm\u00e4 na dokon\u010dovacie pr\u00e1ce a lov. Jednodielna \u010depe\u013e z ocele MoVa (1.4116). Rukov\u00e4\u0165 z olivov\u00e9ho dreva. Mosadzn\u00e1 z\u00e1\u0161tita a hlavica. Hned\u00e9 ko\u017een\u00e9 puzdro. Caribu.G, origin\u00e1lny n\u00f4\u017e Remate od \u0161panielskej firmy <strong>Muela<\/strong> . Vysok\u00e1 kvalita pou\u017eit\u00fdch materi\u00e1lov a prec\u00edzne spracovanie. Ide\u00e1lny n\u00f4\u017e pre zberate\u013eov, loveck\u00fdch nad\u0161encov, \u013eud\u00ed, ktor\u00ed ocenia akt\u00edvny \u017eivotn\u00fd \u0161t\u00fdl. REMATE &#8211; v po\u013eovn\u00edckej trad\u00edcii \u0160panielska, Portugalska a ju\u017en\u00e9ho Franc\u00fazska n\u00f4\u017e, ktor\u00fd nosili lovci pri love diviakov so psami. REMATE v doslovnom preklade znamen\u00e1 &#8222;dokon\u010di\u0165 \/ dokon\u010di\u0165&#8220;. T\u00fdmto slovom sa ozna\u010duj\u00fa v\u0161etky dvoj\u010depe\u013eov\u00e9 no\u017ee, ktor\u00fdch d\u013a\u017eka \u010depele presahuje 17 cm \u2013 vo Franc\u00fazsku k nim patria no\u017ee bajonetov\u00e9ho typu.           1.4116, X50CrMoV15 &#8211; molybd\u00e9n-van\u00e1diov\u00e1 oce\u013e pou\u017e\u00edvan\u00e1 na \u0161pi\u010dkov\u00e9 no\u017ee, pr\u00edbory a chirurgick\u00e9 n\u00e1stroje. Vyzna\u010duje sa pomerne vysokou tvrdos\u0165ou ako pri nerezov\u00fdch oceliach. Odoln\u00fd vo\u010di kor\u00f3zii v kuchynsk\u00fdch podmienkach. Je to odpor\u00fa\u010dan\u00e1 alternat\u00edva k materi\u00e1lu 1.4034\/X46Cr13\/4H13. Chemick\u00e9 zlo\u017eenie je obohaten\u00e9 o obsah chr\u00f3mu, molybd\u00e9n a pr\u00eddavok van\u00e1du. \u010cepe\u013e &#8211; extr\u00e9mne ostr\u00e1 s tvarom d\u00fdky, pripom\u00ednaj\u00faci hrot kopije. Vynikaj\u00faci na pre\u017eitie a loveck\u00e9 aplik\u00e1cie. Hladk\u00e1 \u010depe\u013e Plain na oboch stran\u00e1ch bola odvoden\u00e1 z konk\u00e1vneho br\u00fasenia (Hollow Grind), ktor\u00e9 poskytuje vynikaj\u00facu geometriu britu a extr\u00e9mny rezn\u00fd v\u00fdkon. V\u0161etko je zakon\u010den\u00e9 elegantn\u00fdm sat\u00e9nov\u00fdm povrchom. Ve\u013ek\u00fd horn\u00fd a spodn\u00fd j\u00edlec chr\u00e1ni ruku pred sk\u013aznut\u00edm po \u010depeli. Rukov\u00e4\u0165 &#8211; je vyroben\u00e1 z olivov\u00e9ho dreva, ktor\u00e1 poskytuje bezpe\u010dn\u00fd \u00fachop za v\u0161etk\u00fdch podmienok a vynikaj\u00facu absorpciu vibr\u00e1ci\u00ed.      Text\u00farovan\u00fd povrch oblo\u017eenia pre pohodln\u00e9 uchopenie. Rukov\u00e4\u0165 je usaden\u00e1 priamo na t\u0155ni, v\u010faka \u010domu je cel\u00e1 kon\u0161trukcia ve\u013emi tuh\u00e1 a odoln\u00e1. Po\u0161va &#8211; ru\u010dne \u0161it\u00e1, z pr\u00edrodnej hnedej ko\u017ee s vyrazen\u00fdm logom v\u00fdrobcu. Uchytenie na opasok alebo na brnenie umo\u017e\u0148uje nosenie no\u017ea vo vzpriamenej polohe. Skupina Muela je v s\u00fa\u010dasnosti jednou z popredn\u00fdch spolo\u010dnost\u00ed v oblasti ru\u010dnej v\u00fdroby loveck\u00fdch no\u017eov ako v \u0160panielsku, tak po celom svete a jej no\u017ee a vreckov\u00e9 no\u017ee s\u00fa vysoko cenen\u00e9 pre svoju \u0161pi\u010dkov\u00fa kvalitu spracovania.  &nbsp;  Celkov\u00e1 d\u013a\u017eka: 33,0 cm D\u013a\u017eka \u010depele: 20,5 cm Hr\u00fabka \u010depele: &#8211; Typ ocele: MoVa (1.4116) Tvrdos\u0165 ocele: 57-61 HRC \u0160t\u00fdl \u010depele: d\u00fdka Typ vypr\u00e1zd\u0148ovania: Ploch\u00fd Povrchov\u00e1 \u00faprava \u010depele: sat\u00e9n Typ rukov\u00e4te: 12,5 cm Materi\u00e1l rukov\u00e4te: Oliva a mosadz Farba rukov\u00e4te: Hned\u00e1 Hmotnos\u0165: 390 gramov Ko\u017een\u00e9 puzdro Krajina p\u00f4vodu: \u0160panielsko  &nbsp;<\/p>\n<p>&nbsp;<\/p>\n<p>&nbsp;<\/p>\n","protected":false},"excerpt":{"rendered":"<p><strong>Caribu.G, origin\u00e1lny n\u00f4\u017e Remate od \u0161panielskej firmy Muela. Vysok\u00e1 kvalita pou\u017eit\u00fdch materi\u00e1lov a prec\u00edzne spracovanie. Ide\u00e1lny n\u00f4\u017e pre zberate\u013eov, loveck\u00fdch nad\u0161encov, \u013eud\u00ed, ktor\u00ed ocenia akt\u00edvny \u017eivotn\u00fd \u0161t\u00fdl.  <\/strong><\/p>\n","protected":false},"featured_media":254219,"comment_status":"open","ping_status":"closed","template":"","meta":[],"pwb-brand":[3910],"product_brand":[],"product_cat":[3186,3187],"product_tag":[3668],"class_list":{"0":"post-356309","1":"product","2":"type-product","3":"status-publish","4":"has-post-thumbnail","6":"pwb-brand-muela-sk","7":"product_cat-noze-sk","8":"product_cat-pevne-noze-sk","9":"product_tag-b2b-sk","11":"first","12":"instock","13":"taxable","14":"shipping-taxable","15":"purchasable","16":"product-type-simple"},"brands":[{"id":3910,"name":"Muela","slug":"muela-sk"}],"_links":{"self":[{"href":"https:\/\/www.moskito.cz\/sk\/wp-json\/wp\/v2\/product\/356309","targetHints":{"allow":["GET"]}}],"collection":[{"href":"https:\/\/www.moskito.cz\/sk\/wp-json\/wp\/v2\/product"}],"about":[{"href":"https:\/\/www.moskito.cz\/sk\/wp-json\/wp\/v2\/types\/product"}],"replies":[{"embeddable":true,"href":"https:\/\/www.moskito.cz\/sk\/wp-json\/wp\/v2\/comments?post=356309"}],"wp:featuredmedia":[{"embeddable":true,"href":"https:\/\/www.moskito.cz\/sk\/wp-json\/wp\/v2\/media\/254219"}],"wp:attachment":[{"href":"https:\/\/www.moskito.cz\/sk\/wp-json\/wp\/v2\/media?parent=356309"}],"wp:term":[{"taxonomy":"pwb-brand","embeddable":true,"href":"https:\/\/www.moskito.cz\/sk\/wp-json\/wp\/v2\/pwb-brand?post=356309"},{"taxonomy":"product_brand","embeddable":true,"href":"https:\/\/www.moskito.cz\/sk\/wp-json\/wp\/v2\/product_brand?post=356309"},{"taxonomy":"product_cat","embeddable":true,"href":"https:\/\/www.moskito.cz\/sk\/wp-json\/wp\/v2\/product_cat?post=356309"},{"taxonomy":"product_tag","embeddable":true,"href":"https:\/\/www.moskito.cz\/sk\/wp-json\/wp\/v2\/product_tag?post=356309"}],"curies":[{"name":"wp","href":"https:\/\/api.w.org\/{rel}","templated":true}]}}