{"id":356359,"date":"2024-08-14T09:42:07","date_gmt":"2024-08-14T08:43:04","guid":{"rendered":"https:\/\/www.moskito.cz\/produkt\/pevny-noz-muela-jabali-17r\/"},"modified":"2025-05-07T11:23:07","modified_gmt":"2025-05-07T10:23:07","slug":"pevny-noz-muela-jabali-17r","status":"publish","type":"product","link":"https:\/\/www.moskito.cz\/sk\/produkt\/pevny-noz-muela-jabali-17r\/","title":{"rendered":"Pevn\u00fd N\u00f4\u017e Muela JABALI-17R"},"content":{"rendered":"<p>Pevn\u00fd N\u00f4\u017e <strong>Muela<\/strong> JABALI-17R. <strong>JABALI-17R<\/strong> je kompaktn\u00e1 verzia plnohodnotn\u00e9ho no\u017ea JABALI-21R od Muela. Dokonale vyv\u00e1\u017een\u00fd a odoln\u00fd, vysn\u00edvan\u00fd spolo\u010dn\u00edk po\u010das v\u00fdprav za pre\u017eit\u00edm alebo mimo mesta. Klasick\u00fd n\u00f4\u017e s pevnou \u010depe\u013eou a full t\u00e1ng kon\u0161trukciou, vyroben\u00fd z vynikaj\u00facej MoVa molybd\u00e9n-van\u00e1diovej ocele. \u010cepe\u013e &#8211; ostr\u00e1 a mas\u00edvna s hr\u00fabkou 4,5 mm s profilom Bowie a dr\u00e1\u017ekou pre krv na oboch stran\u00e1ch.    Vyroben\u00e9 z tvrdenej 57-58 HRC, odolnej molybd\u00e9n-van\u00e1diovej nerezovej ocele X50CrMoV15. Potiahnut\u00e9 antireflexnou vrstvou Satin Finish (polomatn\u00e1). Hladk\u00e1 \u010depe\u013e (typ Plaint) bola vyroben\u00e1 s konk\u00e1vnym v\u00fdbrusom (Hollow Grind) umo\u017e\u0148uje presn\u00e9 rezanie ako reznou plochou, tak ultratenk\u00fdm hrotom. Rukov\u00e4\u0165 &#8211; profilovan\u00e1, potiahnut\u00e1 farebn\u00fdm lakovan\u00fdm dreven\u00fdm obkladom z dreva pakka v hnedej farbe zais\u0165uje exkluz\u00edvny vzh\u013ead a ist\u00fd \u00fachop. Rukov\u00e4\u0165 je zakon\u010den\u00e1 ozdobnou mosadznou le\u0161tenou hlavicou.    Puzdro &#8211; vyroben\u00e9 z pr\u00edrodnej hnedej ko\u017ee. Po\u0161va s vyrazen\u00fdm logom v\u00fdrobcu. Zap\u00ednanie na patentku Prym s vyrazen\u00fdm firemn\u00fdm odznakom. Po\u0161va bola pre\u0161it\u00e1 ozdobnou ni\u0165ou. Upevnenie na opasok alebo nadstavec umo\u017e\u0148uje pohyb no\u017ea vo zvislej polohe. Technick\u00e1 \u0161pecifik\u00e1cia: Produktov\u00e9 \u010d\u00edslo: JABALI-17R Typ ocele: X50CrMoV15 D\u013a\u017eka \u010depele: 170,0 mm \/ 6,69&#8243; Hr\u00fabka \u010depele: 4,5 mm \/ 0,16&#8243; Celkov\u00e1 d\u013a\u017eka: 300,0 mm \/ 11,81&#8243; Hmotnos\u0165 : 433,0 g \/ 15,27 oz Typ \u010depele: Hladk\u00fd Typ \u010depele: Bowie Typ rezu: Konk\u00e1vne Pod\u0161\u00edvka rukov\u00e4te: drevo Pakka (Coral pakkawood) Po\u0161va: Ko\u017ea V\u00fdrobca: Muela, \u0160panielsko     &nbsp;<\/p>\n","protected":false},"excerpt":{"rendered":"<p><strong>Dokonale vyv\u00e1\u017een\u00fd a odoln\u00fd, vysn\u00edvan\u00fd spolo\u010dn\u00edk po\u010das v\u00fdprav za pre\u017eit\u00edm alebo mimo mesta. Klasick\u00fd n\u00f4\u017e s pevnou \u010depe\u013eou a full t\u00e1ng kon\u0161trukciou, vyroben\u00fd z vynikaj\u00facej MoVa molybd\u00e9n-van\u00e1diovej ocele. <\/strong><\/p>\n","protected":false},"featured_media":356330,"comment_status":"open","ping_status":"closed","template":"","meta":[],"pwb-brand":[3910],"product_brand":[],"product_cat":[3186,3187],"product_tag":[3668],"class_list":{"0":"post-356359","1":"product","2":"type-product","3":"status-publish","4":"has-post-thumbnail","6":"pwb-brand-muela-sk","7":"product_cat-noze-sk","8":"product_cat-pevne-noze-sk","9":"product_tag-b2b-sk","11":"first","12":"instock","13":"taxable","14":"shipping-taxable","15":"purchasable","16":"product-type-simple"},"brands":[{"id":3910,"name":"Muela","slug":"muela-sk"}],"_links":{"self":[{"href":"https:\/\/www.moskito.cz\/sk\/wp-json\/wp\/v2\/product\/356359","targetHints":{"allow":["GET"]}}],"collection":[{"href":"https:\/\/www.moskito.cz\/sk\/wp-json\/wp\/v2\/product"}],"about":[{"href":"https:\/\/www.moskito.cz\/sk\/wp-json\/wp\/v2\/types\/product"}],"replies":[{"embeddable":true,"href":"https:\/\/www.moskito.cz\/sk\/wp-json\/wp\/v2\/comments?post=356359"}],"wp:featuredmedia":[{"embeddable":true,"href":"https:\/\/www.moskito.cz\/sk\/wp-json\/wp\/v2\/media\/356330"}],"wp:attachment":[{"href":"https:\/\/www.moskito.cz\/sk\/wp-json\/wp\/v2\/media?parent=356359"}],"wp:term":[{"taxonomy":"pwb-brand","embeddable":true,"href":"https:\/\/www.moskito.cz\/sk\/wp-json\/wp\/v2\/pwb-brand?post=356359"},{"taxonomy":"product_brand","embeddable":true,"href":"https:\/\/www.moskito.cz\/sk\/wp-json\/wp\/v2\/product_brand?post=356359"},{"taxonomy":"product_cat","embeddable":true,"href":"https:\/\/www.moskito.cz\/sk\/wp-json\/wp\/v2\/product_cat?post=356359"},{"taxonomy":"product_tag","embeddable":true,"href":"https:\/\/www.moskito.cz\/sk\/wp-json\/wp\/v2\/product_tag?post=356359"}],"curies":[{"name":"wp","href":"https:\/\/api.w.org\/{rel}","templated":true}]}}