{"id":356480,"date":"2024-08-14T10:09:49","date_gmt":"2024-08-14T09:10:46","guid":{"rendered":"https:\/\/www.moskito.cz\/produkt\/pevny-noz-muela-scorpion-18nm\/"},"modified":"2025-05-07T11:23:11","modified_gmt":"2025-05-07T10:23:11","slug":"pevny-noz-muela-scorpion-18nm","status":"publish","type":"product","link":"https:\/\/www.moskito.cz\/sk\/produkt\/pevny-noz-muela-scorpion-18nm\/","title":{"rendered":"Pevn\u00fd N\u00f4\u017e Muela SCORPION-18NM"},"content":{"rendered":"<p>Pevn\u00fd N\u00f4\u017e <strong>Muela<\/strong> SCORPION-18NM. SCORPION-18NM je viac\u00fa\u010delov\u00fd po\u013en\u00fd n\u00f4\u017e s mas\u00edvnou \u010depe\u013eou pre ohromn\u00fd rezn\u00fd v\u00fdkon a pohodln\u00fa rukov\u00e4\u0165ou. V\u0161estrann\u00fd, dokonale vyv\u00e1\u017een\u00fd, ur\u010den\u00fd pre nad\u0161encov bushcraftu, survivalu a lovu. 420H &#8211; martenzitick\u00e1 nerezov\u00e1 oce\u013e s vysok\u00fdm obsahom uhl\u00edka so zv\u00fd\u0161en\u00fdm obsahom uhl\u00edka (C) od 0,17 % do 0,23 %, taktie\u017e obsahuj\u00face chr\u00f3m (Cr) a molybd\u00e9n (Mo) pon\u00faka vysok\u00fa prokalitelnost v rozmedz\u00ed 54-58 HRC a tie\u017e pevnos\u0165 h\u00fa\u017eevnatos\u0165, obrobite\u013enos\u0165 a vynikaj\u00faca odolnos\u0165 proti kor\u00f3zii. Vysok\u00fd obsah uhl\u00edka vytv\u00e1ra zl\u00fa\u010deniny karbidu chr\u00f3mu, ktor\u00e9 poskytuj\u00fa odolnos\u0165 proti opotrebovaniu a zachovaniu ostria po vytvrdnut\u00ed. V\u010faka vysokej tvrdosti je oce\u013e vhodn\u00e1 na v\u00fdrobu rezn\u00fdch n\u00e1strojov, \u010depel\u00ed no\u017eov a lek\u00e1rskych n\u00e1strojov.      PTFE Black \u2013 \u0161iroko pou\u017e\u00edvan\u00fd v priemysle n\u00e1terov\u00fdch hm\u00f4t, polytetraflu\u00f3retyl\u00e9n je ultra jemn\u00fd produkt s n\u00edzkou molekulovou hmotnos\u0165ou spracovan\u00fd \u0161peci\u00e1lnym procesom. Vyzna\u010duje sa vynikaj\u00facou chemickou a poveternostnou odolnos\u0165ou a teplotnou odolnos\u0165ou, tepelnou stabilitou, nepri\u013enavos\u0165ou, elektrickou izol\u00e1ciou, po\u017eiarnou odolnos\u0165ou a samomaznos\u0165ou. V\u010faka pou\u017eitiu polytetrafluoretyl\u00e9nu ako po\u0165ahov\u00e9ho materi\u00e1lu \u010depele sa zni\u017euje trenie po\u010das pou\u017e\u00edvania, \u010d\u00edm sa zni\u017euje potreba sily pri v\u0161etk\u00fdch druhoch pr\u00e1ce. \u010cepele potiahnut\u00e9 PTFE poskytovali o 22 % ni\u017e\u0161iu priemern\u00fa silu ao 26 % ni\u017e\u0161iu maxim\u00e1lnu silu v porovnan\u00ed s \u010depe\u013eami s chr\u00f3movan\u00fdm povrchom. \u010cepe\u013e &#8211; s upraven\u00fdm profilom Clip Point, pokryt\u00e1 \u010diernym matn\u00fdm a nereflexn\u00fdm PTFE povlakom odoln\u00fdm proti po\u0161kriabaniu. Vyroben\u00e9 z nerezovej ocele 420H so zv\u00fd\u0161en\u00fdm obsahom uhl\u00edka a vysokou r\u00e1zovou h\u00fa\u017eevnatos\u0165ou, kalen\u00e9 v rozmedz\u00ed 54-58 HRC. Na z\u00e1kladni \u010depele chr\u00e1ni obojstrann\u00fd paz\u00far proti sk\u013aznutiu ruky po \u010depeli. Hrana vyveden\u00e1 s konk\u00e1vnym rezom (Hollow Grind). Zhruba 20% d\u013a\u017eky je vr\u00fabkovan\u00e1 \u010depe\u013e Combo na agres\u00edvne rezanie, okrem in\u00e9ho lan\u00e1, remene a 80% povrchu hladkej klasickej \u010depele (typ Plain) na presn\u00e9 rezanie &#8211; poskytuj\u00face dobr\u00e9 rezn\u00e9 a penetra\u010dn\u00e9 vlastnosti. Rukov\u00e4\u0165 &#8211; pokryt\u00e1 pru\u017enou elastom\u00e9rovou v\u00fdstelkou v p\u00fa\u0161tnej farbe. M\u00e4kk\u00e1 gumov\u00e1 rukov\u00e4\u0165 zaru\u010duje ve\u013emi dobr\u00fd \u00fachop, n\u00f4\u017e sa ne\u0161m\u00fdka z ruky a pevn\u00fd a ist\u00fd \u00fachop umo\u017e\u0148uje vykon\u00e1va\u0165 presn\u00fa pr\u00e1cu s \u010depe\u013eou. V zadnej \u010dasti rukov\u00e4te zv\u00e4\u010d\u0161en\u00fd otvor na \u0161n\u00farku. Po\u0161va &#8211; v p\u00fa\u0161tnej farbe, vyroben\u00e1 z vodeodoln\u00e9ho nylonu. upevnenie pomocou zaklap\u00e1vacieho uz\u00e1veru umo\u017e\u0148uje bezpe\u010dn\u00e9 pren\u00e1\u0161anie no\u017ea. Okraje po\u0161vy s\u00fa pre\u0161it\u00e9 ozdobnou ni\u0165ou. Na prednej strane vyrazen\u00fd n\u00e1pis Muela Tactical Knives. Puzdro m\u00e1 pripevnenie na opasok alebo vybavenie, \u010do umo\u017e\u0148uje nosenie no\u017ea vo vzpriamenej polohe. V spodnej \u010dasti puzdra je paracord \u0161n\u00fara umo\u017e\u0148uj\u00faca pripnutie po\u0161vy na stehno. Technick\u00e1 \u0161pecifik\u00e1cia: Produktov\u00e9 \u010d\u00edslo: SCORPION-18NM Celkov\u00e1 d\u013a\u017eka: 305 mm \/ 12,01&#8243; D\u013a\u017eka \u010depele 180,0 mm \/ 7,09&#8243; Hr\u00fabka \u010depele: 4,5 mm \/ 0,18&#8243; Hmotnos\u0165: 355,0 g \/ 12 ,52 oz Materi\u00e1l \u010depele: 420H Tvrdos\u0165 \u010depele: 54-58 HRc Br\u00fasenie \u010depele: Dut\u00e9 Povrchov\u00e1 \u00faprava \u010depele: PTFE Materi\u00e1l rukov\u00e4te: Termorun Farba povrchovej \u00fapravy rukov\u00e4te: Desert Po\u0161va (p\u00fazdro): Nylon \u010eal\u0161ie pr\u00edslu\u0161enstvo: \u017diadne V\u00fdrobca: Manufacturas Muela, SA Krajina p\u00f4vodu: \u0160panielsko            <\/p>\n","protected":false},"excerpt":{"rendered":"<p><strong>SCORPION-18NM je viac\u00fa\u010delov\u00fd po\u013en\u00fd n\u00f4\u017e s mas\u00edvnou \u010depe\u013eou pre ohromn\u00fd rezn\u00fd v\u00fdkon a pohodln\u00fa rukov\u00e4\u0165ou. V\u0161estrann\u00fd, dokonale vyv\u00e1\u017een\u00fd, ur\u010den\u00fd pre nad\u0161encov bushcraftu, survivalu a lovu. <\/strong><\/p>\n","protected":false},"featured_media":356451,"comment_status":"open","ping_status":"closed","template":"","meta":[],"pwb-brand":[3910],"product_brand":[],"product_cat":[3187,3186],"product_tag":[3668],"class_list":{"0":"post-356480","1":"product","2":"type-product","3":"status-publish","4":"has-post-thumbnail","6":"pwb-brand-muela-sk","7":"product_cat-pevne-noze-sk","8":"product_cat-noze-sk","9":"product_tag-b2b-sk","11":"first","12":"instock","13":"taxable","14":"shipping-taxable","15":"purchasable","16":"product-type-simple"},"brands":[{"id":3910,"name":"Muela","slug":"muela-sk"}],"_links":{"self":[{"href":"https:\/\/www.moskito.cz\/sk\/wp-json\/wp\/v2\/product\/356480","targetHints":{"allow":["GET"]}}],"collection":[{"href":"https:\/\/www.moskito.cz\/sk\/wp-json\/wp\/v2\/product"}],"about":[{"href":"https:\/\/www.moskito.cz\/sk\/wp-json\/wp\/v2\/types\/product"}],"replies":[{"embeddable":true,"href":"https:\/\/www.moskito.cz\/sk\/wp-json\/wp\/v2\/comments?post=356480"}],"wp:featuredmedia":[{"embeddable":true,"href":"https:\/\/www.moskito.cz\/sk\/wp-json\/wp\/v2\/media\/356451"}],"wp:attachment":[{"href":"https:\/\/www.moskito.cz\/sk\/wp-json\/wp\/v2\/media?parent=356480"}],"wp:term":[{"taxonomy":"pwb-brand","embeddable":true,"href":"https:\/\/www.moskito.cz\/sk\/wp-json\/wp\/v2\/pwb-brand?post=356480"},{"taxonomy":"product_brand","embeddable":true,"href":"https:\/\/www.moskito.cz\/sk\/wp-json\/wp\/v2\/product_brand?post=356480"},{"taxonomy":"product_cat","embeddable":true,"href":"https:\/\/www.moskito.cz\/sk\/wp-json\/wp\/v2\/product_cat?post=356480"},{"taxonomy":"product_tag","embeddable":true,"href":"https:\/\/www.moskito.cz\/sk\/wp-json\/wp\/v2\/product_tag?post=356480"}],"curies":[{"name":"wp","href":"https:\/\/api.w.org\/{rel}","templated":true}]}}