{"id":356520,"date":"2024-08-14T10:19:14","date_gmt":"2024-08-14T09:21:18","guid":{"rendered":"https:\/\/www.moskito.cz\/produkt\/pevny-noz-muela-scorpion-18n\/"},"modified":"2025-05-07T11:23:14","modified_gmt":"2025-05-07T10:23:14","slug":"pevny-noz-muela-scorpion-18n","status":"publish","type":"product","link":"https:\/\/www.moskito.cz\/sk\/produkt\/pevny-noz-muela-scorpion-18n\/","title":{"rendered":"Pevn\u00fd N\u00f4\u017e Muela SCORPION-18N"},"content":{"rendered":"<p>Pevn\u00fd N\u00f4\u017e <strong>Muela<\/strong> SCORPION-18N. Viac\u00fa\u010delov\u00fd n\u00f4\u017e <strong>SCORPION-18N<\/strong> s pevnou \u010depe\u013eou, ide\u00e1lny na kempovanie ako survival, taktick\u00fd a po\u013eovn\u00fd n\u00f4\u017e. Mas\u00edvna \u010depe\u013e vydr\u017e\u00ed bez po\u0161kodenia ak\u00fako\u013evek pr\u00e1cu v ak\u00fdchko\u013evek podmienkach. S\u00e9ria <strong>SCORPION<\/strong> je jedn\u00fdm z najzn\u00e1mej\u0161\u00edch no\u017eov \u0161panielskej spolo\u010dnosti <strong>Muela<\/strong> . \u010cepe\u013e &#8211; s upraven\u00fdm profilom Clip Point, hr\u00fabka 4,5 mm, pokryt\u00e1 \u010diernym, matn\u00fdm, nereflexn\u00fdm PTFE povlakom odoln\u00fdm proti po\u0161kriabaniu.     Vyroben\u00e9 z nerezovej ocele 420H so zv\u00fd\u0161en\u00fdm obsahom uhl\u00edka a vysokou r\u00e1zovou h\u00fa\u017eevnatos\u0165ou, kalen\u00e9 v rozmedz\u00ed 54-58 HRC. Na z\u00e1kladni \u010depele zabra\u0148uje sk\u013aznutiu ruky na \u010depe\u013e obojstrann\u00fd chr\u00e1ni\u010d. \u010cepe\u013e &#8211; vyroben\u00e1 konk\u00e1vnym brusom (Hollow Grind). Zhruba 20% d\u013a\u017eky tvor\u00ed okrem in\u00e9ho vr\u00fabkovan\u00e1 \u010depe\u013e Combo pre agres\u00edvne rezanie. lan\u00e1, p\u00e1sy a 80% plochy, klasick\u00e1 hladk\u00e1 \u010depe\u013e typu Plain na presn\u00e9 rezanie &#8211; zais\u0165uj\u00face dobr\u00e9 rezn\u00e9 a penetra\u010dn\u00e9 vlastnosti. Rukov\u00e4\u0165 &#8211; pokryt\u00e1 pru\u017en\u00fdm, vr\u00fabkovan\u00fdm \u010diernym elastom\u00e9rov\u00fdm pl\u00e1\u0161\u0165om. M\u00e4kk\u00e1 gumov\u00e1 rukov\u00e4\u0165 zaru\u010duje ve\u013emi dobr\u00fd \u00fachop, n\u00f4\u017e sa ne\u0161m\u00fdka z ruky a pevn\u00fd a ist\u00fd \u00fachop umo\u017e\u0148uje vykon\u00e1va\u0165 presn\u00e9 pohyby s no\u017eom.      V zadnej \u010dasti rukov\u00e4te je zv\u00e4\u010d\u0161en\u00fd otvor pre lano. Puzdro &#8211; \u010dierne. Vyroben\u00e9 z pr\u00edrodnej ko\u017ee, upevnenie na z\u00e1padku umo\u017e\u0148uje bezpe\u010dn\u00e9 pren\u00e1\u0161anie no\u017ea. Okraje po\u0161vy s\u00fa ob\u0161it\u00e9 ozdobnou ni\u0165ou. Na prednej strane je vyrazen\u00e9 logo v\u00fdrobcu. Po\u0161va m\u00e1 upevnenie na opasok alebo zariadenie umo\u017e\u0148uj\u00face nosenie no\u017ea vo zvislej polohe. Technick\u00e9 \u00fadaje: Produktov\u00e9 \u010d\u00edslo: SCORPION-18N Typ ocele: 420H D\u013a\u017eka \u010depele: 180 mm \/ 7,09 &#8222;Hr\u00fabka \u010depele: 4,5 mm \/ 0,18&#8243; Celkov\u00e1 d\u013a\u017eka: 307 mm \/ 12,09&#8220; Hmotnos\u0165: 353 g \/ 12,45 oz \u010cepe\u013e: Kombinovan\u00e1 Typ \u010depele: Clip Point Typ rezu: Konk\u00e1vne Typ rukov\u00e4te: Thermorun Po\u0161va: ko\u017ea V\u00fdrobca: Muela, \u0160panielsko  &nbsp;<\/p>\n","protected":false},"excerpt":{"rendered":"<p><strong>Viac\u00fa\u010delov\u00fd n\u00f4\u017e SCORPION-18N s pevnou \u010depe\u013eou, ide\u00e1lny na kempovanie ako survival, taktick\u00fd a po\u013eovn\u00fd n\u00f4\u017e. Mas\u00edvna \u010depe\u013e vydr\u017e\u00ed bez po\u0161kodenia ak\u00fako\u013evek pr\u00e1cu v ak\u00fdchko\u013evek podmienkach. S\u00e9ria SCORPION je jedn\u00fdm z najzn\u00e1mej\u0161\u00edch no\u017eov \u0161panielskej spolo\u010dnosti Muela.  <\/strong><\/p>\n","protected":false},"featured_media":356491,"comment_status":"open","ping_status":"closed","template":"","meta":[],"pwb-brand":[3910],"product_brand":[],"product_cat":[3187,3186],"product_tag":[3668],"class_list":{"0":"post-356520","1":"product","2":"type-product","3":"status-publish","4":"has-post-thumbnail","6":"pwb-brand-muela-sk","7":"product_cat-pevne-noze-sk","8":"product_cat-noze-sk","9":"product_tag-b2b-sk","11":"first","12":"instock","13":"taxable","14":"shipping-taxable","15":"purchasable","16":"product-type-simple"},"brands":[{"id":3910,"name":"Muela","slug":"muela-sk"}],"_links":{"self":[{"href":"https:\/\/www.moskito.cz\/sk\/wp-json\/wp\/v2\/product\/356520","targetHints":{"allow":["GET"]}}],"collection":[{"href":"https:\/\/www.moskito.cz\/sk\/wp-json\/wp\/v2\/product"}],"about":[{"href":"https:\/\/www.moskito.cz\/sk\/wp-json\/wp\/v2\/types\/product"}],"replies":[{"embeddable":true,"href":"https:\/\/www.moskito.cz\/sk\/wp-json\/wp\/v2\/comments?post=356520"}],"wp:featuredmedia":[{"embeddable":true,"href":"https:\/\/www.moskito.cz\/sk\/wp-json\/wp\/v2\/media\/356491"}],"wp:attachment":[{"href":"https:\/\/www.moskito.cz\/sk\/wp-json\/wp\/v2\/media?parent=356520"}],"wp:term":[{"taxonomy":"pwb-brand","embeddable":true,"href":"https:\/\/www.moskito.cz\/sk\/wp-json\/wp\/v2\/pwb-brand?post=356520"},{"taxonomy":"product_brand","embeddable":true,"href":"https:\/\/www.moskito.cz\/sk\/wp-json\/wp\/v2\/product_brand?post=356520"},{"taxonomy":"product_cat","embeddable":true,"href":"https:\/\/www.moskito.cz\/sk\/wp-json\/wp\/v2\/product_cat?post=356520"},{"taxonomy":"product_tag","embeddable":true,"href":"https:\/\/www.moskito.cz\/sk\/wp-json\/wp\/v2\/product_tag?post=356520"}],"curies":[{"name":"wp","href":"https:\/\/api.w.org\/{rel}","templated":true}]}}