{"id":356559,"date":"2024-08-14T10:29:34","date_gmt":"2024-08-14T09:30:05","guid":{"rendered":"https:\/\/www.moskito.cz\/produkt\/pevny-noz-muela-jabali-17ol\/"},"modified":"2025-05-07T11:23:15","modified_gmt":"2025-05-07T10:23:15","slug":"pevny-noz-muela-jabali-17ol","status":"publish","type":"product","link":"https:\/\/www.moskito.cz\/sk\/produkt\/pevny-noz-muela-jabali-17ol\/","title":{"rendered":"Pevn\u00fd N\u00f4\u017e Muela JABALI-17OL"},"content":{"rendered":"<p>Pevn\u00fd N\u00f4\u017e <strong>Muela<\/strong> JABALI-17OL. <strong>JABALI-17OL<\/strong> je men\u0161ia verzia klasick\u00e9ho no\u017ea JABALI-21OL s pevnou \u010depe\u013eou a full t\u00e1ng kon\u0161trukciou. Vyroben\u00e9 z MoVa molybd\u00e9n-van\u00e1diovej ocele. Perfektn\u00fd n\u00f4\u017e na kempovanie, v\u00fdpravy za pre\u017eit\u00edm alebo mimo mesta. Mas\u00edvny, odoln\u00fd, vydr\u017e\u00ed ak\u00fako\u013evek pr\u00e1cu aj v t\u00fdch najn\u00e1ro\u010dnej\u0161\u00edch podmienkach.  X50CrMoV15 (1.4116) &#8211; molybd\u00e9n-van\u00e1diov\u00e1 vysoko uhl\u00edkov\u00e1 martenzitick\u00e1 nerezov\u00e1 oce\u013e, vysoko odoln\u00e1 vo\u010di kor\u00f3zii a opotrebovaniu. Pou\u017e\u00edva sa pri v\u00fdrobe no\u017eov, \u0161pi\u010dkov\u00fdch pr\u00edborov a chirurgick\u00fdch n\u00e1strojov. Vyzna\u010duje sa pomerne vysokou tvrdos\u0165ou pri nerezov\u00fdch oceliach 56-58 HRC. Chemick\u00e9 zlo\u017eenie ocele bolo obohaten\u00e9 dopovan\u00edm 15,0 % chr\u00f3mu, 0,80 % molybd\u00e9nu, 0,20 % van\u00e1du. \u010cepe\u013e &#8211; typ Clip Point, hr\u00fabka 4,5 mm, pokryt\u00e1 antireflexnou vrstvou Satin Finish (polomatn\u00e1), ktor\u00e1 eliminuje odlesky. \u010cepe\u013e s dobr\u00fdmi mechanick\u00fdmi vlastnos\u0165ami a dlh\u00fdm ohniskom. Konk\u00e1vny v\u00fdbrus (Hollow Grind), hladk\u00e1 \u010depe\u013e (typ Plain). Oce\u013eov\u00fd chr\u00e1ni\u010d, chr\u00e1ni ruku pred po\u0161myknut\u00edm pri pr\u00e1ci.    Rukov\u00e4\u0165 &#8211; pokryt\u00e1 olivov\u00fdm dreven\u00fdm obkladom s jedine\u010dn\u00fdm dizajnom. Profilovan\u00e9 v\u00fdrezy poskytuj\u00fa bezpe\u010dn\u00e9 uchopenie. N\u00f4\u017e ve\u013emi dobre padne do ruky, ne\u0161m\u00fdka sa, mo\u017eno ho \u013eahko ovl\u00e1da\u0165 za v\u0161etk\u00fdch podmienok. Po\u0161va &#8211; ru\u010dne \u0161it\u00e1, vyroben\u00e1 z vysoko kvalitnej hnedej hov\u00e4dzej ko\u017ee s vyrazen\u00fdm logom v\u00fdrobcu. Okraje puzdra s\u00fa pre\u0161it\u00e9 ozdobnou ni\u0165ou. Zap\u00ednanie na patentku typu Prym. Uchytenie na opasok umo\u017e\u0148uje nosenie no\u017ea vo vzpriamenej polohe. Technick\u00e1 \u0161pecifik\u00e1cia: Produktov\u00e9 \u010d\u00edslo: JABALI-17OL Celkov\u00e1 d\u013a\u017eka: 30 cm \/ 11,81&#8243; D\u013a\u017eka \u010depele: 17 cm \/ 6,69&#8243; Hr\u00fabka \u010depele: 0.45 cm \/ 0,16&#8243; Hmotnos\u0165: 334,0 g \/ 11,78 oz Materi\u00e1l \u010depele: X50CrMoV15 Tvrdos\u0165 \u010depele: 56-58 HRc Br\u00fasenie \u010depele: Dut\u00e9 Povrchov\u00e1 \u00faprava \u010depele: sat\u00e9n Materi\u00e1l rukov\u00e4te: Olivov\u00e9 drevo Farba povrchovej \u00fapravy rukov\u00e4te: B\u00e9\u017eov\u00e1 Po\u0161va (p\u00fazdro): Ko\u017ea \u010eal\u0161ie pr\u00edslu\u0161enstvo: \u017diadne Design Manufacturas Muela, SA Krajina p\u00f4vodu: \u0160panielsko  &nbsp;<\/p>\n","protected":false},"excerpt":{"rendered":"<p><strong>Perfektn\u00fd n\u00f4\u017e na kempovanie, v\u00fdpravy za pre\u017eit\u00edm alebo mimo mesta. Mas\u00edvny, odoln\u00fd, vydr\u017e\u00ed ak\u00fako\u013evek pr\u00e1cu aj v t\u00fdch najn\u00e1ro\u010dnej\u0161\u00edch podmienkach. <\/strong><\/p>\n","protected":false},"featured_media":356531,"comment_status":"open","ping_status":"closed","template":"","meta":[],"pwb-brand":[3910],"product_brand":[],"product_cat":[3187,3186],"product_tag":[3668],"class_list":{"0":"post-356559","1":"product","2":"type-product","3":"status-publish","4":"has-post-thumbnail","6":"pwb-brand-muela-sk","7":"product_cat-pevne-noze-sk","8":"product_cat-noze-sk","9":"product_tag-b2b-sk","11":"first","12":"instock","13":"taxable","14":"shipping-taxable","15":"purchasable","16":"product-type-simple"},"brands":[{"id":3910,"name":"Muela","slug":"muela-sk"}],"_links":{"self":[{"href":"https:\/\/www.moskito.cz\/sk\/wp-json\/wp\/v2\/product\/356559","targetHints":{"allow":["GET"]}}],"collection":[{"href":"https:\/\/www.moskito.cz\/sk\/wp-json\/wp\/v2\/product"}],"about":[{"href":"https:\/\/www.moskito.cz\/sk\/wp-json\/wp\/v2\/types\/product"}],"replies":[{"embeddable":true,"href":"https:\/\/www.moskito.cz\/sk\/wp-json\/wp\/v2\/comments?post=356559"}],"wp:featuredmedia":[{"embeddable":true,"href":"https:\/\/www.moskito.cz\/sk\/wp-json\/wp\/v2\/media\/356531"}],"wp:attachment":[{"href":"https:\/\/www.moskito.cz\/sk\/wp-json\/wp\/v2\/media?parent=356559"}],"wp:term":[{"taxonomy":"pwb-brand","embeddable":true,"href":"https:\/\/www.moskito.cz\/sk\/wp-json\/wp\/v2\/pwb-brand?post=356559"},{"taxonomy":"product_brand","embeddable":true,"href":"https:\/\/www.moskito.cz\/sk\/wp-json\/wp\/v2\/product_brand?post=356559"},{"taxonomy":"product_cat","embeddable":true,"href":"https:\/\/www.moskito.cz\/sk\/wp-json\/wp\/v2\/product_cat?post=356559"},{"taxonomy":"product_tag","embeddable":true,"href":"https:\/\/www.moskito.cz\/sk\/wp-json\/wp\/v2\/product_tag?post=356559"}],"curies":[{"name":"wp","href":"https:\/\/api.w.org\/{rel}","templated":true}]}}