{"id":356604,"date":"2024-08-14T10:42:09","date_gmt":"2024-08-14T09:52:11","guid":{"rendered":"https:\/\/www.moskito.cz\/produkt\/pevny-noz-muela-scorpion-19n\/"},"modified":"2025-05-07T11:23:17","modified_gmt":"2025-05-07T10:23:17","slug":"pevny-noz-muela-scorpion-19n","status":"publish","type":"product","link":"https:\/\/www.moskito.cz\/sk\/produkt\/pevny-noz-muela-scorpion-19n\/","title":{"rendered":"Pevn\u00fd N\u00f4\u017e Muela SCORPION-19N"},"content":{"rendered":"<p>Pevn\u00fd N\u00f4\u017e <strong>Muela<\/strong> SCORPION-19N. <strong>SCORPION-19N<\/strong> &#8211; n\u00f4\u017e s pevnou \u010depe\u013eou, vyroben\u00fd od \u0161panielskej firmy Muela. N\u00f4\u017e zo s\u00e9rie SCORPION, ktor\u00fd si zamilujete na prv\u00fd poh\u013ead! Komplexn\u00fd n\u00f4\u017e s mas\u00edvnou \u010depe\u013eou je mo\u017en\u00e9 pou\u017ei\u0165 pri v\u0161etk\u00fdch druhoch pr\u00e1ce, za v\u0161etk\u00fdch podmienok bez po\u0161kodenia. Jedn\u00e1 sa o perfektn\u00fd n\u00f4\u017e na pre\u017eitie, bude skvelou vo\u013ebou ako n\u00f4\u017e pre lovcov., EDC. \u010cepe\u013e &#8211; \u010depe\u013e vybaven\u00e1 &#8222;falo\u0161nou&#8220; \u010depe\u013eou (profil Spear Point), , hr\u00fabka 4,5 milimetra, potiahnut\u00e1 \u010diernym matn\u00fdm antireflexn\u00fdm PTFE povlakom odoln\u00fdm proti po\u0161kriabaniu. Mande z nerezovej ocele 420H s vysok\u00fdm obsahom uhl\u00edka a vysokou r\u00e1zovou h\u00fa\u017eevnatos\u0165ou, kalen\u00e9 v rozmedz\u00ed 54-58 HRC. T\u00e1to \u010depe\u013e je pokryt\u00e1 nereflexnou vrstvou Satin Finish (polomatn\u00e1), ktor\u00e1 eliminuje odlesky. Hladk\u00e1 \u010depe\u013e (typ Plain), odvoden\u00e9 ostrie konk\u00e1vne (dut\u00e9 br\u00fasenie). Na z\u00e1kladni \u010depele bol umiestnen\u00fd obojstrann\u00fd paz\u00far chr\u00e1niaci proti sk\u013aznutiu ruky po \u010depeli. Rukov\u00e4\u0165 &#8211; pleten\u00fd \u010dierny elastom\u00e9rov\u00fd uz\u00e1ver v \u010diernej farbe. M\u00e4kk\u00e1 gumov\u00e1 rukov\u00e4\u0165 padne pohodlne do ruky, n\u00f4\u017e n\u00e1m nek\u013a\u017ee z r\u00fak. Siln\u00fd a spo\u013eahliv\u00fd \u00fachop umo\u017e\u0148uje presn\u00e9 pohyby no\u017eom. V zadnej \u010dasti rukov\u00e4te je otvor pre lano. Puzdro v \u010diernej farbe, zap\u00ednanie na patentku, umo\u017e\u0148uje bezpe\u010dn\u00e9 pren\u00e1\u0161anie no\u017ea. Vyroben\u00e9 z pr\u00edrodnej ko\u017ee s vyrazen\u00fdm logom Muela Company. Po\u0161va bola na okrajoch pre\u0161it\u00e1 ozdobnou ni\u0165ou. Po\u0161va m\u00e1 upevnenie na opasok na nosenie no\u017ea vo zvislej polohe. Technick\u00e1 \u0161pecifik\u00e1cia: Produktov\u00e9 \u010d\u00edslo: SCORPION-19N Typ ocele: 420H D\u013a\u017eka \u010depele: 19 cm \/ 7,48\u201d Hr\u00fabka \u010depele: 0.45 cm \/ 0,18.\u201d Celkov\u00e1 d\u013a\u017eka: 32 cm \/ 12,60 &#8220; Hmotnos\u0165: 356 g \/ 12,56 oz Typ \u010depele: Hladk\u00fd Typ \u010depele: Spear Point Typ rezu: Konk\u00e1vne Materi\u00e1l rukov\u00e4te: Termorun Po\u0161va: Ko\u017ea V\u00fdrobca: Muela, \u0160panielsko   &nbsp;<\/p>\n<p>&nbsp;<\/p>\n","protected":false},"excerpt":{"rendered":"<p><strong>N\u00f4\u017e zo s\u00e9rie SCORPION, ktor\u00fd si zamilujete na prv\u00fd poh\u013ead! Komplexn\u00fd n\u00f4\u017e s mas\u00edvnou \u010depe\u013eou je mo\u017en\u00e9 pou\u017ei\u0165 pri v\u0161etk\u00fdch druhoch pr\u00e1ce, za v\u0161etk\u00fdch podmienok bez po\u0161kodenia. Jedn\u00e1 sa o perfektn\u00fd n\u00f4\u017e na pre\u017eitie, bude skvelou vo\u013ebou ako n\u00f4\u017e pre lovcov., EDC.<\/strong><\/p>\n","protected":false},"featured_media":356571,"comment_status":"open","ping_status":"closed","template":"","meta":[],"pwb-brand":[3910],"product_brand":[],"product_cat":[3186,3187],"product_tag":[3668],"class_list":{"0":"post-356604","1":"product","2":"type-product","3":"status-publish","4":"has-post-thumbnail","6":"pwb-brand-muela-sk","7":"product_cat-noze-sk","8":"product_cat-pevne-noze-sk","9":"product_tag-b2b-sk","11":"first","12":"instock","13":"taxable","14":"shipping-taxable","15":"purchasable","16":"product-type-simple"},"brands":[{"id":3910,"name":"Muela","slug":"muela-sk"}],"_links":{"self":[{"href":"https:\/\/www.moskito.cz\/sk\/wp-json\/wp\/v2\/product\/356604","targetHints":{"allow":["GET"]}}],"collection":[{"href":"https:\/\/www.moskito.cz\/sk\/wp-json\/wp\/v2\/product"}],"about":[{"href":"https:\/\/www.moskito.cz\/sk\/wp-json\/wp\/v2\/types\/product"}],"replies":[{"embeddable":true,"href":"https:\/\/www.moskito.cz\/sk\/wp-json\/wp\/v2\/comments?post=356604"}],"wp:featuredmedia":[{"embeddable":true,"href":"https:\/\/www.moskito.cz\/sk\/wp-json\/wp\/v2\/media\/356571"}],"wp:attachment":[{"href":"https:\/\/www.moskito.cz\/sk\/wp-json\/wp\/v2\/media?parent=356604"}],"wp:term":[{"taxonomy":"pwb-brand","embeddable":true,"href":"https:\/\/www.moskito.cz\/sk\/wp-json\/wp\/v2\/pwb-brand?post=356604"},{"taxonomy":"product_brand","embeddable":true,"href":"https:\/\/www.moskito.cz\/sk\/wp-json\/wp\/v2\/product_brand?post=356604"},{"taxonomy":"product_cat","embeddable":true,"href":"https:\/\/www.moskito.cz\/sk\/wp-json\/wp\/v2\/product_cat?post=356604"},{"taxonomy":"product_tag","embeddable":true,"href":"https:\/\/www.moskito.cz\/sk\/wp-json\/wp\/v2\/product_tag?post=356604"}],"curies":[{"name":"wp","href":"https:\/\/api.w.org\/{rel}","templated":true}]}}