{"id":356624,"date":"2024-08-14T10:58:36","date_gmt":"2024-08-14T09:59:09","guid":{"rendered":"https:\/\/www.moskito.cz\/produkt\/pevny-noz-muela-criollo-18\/"},"modified":"2025-05-07T11:23:17","modified_gmt":"2025-05-07T10:23:17","slug":"pevny-noz-muela-criollo-18","status":"publish","type":"product","link":"https:\/\/www.moskito.cz\/sk\/produkt\/pevny-noz-muela-criollo-18\/","title":{"rendered":"Pevn\u00fd N\u00f4\u017e Muela CRIOLLO-18"},"content":{"rendered":"<p>Pevn\u00fd N\u00f4\u017e <strong>Muela<\/strong> CRIOLLO-18. \u0160portov\u00fd n\u00f4\u017e Muela Criollo-18: Perfektn\u00fd pre grilovanie s kr\u00e1snym ko\u017een\u00fdm puzdrom N\u00f4\u017e Muela Criollo-18 je pr\u00edborov\u00fd \u0161perk ur\u010den\u00fd v\u00fdhradne pre nad\u0161encov grilovania a milovn\u00edkov m\u00e4sa. Tento n\u00f4\u017e, vyroben\u00fd z prvotriednych materi\u00e1lov, vr\u00e1tane lisovanej rukov\u00e4te z palisandrov\u00e9ho dreva, mus\u00ed ma\u0165 ka\u017ed\u00fd kuch\u00e1r na grilovanie. Ak chcete z\u00edska\u0165 presn\u00e9 rezy, ktor\u00e9 priamo ovplyv\u0148uj\u00fa \u0161trukt\u00faru a \u0161\u0165avnatos\u0165 m\u00e4sa, potrebujete spo\u013eahliv\u00fd grilovac\u00ed n\u00f4\u017e. Muela Criollo-18 tieto po\u017eiadavky dokonale sp\u013a\u0148a. Jeho \u010depe\u013e je dlh\u00e1 175 mm, zatia\u013e \u010do rukov\u00e4\u0165 meria 120 mm, \u010do poskytuje vynikaj\u00facu manipul\u00e1ciu s r\u00f4znymi druhmi m\u00e4sa. Rukov\u00e4\u0165 \u0161portov\u00e9ho no\u017ea Muela Criollo-18 je vyroben\u00e1 z \u010diernej micarty, odoln\u00e9ho a trvanliv\u00e9ho materi\u00e1lu zlo\u017een\u00e9ho z tkan\u00edn impregnovan\u00fdch \u017eivicou, vystaven\u00fdch vysok\u00fdm tlakom a teplot\u00e1m. \u010cepe\u013e tohto no\u017ea je vyroben\u00e1 z X50CrMoV15 \u201eMOVA\u201c (1.4116), klasick\u00e9ho materi\u00e1lu pri no\u017eoch Muela. T\u00e1to zliatina, ktor\u00e1 kombinuje molybd\u00e9n a van\u00e1d, poskytuje \u010depeli pozoruhodn\u00fa tvrdos\u0165 a odolnos\u0165 proti kor\u00f3zii. \u010ealej je n\u00f4\u017e doplnen\u00fd elegantn\u00fdm ko\u017een\u00fdm puzdrom. Muela m\u00e1 viac ako sedemro\u010dn\u00fa trad\u00edciu vo v\u00fdrobe exkluz\u00edvnych no\u017eov, vreckov\u00fdch no\u017eov a \u017eiletiek, ktor\u00e9 s\u00fa celosvetovou referenciou v oblasti pr\u00edborov. Pomocou starostlivo vybran\u00fdch materi\u00e1lov, ako je martenzitick\u00e1 oce\u013e v \u010depeliach a pri niektor\u00fdch modeloch dokonca jelenie paroh, je ka\u017ed\u00fd kus vyrezan\u00fd a vybaven\u00fd modern\u00fdm strojn\u00fdm zariaden\u00edm a remeseln\u00fdm n\u00e1dychom. Na\u0161i sk\u00fasen\u00ed no\u017eiari dokon\u010duj\u00fa ka\u017ed\u00fd kus remeseln\u00fdm a starostliv\u00fdm sp\u00f4sobom, vr\u00e1tane ostrenia, le\u0161tenia a pr\u00edsnej kontroly kvality. Za\u017eite trad\u00edciu a kvalitu Muela so \u0161portov\u00fdm no\u017eom Muela Criollo-18 \u2013 perfektnou vo\u013ebou pre va\u0161e nezabudnute\u013en\u00e9 grilovanie.               &nbsp;<\/p>\n<p>&nbsp;  Technick\u00fd popis K\u00f3d: CRIOLLO-18 Zna\u010dka: Muela Model: Barbecue and Criollo Kitchen-18 Materi\u00e1l rukov\u00e4te: \u010cierna Micarta Materi\u00e1l \u010depele: 1.4116 D\u013a\u017eka \u010depele: 17 cm Celkov\u00e1 d\u013a\u017eka: 29 cm Tvrdos\u0165 ocele: 56 \u2013 58 HRC Hmot  &nbsp;<\/p>\n","protected":false},"excerpt":{"rendered":"<p><strong>\u0160portov\u00fd n\u00f4\u017e Muela Criollo-18: Perfektn\u00fd na grilovanie s kr\u00e1snym ko\u017een\u00fdm puzdrom.<\/strong><\/p>\n","protected":false},"featured_media":356611,"comment_status":"open","ping_status":"closed","template":"","meta":[],"pwb-brand":[3910],"product_brand":[],"product_cat":[3187,3186],"product_tag":[3668],"class_list":{"0":"post-356624","1":"product","2":"type-product","3":"status-publish","4":"has-post-thumbnail","6":"pwb-brand-muela-sk","7":"product_cat-pevne-noze-sk","8":"product_cat-noze-sk","9":"product_tag-b2b-sk","11":"first","12":"instock","13":"taxable","14":"shipping-taxable","15":"purchasable","16":"product-type-simple"},"brands":[{"id":3910,"name":"Muela","slug":"muela-sk"}],"_links":{"self":[{"href":"https:\/\/www.moskito.cz\/sk\/wp-json\/wp\/v2\/product\/356624","targetHints":{"allow":["GET"]}}],"collection":[{"href":"https:\/\/www.moskito.cz\/sk\/wp-json\/wp\/v2\/product"}],"about":[{"href":"https:\/\/www.moskito.cz\/sk\/wp-json\/wp\/v2\/types\/product"}],"replies":[{"embeddable":true,"href":"https:\/\/www.moskito.cz\/sk\/wp-json\/wp\/v2\/comments?post=356624"}],"wp:featuredmedia":[{"embeddable":true,"href":"https:\/\/www.moskito.cz\/sk\/wp-json\/wp\/v2\/media\/356611"}],"wp:attachment":[{"href":"https:\/\/www.moskito.cz\/sk\/wp-json\/wp\/v2\/media?parent=356624"}],"wp:term":[{"taxonomy":"pwb-brand","embeddable":true,"href":"https:\/\/www.moskito.cz\/sk\/wp-json\/wp\/v2\/pwb-brand?post=356624"},{"taxonomy":"product_brand","embeddable":true,"href":"https:\/\/www.moskito.cz\/sk\/wp-json\/wp\/v2\/product_brand?post=356624"},{"taxonomy":"product_cat","embeddable":true,"href":"https:\/\/www.moskito.cz\/sk\/wp-json\/wp\/v2\/product_cat?post=356624"},{"taxonomy":"product_tag","embeddable":true,"href":"https:\/\/www.moskito.cz\/sk\/wp-json\/wp\/v2\/product_tag?post=356624"}],"curies":[{"name":"wp","href":"https:\/\/api.w.org\/{rel}","templated":true}]}}