{"id":356683,"date":"2024-08-14T12:22:13","date_gmt":"2024-08-14T11:22:47","guid":{"rendered":"https:\/\/www.moskito.cz\/produkt\/pevny-noz-muela-mirage-20\/"},"modified":"2025-05-07T11:23:19","modified_gmt":"2025-05-07T10:23:19","slug":"pevny-noz-muela-mirage-20","status":"publish","type":"product","link":"https:\/\/www.moskito.cz\/sk\/produkt\/pevny-noz-muela-mirage-20\/","title":{"rendered":"Pevn\u00fd N\u00f4\u017e Muela MIRAGE-20"},"content":{"rendered":"<p>Pevn\u00fd N\u00f4\u017e <strong>Muela<\/strong> MIRAGE-20. Univerz\u00e1lny stredne ve\u013ek\u00fd n\u00f4\u017e MIRAGE-20 s pevnou \u010depe\u013eou zo s\u00e9rie MIRAGE &#8211; jeden z najzn\u00e1mej\u0161\u00edch radov no\u017eov \u0161panielskej spolo\u010dnosti Muela. Extr\u00e9mne univerz\u00e1lny s mas\u00edvnou \u010depe\u013eou, vydr\u017e\u00ed ak\u00fako\u013evek pr\u00e1cu v ak\u00fdchko\u013evek podmienkach. Vynikaj\u00faci n\u00f4\u017e na pre\u017eitie, bivak bude fungova\u0165 ako taktick\u00fd n\u00f4\u017e, po\u013eovn\u00fd. \u010cepe\u013e &#8211; s falo\u0161nou \u010depe\u013eou Clip Point, hr\u00fabka 4,6 mm. Vyroben\u00e9 z nehrdzavej\u00facej, trvanlivej nerezovej ocele 420H s vysok\u00fdm obsahom uhl\u00edka a vysokou r\u00e1zovou h\u00fa\u017eevnatos\u0165ou, kalen\u00e9 v rozmedz\u00ed 54-58 HRC. \u010cepe\u013e je pokryt\u00e1 antireflexnou povrchovou \u00fapravou Satin Finish (polomatn\u00e1), ktor\u00e1 eliminuje odlesky. Hladk\u00e1 \u010depe\u013e (typ Plain) bola vyroben\u00e1 s konk\u00e1vnym v\u00fdbrusom (Hollow Grind), poskytuje dobr\u00e9 rezn\u00e9 vlastnosti. Na hrebeni \u010depele je univerz\u00e1lna multifunk\u010dn\u00e1 p\u00edla vhodn\u00e1 na rezanie okrem in\u00e9ho l\u00e1n, p\u00e1sov. Na z\u00e1kladni \u010depele bol umiestnen\u00fd obojstrann\u00fd paz\u00far chr\u00e1niaci pred sk\u013aznut\u00edm ruky po \u010depeli. Rukov\u00e4\u0165 &#8211; kryt\u00e1 elastick\u00fdm \u00fapletom z \u010dierneho elastom\u00e9ru. M\u00e4kk\u00e1 gumov\u00e1 rukov\u00e4\u0165 zaru\u010duje ve\u013emi dobr\u00fd \u00fachop, n\u00f4\u017e sa ne\u0161m\u00fdka z ruky a pevn\u00fd a pevn\u00fd \u00fachop umo\u017e\u0148uje presn\u00e9 pohyby no\u017eom. V zadnej \u010dasti rukov\u00e4te je zv\u00e4\u010d\u0161en\u00fd otvor pre k\u00e1bel. Puzdro &#8211; v \u010diernej farbe. Vyroben\u00e9 z pr\u00edrodnej ko\u017ee, zap\u00ednanie na patentku umo\u017e\u0148uje bezpe\u010dn\u00e9 nosenie no\u017ea.               Okraje po\u0161vy boli ob\u0161it\u00e9 ozdobnou ni\u0165ou. Vyrazen\u00e9 logo v\u00fdrobcu na prednej strane. Po\u0161va m\u00e1 upevnenie na opasok alebo obaly na pren\u00e1\u0161anie no\u017ea vo zvislej polohe. Technick\u00e1 \u0161pecifik\u00e1cia: Produktov\u00e9 \u010d\u00edslo: MIRAGE-20 Typ ocele: 420H D\u013a\u017eka \u010depele: 20 cm \/ 7,87 &#8222;Hr\u00fabka \u010depele: 0.46 cm \/ 0,18&#8243; Celkov\u00e1 d\u013a\u017eka: 32.5 cm \/ 12,80&#8220; Hmotnos\u0165: 375 g \/ 13, 23 oz \u010cepe\u013e: Oby\u010dajn\u00e1 Typ \u010depele: Clip Point Typ rezu: Konk\u00e1vne Typ rukov\u00e4te: Termorun Po\u0161va: Ko\u017ea V\u00fdrobca: Muela, \u0160panielsko    &nbsp;<\/p>\n","protected":false},"excerpt":{"rendered":"<p><strong>Extr\u00e9mne univerz\u00e1lny n\u00f4\u017e s mas\u00edvnou \u010depe\u013eou, vydr\u017e\u00ed ak\u00fako\u013evek pr\u00e1cu v ak\u00fdchko\u013evek podmienkach. Vynikaj\u00faci n\u00f4\u017e na pre\u017eitie, bivak bude fungova\u0165 ako taktick\u00fd n\u00f4\u017e, po\u013eovn\u00fd. <\/strong><\/p>\n","protected":false},"featured_media":356655,"comment_status":"open","ping_status":"closed","template":"","meta":[],"pwb-brand":[3910],"product_brand":[],"product_cat":[3187,3186],"product_tag":[3668],"class_list":{"0":"post-356683","1":"product","2":"type-product","3":"status-publish","4":"has-post-thumbnail","6":"pwb-brand-muela-sk","7":"product_cat-pevne-noze-sk","8":"product_cat-noze-sk","9":"product_tag-b2b-sk","11":"first","12":"instock","13":"taxable","14":"shipping-taxable","15":"purchasable","16":"product-type-simple"},"brands":[{"id":3910,"name":"Muela","slug":"muela-sk"}],"_links":{"self":[{"href":"https:\/\/www.moskito.cz\/sk\/wp-json\/wp\/v2\/product\/356683","targetHints":{"allow":["GET"]}}],"collection":[{"href":"https:\/\/www.moskito.cz\/sk\/wp-json\/wp\/v2\/product"}],"about":[{"href":"https:\/\/www.moskito.cz\/sk\/wp-json\/wp\/v2\/types\/product"}],"replies":[{"embeddable":true,"href":"https:\/\/www.moskito.cz\/sk\/wp-json\/wp\/v2\/comments?post=356683"}],"wp:featuredmedia":[{"embeddable":true,"href":"https:\/\/www.moskito.cz\/sk\/wp-json\/wp\/v2\/media\/356655"}],"wp:attachment":[{"href":"https:\/\/www.moskito.cz\/sk\/wp-json\/wp\/v2\/media?parent=356683"}],"wp:term":[{"taxonomy":"pwb-brand","embeddable":true,"href":"https:\/\/www.moskito.cz\/sk\/wp-json\/wp\/v2\/pwb-brand?post=356683"},{"taxonomy":"product_brand","embeddable":true,"href":"https:\/\/www.moskito.cz\/sk\/wp-json\/wp\/v2\/product_brand?post=356683"},{"taxonomy":"product_cat","embeddable":true,"href":"https:\/\/www.moskito.cz\/sk\/wp-json\/wp\/v2\/product_cat?post=356683"},{"taxonomy":"product_tag","embeddable":true,"href":"https:\/\/www.moskito.cz\/sk\/wp-json\/wp\/v2\/product_tag?post=356683"}],"curies":[{"name":"wp","href":"https:\/\/api.w.org\/{rel}","templated":true}]}}