{"id":356689,"date":"2024-08-14T12:11:18","date_gmt":"2024-08-14T11:22:51","guid":{"rendered":"https:\/\/www.moskito.cz\/produkt\/pevny-noz-muela-sarrio-19r\/"},"modified":"2025-05-07T11:23:20","modified_gmt":"2025-05-07T10:23:20","slug":"pevny-noz-muela-sarrio-19r","status":"publish","type":"product","link":"https:\/\/www.moskito.cz\/sk\/produkt\/pevny-noz-muela-sarrio-19r\/","title":{"rendered":"Pevn\u00fd N\u00f4\u017e Muela SARRIO-19R"},"content":{"rendered":"<p>Pevn\u00fd N\u00f4\u017e <strong>Muela<\/strong> SARRIO-19R. Univerz\u00e1lny taktick\u00fd n\u00f4\u017e s pevnou \u010depe\u013eou, ktor\u00fd by ste skuto\u010dne mali ma\u0165! Vyrobila ho \u0161panielska spolo\u010dnos\u0165 Muela. V\u00fdnimo\u010dne odoln\u00fd s pevnou \u010depe\u013eou, stvoren\u00fd na ka\u017ed\u00fa pr\u00e1cu za v\u0161etk\u00fdch podmienok. Ide\u00e1lne na kempovanie, ide\u00e1lne sa hod\u00ed ako taktick\u00fd n\u00f4\u017e, n\u00f4\u017e na pre\u017eitie a tie\u017e ako n\u00f4\u017e pre lovcov, EDC.     Vyroben\u00e9 z molybd\u00e9n-van\u00e1diovej ocele (MoVa). \u010cepe\u013e &#8211; s upraven\u00fdm profilom Clip Point, hr\u00fabka 4,5 milimetra, kalen\u00e1 v rozmedz\u00ed 57-58 HRC. Vyroben\u00e9 z nerezovej ocele X50CrMoV15, odolnej a dobre zaostrenej molybd\u00e9n-van\u00e1diovej ocele. \u010cepe\u013e s dobr\u00fdmi mechanick\u00fdmi vlastnos\u0165ami a dlhotrvaj\u00facou ostros\u0165ou. Nereflexn\u00e1 vrstva Satin Finish (polomatn\u00e1) eliminuje odlesky. Hladk\u00e1 \u010depe\u013e (typ Plain) bola vyroben\u00e1 s pln\u00fdm ploch\u00fdm v\u00fdbrusom (Full Flat Grind), \u010do zn\u00ed\u017eilo hmotnos\u0165 no\u017ea a zlep\u0161ilo rezn\u00e9 vlastnosti.     Puzdro zaru\u010duje bezpe\u010dn\u00e9 pren\u00e1\u0161anie no\u017ea. Vyroben\u00e9 z pr\u00edrodnej, \u010diernej ko\u017ee s vyrazen\u00fdm logom Muela Company. Po\u0161va bola na okrajoch pre\u0161it\u00e1 ozdobnou ni\u0165ou. Po\u0161va m\u00e1 upevnenie na opasok na nosenie no\u017ea vo zvislej polohe. \u010cepe\u013e je vyroben\u00e1 z kvalitnej molybd\u00e9n-van\u00e1diovej nerezovej ocele so sat\u00e9novou povrchovou \u00fapravou. Rukov\u00e4\u0165 z lakovan\u00e9ho dreva Pakka je doplnen\u00e1 kovovou z\u00e1\u0161titou a hlavicou so zdoben\u00edm. K no\u017eu sa dod\u00e1va kvalitn\u00e9 ko\u017een\u00e9 p\u00fazdro. Cel\u00fd popis produktu: Materi\u00e1l \u010depele: MoVa Materi\u00e1l rukov\u00e4te: Pakka, Kov Materi\u00e1l puzdra: Ko\u017een\u00e9 D\u013a\u017eka \u010depele: 19 cm Celkov\u00e1 d\u013a\u017eka: 32 cm D\u013a\u017eka rukov\u00e4te: 13 cm Hmotnos\u0165: 333 g Typ \u010depele: Bowie   <\/p>\n","protected":false},"excerpt":{"rendered":"<p><strong>Univerz\u00e1lny taktick\u00fd n\u00f4\u017e s pevnou \u010depe\u013eou, ktor\u00fd by ste skuto\u010dne mali ma\u0165!<\/strong><\/p>\n","protected":false},"featured_media":356638,"comment_status":"open","ping_status":"closed","template":"","meta":[],"pwb-brand":[3910],"product_brand":[],"product_cat":[3187,3186],"product_tag":[3668],"class_list":{"0":"post-356689","1":"product","2":"type-product","3":"status-publish","4":"has-post-thumbnail","6":"pwb-brand-muela-sk","7":"product_cat-pevne-noze-sk","8":"product_cat-noze-sk","9":"product_tag-b2b-sk","11":"first","12":"instock","13":"taxable","14":"shipping-taxable","15":"purchasable","16":"product-type-simple"},"brands":[{"id":3910,"name":"Muela","slug":"muela-sk"}],"_links":{"self":[{"href":"https:\/\/www.moskito.cz\/sk\/wp-json\/wp\/v2\/product\/356689","targetHints":{"allow":["GET"]}}],"collection":[{"href":"https:\/\/www.moskito.cz\/sk\/wp-json\/wp\/v2\/product"}],"about":[{"href":"https:\/\/www.moskito.cz\/sk\/wp-json\/wp\/v2\/types\/product"}],"replies":[{"embeddable":true,"href":"https:\/\/www.moskito.cz\/sk\/wp-json\/wp\/v2\/comments?post=356689"}],"wp:featuredmedia":[{"embeddable":true,"href":"https:\/\/www.moskito.cz\/sk\/wp-json\/wp\/v2\/media\/356638"}],"wp:attachment":[{"href":"https:\/\/www.moskito.cz\/sk\/wp-json\/wp\/v2\/media?parent=356689"}],"wp:term":[{"taxonomy":"pwb-brand","embeddable":true,"href":"https:\/\/www.moskito.cz\/sk\/wp-json\/wp\/v2\/pwb-brand?post=356689"},{"taxonomy":"product_brand","embeddable":true,"href":"https:\/\/www.moskito.cz\/sk\/wp-json\/wp\/v2\/product_brand?post=356689"},{"taxonomy":"product_cat","embeddable":true,"href":"https:\/\/www.moskito.cz\/sk\/wp-json\/wp\/v2\/product_cat?post=356689"},{"taxonomy":"product_tag","embeddable":true,"href":"https:\/\/www.moskito.cz\/sk\/wp-json\/wp\/v2\/product_tag?post=356689"}],"curies":[{"name":"wp","href":"https:\/\/api.w.org\/{rel}","templated":true}]}}