{"id":356766,"date":"2024-08-14T13:11:09","date_gmt":"2024-08-14T12:20:57","guid":{"rendered":"https:\/\/www.moskito.cz\/produkt\/pevny-noz-muela-sherpa-18c\/"},"modified":"2025-05-07T11:23:22","modified_gmt":"2025-05-07T10:23:22","slug":"pevny-noz-muela-sherpa-18c","status":"publish","type":"product","link":"https:\/\/www.moskito.cz\/sk\/produkt\/pevny-noz-muela-sherpa-18c\/","title":{"rendered":"Pevn\u00fd N\u00f4\u017e Muela SHERPA-18C"},"content":{"rendered":"<p>Pevn\u00fd N\u00f4\u017e <strong>Muela<\/strong> SHERPA-18C. Muela Sherpa 18-C Brown Micarta, sat\u00e9nov\u00e1, outdoorov\u00e1 ma\u010deta s plnou tangovou kon\u0161trukciou.  \u010cepe\u013e z nerezovej ocele X50CrMoV15 so sat\u00e9novou povrchovou \u00fapravou. Pohodln\u00e1 micarta rukov\u00e4\u0165. Vynikaj\u00faci pomocn\u00edk pre lov, outdoorov\u00e9 aktivity alebo survival. 1.4116 (X50CrMoV15) &#8211; molybd\u00e9n-van\u00e1diov\u00e1 vysoko uhl\u00edkov\u00e1, martenzitick\u00e1 nerezov\u00e1 oce\u013e, vysoko odoln\u00e1 vo\u010di kor\u00f3zii a opotrebovaniu. Pou\u017e\u00edva sa pri v\u00fdrobe no\u017eov, \u0161pi\u010dkov\u00fdch pr\u00edborov a chirurgick\u00fdch n\u00e1strojov. Vyzna\u010duje sa pomerne vysokou tvrdos\u0165ou pri nerezov\u00fdch oceliach 57-58 HRC. Chemick\u00e9 zlo\u017eenie ocele je obohaten\u00e9 o pr\u00edmes 15,0% chr\u00f3mu, 0,80% molybd\u00e9nu, 0,20% van\u00e1du. \u010cepe\u013e &#8211; Typ Cleaver (kosa\u010dka) s rovnou l\u00edniou reznej hrany. Oby\u010dajn\u00e1 \u010depe\u013e bola odvoden\u00e1 od Flat Grind, ktor\u00e1 poskytuje vynikaj\u00face rezn\u00e9 vlastnosti v kombin\u00e1cii s vynikaj\u00facou odolnos\u0165ou. Ve\u013ek\u00fd choil u\u013eah\u010duje ovl\u00e1danie ma\u010dety pre presnej\u0161iu pr\u00e1cu. Rukov\u00e4\u0165 &#8211; profilovan\u00e1, pokryt\u00e1 le\u0161ten\u00fdmi vodeodoln\u00fdmi micarta gripmi. Poskytuje pohodln\u00e9 a bezpe\u010dn\u00e9 uchopenie. Prostredn\u00edctvom nitov prichyt\u00e1vaj\u00facich kryty rukov\u00e4te s\u00fa vyroben\u00e9 z vysoko niklovej mosadze. Hlbok\u00e1 dr\u00e1\u017eka pre prsty vytv\u00e1ra mini z\u00e1\u0161titu, ktor\u00e1 zabra\u0148uje sk\u013aznutiu ruky po \u010depeli. Na zadnej strane rukov\u00e4te je otvor pre bezpe\u010dnostn\u00fa \u0161n\u00faru (s\u00fa\u010das\u0165ou balenia). Po\u0161va &#8211; vyroben\u00e1 z dobre vy\u010dinenej pr\u00edrodnej hov\u00e4dzej ko\u017ee v hnedej farbe.    Na povrchu vyrazen\u00e9 logo v\u00fdrobcu. Po\u0161va je na okrajoch pre\u0161it\u00e1 ozdobnou ni\u0165ou. Mont\u00e1\u017e na opasok alebo na vybavenie v\u00e1\u0161ho vybavenia v\u00e1m umo\u017en\u00ed nosi\u0165 n\u00f4\u017e vo vzpriamenej polohe. Technick\u00e9 \u00fadaje: Produktov\u00e9 \u010d\u00edslo: Sherpa 18-C N\u00e1zov produktu: Muela Sherpa 18-C Brown Micarta, Satin Celkov\u00e1 d\u013a\u017eka: 33 cm \/ 13,0&#8243; D\u013a\u017eka \u010depele: 17 cm \/ 6,69&#8243; Hr\u00fabka \u010depele: nd D\u013a\u017eka rukov\u00e4te: 16 cm \/ 6,3&#8243; Hr\u00fabka rukov\u00e4te: nd Hmotnos\u0165: 850,0 g \/ 30,0 oz Materi\u00e1l \u010depele: X50CrMoV15 Tvrdos\u0165 \u010depele: nd Br\u00fasenie \u010depele: Ploch\u00e9 Povrchov\u00e1 \u00faprava \u010depele: sat\u00e9n Materi\u00e1l rukov\u00e4te: Micarta Farba puzdro): Ko\u017ea \u010eal\u0161ie pr\u00edslu\u0161enstvo: Paracord lano Dizajn\u00e9r: Muela N\u00e1zov zna\u010dky: Muela V\u00fdrobca: Manufacturas Muela, SA Krajina p\u00f4vodu: \u0160panielsko  &nbsp;<\/p>\n","protected":false},"excerpt":{"rendered":"<p><strong>Muela Sherpa 18-C Brown Micarta, sat\u00e9nov\u00e1, outdoorov\u00e1 ma\u010deta s plnou t\u00e1ng kon\u0161trukciou.<\/strong><\/p>\n","protected":false},"featured_media":356703,"comment_status":"open","ping_status":"closed","template":"","meta":[],"pwb-brand":[3910],"product_brand":[],"product_cat":[3186,3187],"product_tag":[3668],"class_list":{"0":"post-356766","1":"product","2":"type-product","3":"status-publish","4":"has-post-thumbnail","6":"pwb-brand-muela-sk","7":"product_cat-noze-sk","8":"product_cat-pevne-noze-sk","9":"product_tag-b2b-sk","11":"first","12":"instock","13":"taxable","14":"shipping-taxable","15":"purchasable","16":"product-type-simple"},"brands":[{"id":3910,"name":"Muela","slug":"muela-sk"}],"_links":{"self":[{"href":"https:\/\/www.moskito.cz\/sk\/wp-json\/wp\/v2\/product\/356766","targetHints":{"allow":["GET"]}}],"collection":[{"href":"https:\/\/www.moskito.cz\/sk\/wp-json\/wp\/v2\/product"}],"about":[{"href":"https:\/\/www.moskito.cz\/sk\/wp-json\/wp\/v2\/types\/product"}],"replies":[{"embeddable":true,"href":"https:\/\/www.moskito.cz\/sk\/wp-json\/wp\/v2\/comments?post=356766"}],"wp:featuredmedia":[{"embeddable":true,"href":"https:\/\/www.moskito.cz\/sk\/wp-json\/wp\/v2\/media\/356703"}],"wp:attachment":[{"href":"https:\/\/www.moskito.cz\/sk\/wp-json\/wp\/v2\/media?parent=356766"}],"wp:term":[{"taxonomy":"pwb-brand","embeddable":true,"href":"https:\/\/www.moskito.cz\/sk\/wp-json\/wp\/v2\/pwb-brand?post=356766"},{"taxonomy":"product_brand","embeddable":true,"href":"https:\/\/www.moskito.cz\/sk\/wp-json\/wp\/v2\/product_brand?post=356766"},{"taxonomy":"product_cat","embeddable":true,"href":"https:\/\/www.moskito.cz\/sk\/wp-json\/wp\/v2\/product_cat?post=356766"},{"taxonomy":"product_tag","embeddable":true,"href":"https:\/\/www.moskito.cz\/sk\/wp-json\/wp\/v2\/product_tag?post=356766"}],"curies":[{"name":"wp","href":"https:\/\/api.w.org\/{rel}","templated":true}]}}