{"id":356770,"date":"2024-08-14T13:18:37","date_gmt":"2024-08-14T12:21:00","guid":{"rendered":"https:\/\/www.moskito.cz\/produkt\/pevny-noz-muela-gaucho-20a\/"},"modified":"2026-02-27T10:42:11","modified_gmt":"2026-02-27T09:42:11","slug":"pevny-noz-muela-gaucho-20a","status":"publish","type":"product","link":"https:\/\/www.moskito.cz\/sk\/produkt\/pevny-noz-muela-gaucho-20a\/","title":{"rendered":"Pevn\u00fd N\u00f4\u017e Muela GAUCHO-20A"},"content":{"rendered":"<p>Pevn\u00fd N\u00f4\u017e <strong>Muela<\/strong> GAUCHO-20A. No\u017ee <strong>Muela<\/strong> s\u00fa produkciou \u0161panielskej firmy, ktor\u00e1 vyr\u00e1ba cenovo prijate\u013en\u00e9 a kvalitn\u00e9 loveck\u00e9 no\u017ee, zatv\u00e1racie no\u017ee, luxusn\u00e9 no\u017ee a mnoh\u00e9 \u010fal\u0161ie. Pri v\u00fdrobe \u010depel\u00ed spolo\u010dnos\u0165 Muela pou\u017e\u00edvaj\u00fa r\u00f4zne druhy ocele napr. 12C27 Sandvik, 14C28N, molybd\u00e9n-van\u00e1diov\u00e1 oce\u013e MOVA 60 s tvrdos\u0165ou 57-61 HRC, oce\u013e Inox 1-42 s tvrdos\u0165ou 54-58HRC a \u010depele s ozna\u010den\u00edm 440 s\u00fa vyroben\u00e9 z ocele Mova-60E. Dama\u0161kov\u00e9 no\u017ee Muela s\u00fa v\u00fdsledkom kombin\u00e1cie dvoch ocel\u00ed a to RWL34 a MPC27, ktor\u00e9 maj\u00fa tvrdos\u0165 57-62 HRC. Rukov\u00e4te no\u017eov Muela zdobia kvalitn\u00e9 materi\u00e1ly medzi ktor\u00e9 patr\u00ed paroh a r\u00f4zne druhy dreva: olivov\u00e9, Africa Blackwood, Kingwood, COCOBOLO, Amazonas Rosewood a orechov\u00e9 drevo. \u0160t\u00edhly po\u013eovn\u00fd n\u00f4\u017e s jednoduch\u00fdm a priamo\u010diarym dizajnom. Jeho dlh\u00fa \u010depe\u013e vyu\u017eij\u00fa pri r\u00f4znych \u010dinnostiach hlavne lovci a lovci. Rukov\u00e4\u0165 z jelenia parohu pod\u010diarkuje celkov\u00fd dojem. \u010cepe\u013e je vyroben\u00e1 z kvalitnej nerezovej ocele. V\u00fdbeh ostrie sl\u00fa\u017ei ako z\u00e1\u0161tita pri pr\u00e1ci.      Kovanie a p\u00e4tka rukov\u00e4te s\u00fa kovov\u00e9 v striebornej farbe. N\u00f4\u017e sa dod\u00e1va s hned\u00fdm ko\u017een\u00fdm puzdrom. Cel\u00fd popis produktu Materi\u00e1l \u010depele: X50CrMoV15 Materi\u00e1l rukov\u00e4te: Paroh Materi\u00e1l puzdra: Ko\u017een\u00e9 D\u013a\u017eka \u010depele: 20 cm Celkov\u00e1 d\u013a\u017eka: 32.5 cm D\u013a\u017eka rukov\u00e4te: 12.5 cm Hmotnos\u0165: 220 g Vyu\u017eitie: Loveck\u00fd Typ no\u017ea: Full Tang <\/p>\n","protected":false},"excerpt":{"rendered":"<p><strong>No\u017ee Muela s\u00fa produkciou \u0161panielskej firmy, ktor\u00e1 vyr\u00e1ba cenovo prijate\u013en\u00e9 a kvalitn\u00e9 loveck\u00e9 no\u017ee, zatv\u00e1racie no\u017ee, luxusn\u00e9 no\u017ee a mnoh\u00e9 \u010fal\u0161ie.<\/strong><\/p>\n","protected":false},"featured_media":356753,"comment_status":"open","ping_status":"closed","template":"","meta":[],"pwb-brand":[3910],"product_brand":[],"product_cat":[3186,3187],"product_tag":[3668],"class_list":{"0":"post-356770","1":"product","2":"type-product","3":"status-publish","4":"has-post-thumbnail","6":"pwb-brand-muela-sk","7":"product_cat-noze-sk","8":"product_cat-pevne-noze-sk","9":"product_tag-b2b-sk","11":"first","12":"outofstock","13":"taxable","14":"shipping-taxable","15":"purchasable","16":"product-type-simple"},"brands":[{"id":3910,"name":"Muela","slug":"muela-sk"}],"_links":{"self":[{"href":"https:\/\/www.moskito.cz\/sk\/wp-json\/wp\/v2\/product\/356770","targetHints":{"allow":["GET"]}}],"collection":[{"href":"https:\/\/www.moskito.cz\/sk\/wp-json\/wp\/v2\/product"}],"about":[{"href":"https:\/\/www.moskito.cz\/sk\/wp-json\/wp\/v2\/types\/product"}],"replies":[{"embeddable":true,"href":"https:\/\/www.moskito.cz\/sk\/wp-json\/wp\/v2\/comments?post=356770"}],"wp:featuredmedia":[{"embeddable":true,"href":"https:\/\/www.moskito.cz\/sk\/wp-json\/wp\/v2\/media\/356753"}],"wp:attachment":[{"href":"https:\/\/www.moskito.cz\/sk\/wp-json\/wp\/v2\/media?parent=356770"}],"wp:term":[{"taxonomy":"pwb-brand","embeddable":true,"href":"https:\/\/www.moskito.cz\/sk\/wp-json\/wp\/v2\/pwb-brand?post=356770"},{"taxonomy":"product_brand","embeddable":true,"href":"https:\/\/www.moskito.cz\/sk\/wp-json\/wp\/v2\/product_brand?post=356770"},{"taxonomy":"product_cat","embeddable":true,"href":"https:\/\/www.moskito.cz\/sk\/wp-json\/wp\/v2\/product_cat?post=356770"},{"taxonomy":"product_tag","embeddable":true,"href":"https:\/\/www.moskito.cz\/sk\/wp-json\/wp\/v2\/product_tag?post=356770"}],"curies":[{"name":"wp","href":"https:\/\/api.w.org\/{rel}","templated":true}]}}