{"id":356806,"date":"2024-08-14T13:32:42","date_gmt":"2024-08-14T12:33:34","guid":{"rendered":"https:\/\/www.moskito.cz\/produkt\/pevny-noz-muela-gaucho-20co\/"},"modified":"2025-05-07T11:23:24","modified_gmt":"2025-05-07T10:23:24","slug":"pevny-noz-muela-gaucho-20co","status":"publish","type":"product","link":"https:\/\/www.moskito.cz\/sk\/produkt\/pevny-noz-muela-gaucho-20co\/","title":{"rendered":"Pevn\u00fd N\u00f4\u017e Muela GAUCHO-20CO"},"content":{"rendered":"<p>Pevn\u00fd N\u00f4\u017e <strong>Muela<\/strong> GAUCHO-20CO. Loveck\u00fd n\u00f4\u017e od \u0161panielskej firmy Muela vhodn\u00fd pre po\u013eovn\u00edkov, ktor\u00ed potrebuj\u00fa n\u00f4\u017e s dlhou \u0161t\u00edhlou \u010depe\u013eou. Rovnako u\u017eito\u010dn\u00fd bude aj pri pobyte v pr\u00edrode a kempovan\u00ed. \u010cepe\u013e je vyroben\u00e1 z nerezovej ocele MoVa. Elegantn\u00e1 rukov\u00e4\u0165 z dreva Pakka je zakon\u010den\u00e1 oce\u013eovou p\u00e4tkou. K no\u017eu sa dod\u00e1va ko\u017een\u00e9 puzdro. Materi\u00e1l \u010depele: MoVa Materi\u00e1l rukov\u00e4te: Pakka Materi\u00e1l puzdra: Ko\u017een\u00e9 D\u013a\u017eka \u010depele: 20 cm Celkov\u00e1 d\u013a\u017eka: 33 cm D\u013a\u017eka rukov\u00e4te: 13 cm Hmotnos\u0165: 204 g Typ \u010depele: Drop Point      <\/p>\n","protected":false},"excerpt":{"rendered":"<p><strong>Loveck\u00fd n\u00f4\u017e od \u0161panielskej firmy Muela vhodn\u00fd pre po\u013eovn\u00edkov, ktor\u00ed potrebuj\u00fa n\u00f4\u017e s dlhou \u0161t\u00edhlou \u010depe\u013eou. Rovnako u\u017eito\u010dn\u00fd bude aj pri pobyte v pr\u00edrode a kempovan\u00ed. <\/strong><\/p>\n","protected":false},"featured_media":356785,"comment_status":"open","ping_status":"closed","template":"","meta":[],"pwb-brand":[3910],"product_brand":[],"product_cat":[3186,3187],"product_tag":[3668],"class_list":{"0":"post-356806","1":"product","2":"type-product","3":"status-publish","4":"has-post-thumbnail","6":"pwb-brand-muela-sk","7":"product_cat-noze-sk","8":"product_cat-pevne-noze-sk","9":"product_tag-b2b-sk","11":"first","12":"instock","13":"taxable","14":"shipping-taxable","15":"purchasable","16":"product-type-simple"},"brands":[{"id":3910,"name":"Muela","slug":"muela-sk"}],"_links":{"self":[{"href":"https:\/\/www.moskito.cz\/sk\/wp-json\/wp\/v2\/product\/356806","targetHints":{"allow":["GET"]}}],"collection":[{"href":"https:\/\/www.moskito.cz\/sk\/wp-json\/wp\/v2\/product"}],"about":[{"href":"https:\/\/www.moskito.cz\/sk\/wp-json\/wp\/v2\/types\/product"}],"replies":[{"embeddable":true,"href":"https:\/\/www.moskito.cz\/sk\/wp-json\/wp\/v2\/comments?post=356806"}],"wp:featuredmedia":[{"embeddable":true,"href":"https:\/\/www.moskito.cz\/sk\/wp-json\/wp\/v2\/media\/356785"}],"wp:attachment":[{"href":"https:\/\/www.moskito.cz\/sk\/wp-json\/wp\/v2\/media?parent=356806"}],"wp:term":[{"taxonomy":"pwb-brand","embeddable":true,"href":"https:\/\/www.moskito.cz\/sk\/wp-json\/wp\/v2\/pwb-brand?post=356806"},{"taxonomy":"product_brand","embeddable":true,"href":"https:\/\/www.moskito.cz\/sk\/wp-json\/wp\/v2\/product_brand?post=356806"},{"taxonomy":"product_cat","embeddable":true,"href":"https:\/\/www.moskito.cz\/sk\/wp-json\/wp\/v2\/product_cat?post=356806"},{"taxonomy":"product_tag","embeddable":true,"href":"https:\/\/www.moskito.cz\/sk\/wp-json\/wp\/v2\/product_tag?post=356806"}],"curies":[{"name":"wp","href":"https:\/\/api.w.org\/{rel}","templated":true}]}}