{"id":356839,"date":"2024-08-14T13:58:01","date_gmt":"2024-08-14T12:58:34","guid":{"rendered":"https:\/\/www.moskito.cz\/produkt\/pevny-noz-muela-rehala-27s\/"},"modified":"2025-05-07T11:23:25","modified_gmt":"2025-05-07T10:23:25","slug":"pevny-noz-muela-rehala-27s","status":"publish","type":"product","link":"https:\/\/www.moskito.cz\/sk\/produkt\/pevny-noz-muela-rehala-27s\/","title":{"rendered":"Pevn\u00fd N\u00f4\u017e Muela REHALA-27S"},"content":{"rendered":"<p>Pevn\u00fd N\u00f4\u017e <strong>Muela<\/strong> REHALA-27S. Tento n\u00f4\u017e je ur\u010den\u00fd predov\u0161etk\u00fdm pre lovcov a po\u013eovn\u00edkov. V\u010faka dlhej obojstranne br\u00fasenej \u010depeli je ve\u013emi dobre pou\u017eite\u013en\u00fd aj na z\u00e1pich, teda r\u00fdchle usmrtenie postrelenej ve\u013ekej zveri.   No\u017ee <strong>Muela<\/strong> s\u00fa produkciou \u0161panielskej firmy, ktor\u00e1 vyr\u00e1ba cenovo prijate\u013en\u00e9 a kvalitn\u00e9 loveck\u00e9 no\u017ee, zatv\u00e1racie no\u017ee, luxusn\u00e9 no\u017ee a mnoh\u00e9 \u010fal\u0161ie. Pri v\u00fdrobe \u010depel\u00ed spolo\u010dnos\u0165 Muela pou\u017e\u00edvaj\u00fa r\u00f4zne druhy ocele napr.12C27 Sandvik, 14C28N, molybd\u00e9n-van\u00e1diovej ocele MOVA 60 s tvrdos\u0165ou 57-61 HRC, oce\u013e Inox 1-42 s tvrdos\u0165ou 54-58HRC. \u010cepele s ozna\u010den\u00edm 440 s\u00fa vyroben\u00e9 z ocele Mova-60E. Dama\u0161kov\u00e9 no\u017ee Muela s\u00fa v\u00fdsledkom kombin\u00e1cie dvoch ocel\u00ed a to RWL34 a MPC27, ktor\u00e9 maj\u00fa tvrdos\u0165 57-62 HRC. Rukov\u00e4te no\u017eov Muela zdobia kvalitn\u00e9 materi\u00e1ly, medzi ktor\u00e9 patr\u00ed paroh a r\u00f4zne druhy dreva: olivov\u00e9, Africa Blackwood, Kingwood, cocobolo, Amazonas Rosewood a orechov\u00e9 drevo. Detail produktu: N\u00f4\u017e Muela REHALA 27S D\u013a\u017eka no\u017ea: 40 cm D\u013a\u017eka \u010depele: 27 cm Oce\u013e: Nitro42 Materi\u00e1l \u010drienky: paroh Puzdro: Ko\u017ea<\/p>\n","protected":false},"excerpt":{"rendered":"<p><strong>Tento n\u00f4\u017e je ur\u010den\u00fd predov\u0161etk\u00fdm pre lovcov a po\u013eovn\u00edkov. V\u010faka dlhej obojstranne br\u00fasenej \u010depeli je ve\u013emi dobre pou\u017eite\u013en\u00fd aj na z\u00e1pich, teda r\u00fdchle usmrtenie postrelenej ve\u013ekej zveri. <\/strong><\/p>\n<p><strong>Doprava zadarmo.<\/strong><\/p>\n","protected":false},"featured_media":356827,"comment_status":"open","ping_status":"closed","template":"","meta":[],"pwb-brand":[3910],"product_brand":[],"product_cat":[3186,3187],"product_tag":[3668],"class_list":{"0":"post-356839","1":"product","2":"type-product","3":"status-publish","4":"has-post-thumbnail","6":"pwb-brand-muela-sk","7":"product_cat-noze-sk","8":"product_cat-pevne-noze-sk","9":"product_tag-b2b-sk","11":"first","12":"instock","13":"taxable","14":"shipping-taxable","15":"purchasable","16":"product-type-simple"},"brands":[{"id":3910,"name":"Muela","slug":"muela-sk"}],"_links":{"self":[{"href":"https:\/\/www.moskito.cz\/sk\/wp-json\/wp\/v2\/product\/356839","targetHints":{"allow":["GET"]}}],"collection":[{"href":"https:\/\/www.moskito.cz\/sk\/wp-json\/wp\/v2\/product"}],"about":[{"href":"https:\/\/www.moskito.cz\/sk\/wp-json\/wp\/v2\/types\/product"}],"replies":[{"embeddable":true,"href":"https:\/\/www.moskito.cz\/sk\/wp-json\/wp\/v2\/comments?post=356839"}],"wp:featuredmedia":[{"embeddable":true,"href":"https:\/\/www.moskito.cz\/sk\/wp-json\/wp\/v2\/media\/356827"}],"wp:attachment":[{"href":"https:\/\/www.moskito.cz\/sk\/wp-json\/wp\/v2\/media?parent=356839"}],"wp:term":[{"taxonomy":"pwb-brand","embeddable":true,"href":"https:\/\/www.moskito.cz\/sk\/wp-json\/wp\/v2\/pwb-brand?post=356839"},{"taxonomy":"product_brand","embeddable":true,"href":"https:\/\/www.moskito.cz\/sk\/wp-json\/wp\/v2\/product_brand?post=356839"},{"taxonomy":"product_cat","embeddable":true,"href":"https:\/\/www.moskito.cz\/sk\/wp-json\/wp\/v2\/product_cat?post=356839"},{"taxonomy":"product_tag","embeddable":true,"href":"https:\/\/www.moskito.cz\/sk\/wp-json\/wp\/v2\/product_tag?post=356839"}],"curies":[{"name":"wp","href":"https:\/\/api.w.org\/{rel}","templated":true}]}}