{"id":357013,"date":"2022-06-09T15:09:05","date_gmt":"2024-08-15T11:02:53","guid":{"rendered":"https:\/\/www.moskito.cz\/produkt\/pevny-noz-heretic-knives-nephilim-carbon-h003-8a-cf\/"},"modified":"2025-05-07T11:23:31","modified_gmt":"2025-05-07T10:23:31","slug":"pevny-noz-heretic-knives-nephilim-carbon-h003-8a-cf","status":"publish","type":"product","link":"https:\/\/www.moskito.cz\/sk\/produkt\/pevny-noz-heretic-knives-nephilim-carbon-h003-8a-cf\/","title":{"rendered":"Pevn\u00fd N\u00f4\u017e Heretic Knives Nephilim Carbon H003-8A-CF"},"content":{"rendered":"<p>Pevn\u00fd N\u00f4\u017e <strong>Heretic Knives<\/strong> Nephilim Carbon H003-8A-CF. Toto je druh\u00fd dizajn pevnej \u010depele TJ, Nephilim. Vyroben\u00e9 z jedn\u00e9ho kusu nerezovej ocele Elmax a je dostato\u010dne robustn\u00fd, aby zvl\u00e1dlo ak\u00fako\u013evek \u00falohu a je ur\u010den\u00e9 na boj. Rukov\u00e4te z uhl\u00edkov\u00fdch vl\u00e1kien s\u00fa vyroben\u00e9 tak, aby no\u017emi dodali skvel\u00fd vzh\u013ead a pocit, s text\u00farou pre lep\u0161iu pri\u013enavos\u0165. Hmotnos\u0165 10,3 unca, n\u00f4\u017e obsahuje nylonov\u00e9 puzdro s kydexovou vlo\u017ekou a otvorom pre \u0161n\u00farku zabudovan\u00fdm do pa\u017eby. Je to zni\u010duj\u00faca taktick\u00e1 pevn\u00e1 \u010depe\u013e, ktor\u00e1 d\u00e1 poriadne zabra\u0165 a bola hrdo vyroben\u00e1 v USA. Celkov\u00e1 dielika: 30 cm \u010cepe\u013e: 16 cm Elmax Hr\u00fabka \u010depele: 0.5 cm Hmotnos\u0165 9,05 oz. Nylonov\u00e9 puzdro Typ: Pevn\u00e1 \u010depe\u013e Vyroben\u00e9 v USA        &nbsp;<\/p>\n<p>&nbsp;<\/p>\n","protected":false},"excerpt":{"rendered":"<div class=\"elementor-element elementor-element-bbb542b elementor-widget elementor-widget-woocommerce-product-short-description\" data-id=\"bbb542b\" data-element_type=\"widget\" data-widget_type=\"woocommerce-product-short-description.default\">\n<div class=\"elementor-widget-container\">\n<div class=\"woocommerce-product-details__short-description\">\n<div class=\"elementor-element elementor-element-bbb542b elementor-widget elementor-widget-woocommerce-product-short-description\" data-id=\"bbb542b\" data-element_type=\"widget\" data-widget_type=\"woocommerce-product-short-description.default\">\n<div class=\"elementor-widget-container\">\n<div class=\"woocommerce-product-details__short-description\">\n<div class=\"elementor-element elementor-element-bbb542b elementor-widget elementor-widget-woocommerce-product-short-description\" data-id=\"bbb542b\" data-element_type=\"widget\" data-widget_type=\"woocommerce-product-short-description.default\">\n<div class=\"elementor-widget-container\">\n<div class=\"woocommerce-product-details__short-description\">\n<div class=\"elementor-element elementor-element-bbb542b elementor-widget elementor-widget-woocommerce-product-short-description\" data-id=\"bbb542b\" data-element_type=\"widget\" data-widget_type=\"woocommerce-product-short-description.default\">\n<div class=\"elementor-widget-container\">\n<div class=\"woocommerce-product-details__short-description\">  V\u0161etky na\u0161e no\u017ee s\u00fa vyroben\u00e9 v USA a my to tak zachov\u00e1me. Ke\u010f si k\u00fapite niektor\u00fd z na\u0161ich no\u017eov, m\u00f4\u017eete ma\u0165 d\u00f4veru vo svoj n\u00e1stroj s vedom\u00edm, \u017ee je podporovan\u00fd americkou spolo\u010dnos\u0165ou. Na\u0161e no\u017ee s\u00fa vyr\u00e1ban\u00e9 v mal\u00fdch s\u00e9ri\u00e1ch, aby sme zaistili, \u017ee dostanete kvalitn\u00fd n\u00f4\u017e, ktor\u00e9mu sa venuje pozornos\u0165, ktor\u00fa in\u00e9 s\u00e9riovo vyr\u00e1ban\u00e9 no\u017ee nemaj\u00fa.  <strong>Doprava zadarmo.<\/strong><\/p>\n<\/div>\n<\/div>\n<\/div>\n<\/div>\n<\/div>\n<\/div>\n<\/div>\n<\/div>\n<\/div>\n<\/div>\n<\/div>\n<\/div>\n","protected":false},"featured_media":217232,"comment_status":"open","ping_status":"closed","template":"","meta":[],"pwb-brand":[3196],"product_brand":[],"product_cat":[3186,3187],"product_tag":[],"class_list":{"0":"post-357013","1":"product","2":"type-product","3":"status-publish","4":"has-post-thumbnail","6":"pwb-brand-heretic-knives-sk","7":"product_cat-noze-sk","8":"product_cat-pevne-noze-sk","10":"first","11":"instock","12":"taxable","13":"shipping-taxable","14":"purchasable","15":"product-type-simple"},"brands":[{"id":3196,"name":"Heretic Knives","slug":"heretic-knives-sk"}],"_links":{"self":[{"href":"https:\/\/www.moskito.cz\/sk\/wp-json\/wp\/v2\/product\/357013","targetHints":{"allow":["GET"]}}],"collection":[{"href":"https:\/\/www.moskito.cz\/sk\/wp-json\/wp\/v2\/product"}],"about":[{"href":"https:\/\/www.moskito.cz\/sk\/wp-json\/wp\/v2\/types\/product"}],"replies":[{"embeddable":true,"href":"https:\/\/www.moskito.cz\/sk\/wp-json\/wp\/v2\/comments?post=357013"}],"wp:featuredmedia":[{"embeddable":true,"href":"https:\/\/www.moskito.cz\/sk\/wp-json\/wp\/v2\/media\/217232"}],"wp:attachment":[{"href":"https:\/\/www.moskito.cz\/sk\/wp-json\/wp\/v2\/media?parent=357013"}],"wp:term":[{"taxonomy":"pwb-brand","embeddable":true,"href":"https:\/\/www.moskito.cz\/sk\/wp-json\/wp\/v2\/pwb-brand?post=357013"},{"taxonomy":"product_brand","embeddable":true,"href":"https:\/\/www.moskito.cz\/sk\/wp-json\/wp\/v2\/product_brand?post=357013"},{"taxonomy":"product_cat","embeddable":true,"href":"https:\/\/www.moskito.cz\/sk\/wp-json\/wp\/v2\/product_cat?post=357013"},{"taxonomy":"product_tag","embeddable":true,"href":"https:\/\/www.moskito.cz\/sk\/wp-json\/wp\/v2\/product_tag?post=357013"}],"curies":[{"name":"wp","href":"https:\/\/api.w.org\/{rel}","templated":true}]}}