{"id":357090,"date":"2024-08-15T12:47:44","date_gmt":"2024-08-15T11:48:22","guid":{"rendered":"https:\/\/www.moskito.cz\/produkt\/pevny-noz-muela-bear-24a\/"},"modified":"2025-05-07T11:23:33","modified_gmt":"2025-05-07T10:23:33","slug":"pevny-noz-muela-bear-24a","status":"publish","type":"product","link":"https:\/\/www.moskito.cz\/sk\/produkt\/pevny-noz-muela-bear-24a\/","title":{"rendered":"Pevn\u00fd N\u00f4\u017e Muela BEAR-24A"},"content":{"rendered":"<p>Pevn\u00fd N\u00f4\u017e <strong>Muela<\/strong> BEAR-24A. Pri v\u00fdrobe \u010depel\u00ed spolo\u010dnos\u0165 Muela pou\u017e\u00edvaj\u00fa r\u00f4zne druhy ocele napr. 12C27 Sandvik, 14C28N, molybd\u00e9n-van\u00e1diov\u00e1 oce\u013e MOVA 60 s tvrdos\u0165ou 57-61 HRC, oce\u013e Inox 1-42 s tvrdos\u0165ou 54-58HRC a \u010depele s ozna\u010den\u00edm 440 s\u00fa vyroben\u00e9 z ocele Mova-60E. Dama\u0161kov\u00e9 no\u017ee Muela s\u00fa v\u00fdsledkom kombin\u00e1cie dvoch ocel\u00ed a to RWL34 a MPC27, ktor\u00e9 maj\u00fa tvrdos\u0165 57-62 HRC. Rukov\u00e4te no\u017eov Muela zdobia kvalitn\u00e9 materi\u00e1ly medzi ktor\u00e9 patr\u00ed paroh a r\u00f4zne druhy dreva: olivov\u00e9, Africa Blackwood, Kingwood, COCOBOLO, Amazonas Rosewood a orechov\u00e9 drevo. \u010cepe\u013e je vyroben\u00e1 z kvalitnej nerezovej molibden van\u00e1dovej ocele s tvrdos\u0165ou cca 60 HRC. Pre maxim\u00e1lnu bezpe\u010dnos\u0165 pri pr\u00e1ci, je n\u00f4\u017e vybaven\u00fd mohutnou obojstrannou z\u00e1\u0161titou, zdobenou \u010derveno-bielou linkou. Rukov\u00e4\u0165 je z jelenia parohu a zakon\u010den\u00e1 je kovovou p\u00e4tkou s rovnak\u00fdm zdoben\u00edm ako na zast.    N\u00f4\u017e je dod\u00e1van\u00fd s hned\u00fdm ko\u017een\u00fdm puzdrom. Celkov\u00e1 d\u013a\u017eka: 36 cm D\u013a\u017eka \u010depele: 24 cm Hmotnos\u0165: 350 g Materi\u00e1l \u010depele: X50CrMoV15 Materi\u00e1l rukov\u00e4te: paroh Puzdro: ko\u017ea  &nbsp;<\/p>\n","protected":false},"excerpt":{"rendered":"<p><strong>Pri v\u00fdrobe \u010depel\u00ed spolo\u010dnos\u0165 Muela pou\u017e\u00edvaj\u00fa r\u00f4zne druhy ocele napr. 12C27 Sandvik, 14C28N, molybd\u00e9n-van\u00e1diov\u00e1 oce\u013e MOVA 60 s tvrdos\u0165ou 57-61 HRC, oce\u013e Inox 1-42 s tvrdos\u0165ou 54-58HRC a \u010depele s ozna\u010den\u00edm 440 s\u00fa vyroben\u00e9 z ocele Mova-60E. Dama\u0161kov\u00e9 no\u017ee Muela s\u00fa v\u00fdsledkom kombin\u00e1cie dvoch ocel\u00ed a to RWL34 a MPC27, ktor\u00e9 maj\u00fa tvrdos\u0165 57-62 HRC.<\/strong><\/p>\n<p><strong>Doprava zadarmo.<\/strong><\/p>\n","protected":false},"featured_media":357070,"comment_status":"open","ping_status":"closed","template":"","meta":[],"pwb-brand":[3910],"product_brand":[],"product_cat":[3186,3187],"product_tag":[],"class_list":{"0":"post-357090","1":"product","2":"type-product","3":"status-publish","4":"has-post-thumbnail","6":"pwb-brand-muela-sk","7":"product_cat-noze-sk","8":"product_cat-pevne-noze-sk","10":"first","11":"instock","12":"taxable","13":"shipping-taxable","14":"purchasable","15":"product-type-simple"},"brands":[{"id":3910,"name":"Muela","slug":"muela-sk"}],"_links":{"self":[{"href":"https:\/\/www.moskito.cz\/sk\/wp-json\/wp\/v2\/product\/357090","targetHints":{"allow":["GET"]}}],"collection":[{"href":"https:\/\/www.moskito.cz\/sk\/wp-json\/wp\/v2\/product"}],"about":[{"href":"https:\/\/www.moskito.cz\/sk\/wp-json\/wp\/v2\/types\/product"}],"replies":[{"embeddable":true,"href":"https:\/\/www.moskito.cz\/sk\/wp-json\/wp\/v2\/comments?post=357090"}],"wp:featuredmedia":[{"embeddable":true,"href":"https:\/\/www.moskito.cz\/sk\/wp-json\/wp\/v2\/media\/357070"}],"wp:attachment":[{"href":"https:\/\/www.moskito.cz\/sk\/wp-json\/wp\/v2\/media?parent=357090"}],"wp:term":[{"taxonomy":"pwb-brand","embeddable":true,"href":"https:\/\/www.moskito.cz\/sk\/wp-json\/wp\/v2\/pwb-brand?post=357090"},{"taxonomy":"product_brand","embeddable":true,"href":"https:\/\/www.moskito.cz\/sk\/wp-json\/wp\/v2\/product_brand?post=357090"},{"taxonomy":"product_cat","embeddable":true,"href":"https:\/\/www.moskito.cz\/sk\/wp-json\/wp\/v2\/product_cat?post=357090"},{"taxonomy":"product_tag","embeddable":true,"href":"https:\/\/www.moskito.cz\/sk\/wp-json\/wp\/v2\/product_tag?post=357090"}],"curies":[{"name":"wp","href":"https:\/\/api.w.org\/{rel}","templated":true}]}}