{"id":357157,"date":"2024-08-19T18:28:05","date_gmt":"2024-08-19T17:28:51","guid":{"rendered":"https:\/\/www.moskito.cz\/produkt\/vystrelovaci-noz-microtech-ludt-gen-iii-blue-stonewash-1136-11bl\/"},"modified":"2025-05-07T11:23:36","modified_gmt":"2025-05-07T10:23:36","slug":"vystrelovaci-noz-microtech-ludt-gen-iii-blue-stonewash-1136-11bl","status":"publish","type":"product","link":"https:\/\/www.moskito.cz\/sk\/produkt\/vystrelovaci-noz-microtech-ludt-gen-iii-blue-stonewash-1136-11bl\/","title":{"rendered":"Vystre\u013eovac\u00ed N\u00f4\u017e Microtech LUDT Gen III Blue Stonewash 1136-11BL"},"content":{"rendered":"<p>Vystre\u013eovac\u00ed N\u00f4\u017e <strong>Microtech<\/strong> LUDT Gen III Blue Stonewash 1136-11BL. Gener\u00e1cia 3 <strong>Microtech LUDT<\/strong> vyzer\u00e1 a p\u00f4sob\u00ed povedome a obsahuje nieko\u013eko inovat\u00edvnych zmien. N\u00e1jdete tu n\u00e1vrat 3M vlo\u017eiek gripu pre optim\u00e1lnu pri\u013enavos\u0165! Nov\u00fd LUDT sa opiera o 24 lo\u017e\u00edsk z karbidu krem\u00edka, v\u010faka \u010domu je chod plynulej\u0161\u00ed ako kedyko\u013evek predt\u00fdm. Be\u017en\u00e9 skrutky Torx umo\u017e\u0148uj\u00fa \u013eahk\u00fa \u00fadr\u017ebu a vykl\u00e1pacia spona na pren\u00e1\u0161anie poskytuje u\u017e\u00edvate\u013eom bezpe\u010dnos\u0165 a r\u00fdchly pr\u00edstup k tejto pevnej vodeodolnej zlo\u017eke. Tento model je vybaven\u00fd modrou eloxovanou hlin\u00edkovou rukov\u00e4\u0165ou 6061-T6 s \u010diernymi 3M vlo\u017ekami. Nerezov\u00e1 tanto \u010depe\u013e M390MK s povrchovou \u00fapravou Stonewash so \u0161tandardn\u00fdm ostr\u00edm. Torx hardv\u00e9r a vykl\u00e1pac\u00ed vreckov\u00fd klip. \u010cepe\u013e je ozna\u010den\u00e1 inform\u00e1ciou o modeli a logom <strong>Microtech<\/strong> . Vreckov\u00fd klip je tie\u017e ozna\u010den\u00fd logom <strong>Microtech<\/strong> . Celkov\u00e1 d\u013a\u017eka: 20.3 cm D\u013a\u017eka v zatvorenom stave: 11.4 cm D\u013a\u017eka \u010depele: 8.9 cm Povrchov\u00e1 \u00faprava \u010depele: Stonewashed \u0160t\u00fdl \u010depele: Tanto Materi\u00e1l rukov\u00e4te: Hlin\u00edk Vreckov\u00fd klip Krajina p\u00f4vodu: USA https:\/\/youtu.be\/xE9TeOFY            &nbsp;<\/p>\n","protected":false},"excerpt":{"rendered":"<p><strong>V priebehu rokov Microtech\u00ae Knives naplnil v\u00e1\u0161\u0148ou a zru\u010dnos\u0165ou v\u00fdrobu no\u017eov, a\u017e z nich vytvoril takmer umeleck\u00e9 diela, ktor\u00e9 s\u00fa vrcholom funk\u010dnosti. V\u0161etky diely s\u00fa vyroben\u00e9 v USA.<\/strong><br \/>\n<strong>Na v\u0161etky no\u017ee Microtech je do\u017eivotn\u00e1 z\u00e1ruka.<\/strong><\/p>\n<p><strong>Doprava zadarmo.<\/strong><\/p>\n","protected":false},"featured_media":357142,"comment_status":"open","ping_status":"closed","template":"","meta":[],"pwb-brand":[3200],"product_brand":[],"product_cat":[3197,3186],"product_tag":[],"class_list":{"0":"post-357157","1":"product","2":"type-product","3":"status-publish","4":"has-post-thumbnail","6":"pwb-brand-microtech-sk","7":"product_cat-vystrelovacie-noze-sk","8":"product_cat-noze-sk","10":"first","11":"outofstock","12":"taxable","13":"shipping-taxable","14":"purchasable","15":"product-type-simple"},"brands":[{"id":3200,"name":"Microtech","slug":"microtech-sk"}],"_links":{"self":[{"href":"https:\/\/www.moskito.cz\/sk\/wp-json\/wp\/v2\/product\/357157","targetHints":{"allow":["GET"]}}],"collection":[{"href":"https:\/\/www.moskito.cz\/sk\/wp-json\/wp\/v2\/product"}],"about":[{"href":"https:\/\/www.moskito.cz\/sk\/wp-json\/wp\/v2\/types\/product"}],"replies":[{"embeddable":true,"href":"https:\/\/www.moskito.cz\/sk\/wp-json\/wp\/v2\/comments?post=357157"}],"wp:featuredmedia":[{"embeddable":true,"href":"https:\/\/www.moskito.cz\/sk\/wp-json\/wp\/v2\/media\/357142"}],"wp:attachment":[{"href":"https:\/\/www.moskito.cz\/sk\/wp-json\/wp\/v2\/media?parent=357157"}],"wp:term":[{"taxonomy":"pwb-brand","embeddable":true,"href":"https:\/\/www.moskito.cz\/sk\/wp-json\/wp\/v2\/pwb-brand?post=357157"},{"taxonomy":"product_brand","embeddable":true,"href":"https:\/\/www.moskito.cz\/sk\/wp-json\/wp\/v2\/product_brand?post=357157"},{"taxonomy":"product_cat","embeddable":true,"href":"https:\/\/www.moskito.cz\/sk\/wp-json\/wp\/v2\/product_cat?post=357157"},{"taxonomy":"product_tag","embeddable":true,"href":"https:\/\/www.moskito.cz\/sk\/wp-json\/wp\/v2\/product_tag?post=357157"}],"curies":[{"name":"wp","href":"https:\/\/api.w.org\/{rel}","templated":true}]}}