{"id":358506,"date":"2024-09-10T10:45:50","date_gmt":"2024-09-10T09:46:34","guid":{"rendered":"https:\/\/www.moskito.cz\/produkt\/multitool-leatherman-sidekick\/"},"modified":"2025-05-07T11:23:51","modified_gmt":"2025-05-07T10:23:51","slug":"multitool-leatherman-sidekick","status":"publish","type":"product","link":"https:\/\/www.moskito.cz\/sk\/produkt\/multitool-leatherman-sidekick\/","title":{"rendered":"Multitool Leatherman SIDEKICK"},"content":{"rendered":"<p>Multitool <strong>Leatherman<\/strong> SIDEKICK. <strong>Leatherman SIDEKICK<\/strong> je \u010fal\u0161ou uk\u00e1\u017ekou kombin\u00e1cie atrakt\u00edvneho designu s vysokou funk\u010dnos\u0165ou zna\u010dky Leatherman. multitool so \u0161trn\u00e1stimi n\u00e1strojmi je vybaven\u00fd klie\u0161\u0165ami s ergonomicky tvarovanou rukov\u00e4\u0165ou as pru\u017einov\u00fdm mechanizmom, ktor\u00fd u\u013eah\u010d\u00ed pr\u00e1cu aj v \u0165a\u017ek\u00fdch podmienkach. Vonkaj\u0161ie n\u00e1stroje \u2013 n\u00f4\u017e a p\u00edlku \u2013 je mo\u017en\u00e9 \u013eahko otvori\u0165 jednou rukou. N\u00f4\u017e so zubat\u00fdm ostr\u00edm, piln\u00edk otv\u00e1ra\u010d a sada skrutkova\u010dov potom dop\u013a\u0148aj\u00fa n\u00e1stroj na vn\u00fatornej strane. Multitool <strong>Leatherman SIDEKICK<\/strong> tak ocenia predov\u0161etk\u00fdm mont\u00e9ri (ale napr\u00edklad aj horolezci), ktor\u00ed chc\u00fa ma\u0165 z\u00e1kladn\u00e9 n\u00e1radie v\u017edy po ruke aj v \u0165a\u017ek\u00fdch podmienkach Balenie obsahuje: multitool, p\u00fazdro Nylon black medium, odn\u00edmate\u013en\u00fa sponu na vrecko \u010di opasok, samolepku 100% origin\u00e1l, n\u00e1vod. Parametre: D\u013a\u017eka \u010depele: 6.6 cm D\u013a\u017eka zatvoren\u00e9ho n\u00e1stroja: 9.7 cm Hmotnos\u0165: 198.4 g https:\/\/www.youtube.com\/shorts\/E7JckCUsyps       &nbsp;<\/p>\n","protected":false},"excerpt":{"rendered":"<p><strong>Multifunk\u010dn\u00e9 vreckov\u00e9 n\u00e1radie s pru\u017einov\u00fdmi klie\u0161\u0165ami, p\u00edlkou, dvoma \u010depe\u013eami no\u017eov, otv\u00e1ra\u010dmi a \u010fal\u0161\u00edmi u\u017eito\u010dn\u00fdmi n\u00e1strojmi.<\/strong><\/p>\n","protected":false},"featured_media":358478,"comment_status":"open","ping_status":"closed","template":"","meta":[],"pwb-brand":[3490],"product_brand":[],"product_cat":[3342],"product_tag":[],"class_list":{"0":"post-358506","1":"product","2":"type-product","3":"status-publish","4":"has-post-thumbnail","6":"pwb-brand-leatherman-sk","7":"product_cat-multi-tool-sk","9":"first","10":"instock","11":"taxable","12":"shipping-taxable","13":"purchasable","14":"product-type-simple"},"brands":[{"id":3490,"name":"Leatherman","slug":"leatherman-sk"}],"_links":{"self":[{"href":"https:\/\/www.moskito.cz\/sk\/wp-json\/wp\/v2\/product\/358506","targetHints":{"allow":["GET"]}}],"collection":[{"href":"https:\/\/www.moskito.cz\/sk\/wp-json\/wp\/v2\/product"}],"about":[{"href":"https:\/\/www.moskito.cz\/sk\/wp-json\/wp\/v2\/types\/product"}],"replies":[{"embeddable":true,"href":"https:\/\/www.moskito.cz\/sk\/wp-json\/wp\/v2\/comments?post=358506"}],"wp:featuredmedia":[{"embeddable":true,"href":"https:\/\/www.moskito.cz\/sk\/wp-json\/wp\/v2\/media\/358478"}],"wp:attachment":[{"href":"https:\/\/www.moskito.cz\/sk\/wp-json\/wp\/v2\/media?parent=358506"}],"wp:term":[{"taxonomy":"pwb-brand","embeddable":true,"href":"https:\/\/www.moskito.cz\/sk\/wp-json\/wp\/v2\/pwb-brand?post=358506"},{"taxonomy":"product_brand","embeddable":true,"href":"https:\/\/www.moskito.cz\/sk\/wp-json\/wp\/v2\/product_brand?post=358506"},{"taxonomy":"product_cat","embeddable":true,"href":"https:\/\/www.moskito.cz\/sk\/wp-json\/wp\/v2\/product_cat?post=358506"},{"taxonomy":"product_tag","embeddable":true,"href":"https:\/\/www.moskito.cz\/sk\/wp-json\/wp\/v2\/product_tag?post=358506"}],"curies":[{"name":"wp","href":"https:\/\/api.w.org\/{rel}","templated":true}]}}