{"id":358549,"date":"2024-09-10T13:55:27","date_gmt":"2024-09-10T12:55:27","guid":{"rendered":"https:\/\/www.moskito.cz\/produkt\/multitool-leatherman-charge-plus-black\/"},"modified":"2025-05-07T11:23:52","modified_gmt":"2025-05-07T10:23:52","slug":"multitool-leatherman-charge-plus-black","status":"publish","type":"product","link":"https:\/\/www.moskito.cz\/sk\/produkt\/multitool-leatherman-charge-plus-black\/","title":{"rendered":"Multitool Leatherman Charge Plus Black"},"content":{"rendered":"<p>Multitool <strong>Leatherman<\/strong> Charge Plus Black. <strong>Leatherman Charge+ black<\/strong> m\u00e1 matn\u00fa \u0161edo-\u010diernu povrchov\u00fa \u00fapravu a je jedn\u00fdm z najob\u013e\u00fabenej\u0161\u00edch multitoolov nielen kv\u00f4li 19 funk\u010dn\u00fdm n\u00e1strojom (medzi ktor\u00e9 patria no\u017ee, p\u00edlka, rezac\u00ed h\u00e1k, piln\u00edk, skrutkova\u010de \u010di otv\u00e1ra\u010de), ale aj v\u010faka \u0161pi\u010dkov\u00fdm materi\u00e1lom, z ktor\u00fdch je kon\u0161truovan\u00fd. N\u00e1stroj s ozna\u010den\u00edm Plus bol novo obohaten\u00fd o vymenite\u013en\u00e9 brity klie\u0161t\u00ed, v\u010faka \u010domu zost\u00e1va multitool ako nov\u00fd aj po mnoh\u00fdch rokoch usilovn\u00e9ho pou\u017e\u00edvania. No\u017enice prestrihn\u00fa \u010doko\u013evek, \u0161tiepacie klie\u0161te s\u00fa vyroben\u00e9 z odoln\u00e9ho materi\u00e1lu a s\u00fa vymenite\u013en\u00e9 a \u010depe\u013e no\u017ea je vyroben\u00e1 zo silnej ocele 154CM odolnej proti kor\u00f3zii (154CM je typ nerezovej ocele vyvinut\u00fd a vyr\u00e1ban\u00fd v Spojen\u00fdch \u0161t\u00e1toch spolo\u010dnos\u0165ou Crucible Materials Corporation.) Potrebujete \u010fal\u0161iu ruku? \u017diadny probl\u00e9m. Ka\u017ed\u00fd n\u00e1stroj je mo\u017en\u00e9 otvori\u0165 a zamkn\u00fa\u0165 iba jednou rukou. S\u00fa\u010das\u0165ou je odn\u00edmate\u013en\u00fd vreckov\u00fd klip. PARAMETRE: D\u013a\u017eka \u010depele: 7.37 cm D\u013a\u017eka zavret\u00e9ho n\u00e1stroja: 10 cm Hmotnos\u0165: 235 g N\u00c1STROJE: 01 Ihlov\u00e9 klie\u0161te 02 Be\u017en\u00e9 klie\u0161te 03 Vymenite\u013en\u00e9 \u0161tiepacie klie\u0161te N00 154CM 08 N\u00f4\u017e s vr\u00fabkovan\u00edm 420HC 09 P\u00edla 10 Pru\u017einov\u00e9 no\u017enice 11 Rezac\u00ed h\u00e1k 12 Prav\u00edtko (8 palcov | 19 cm) 13 Otv\u00e1ra\u010d na konzervy 14 Otv\u00e1ra\u010d na f\u013ea\u0161e 15 Dreven\u00fd\/kovov\u00fd piln\u00edk 16 Piln\u00edk s diamantov\u00fdm povrchom 1 Stredn\u00e1 skrutkova\u010d        &nbsp;  BALENIE OBSAHUJE: multitool nylonov\u00e9 stredn\u00e9 puzdro so 4 vreckami odn\u00edmate\u013en\u00fa vreckov\u00fa sponu kr\u00fa\u017eok na karab\u00ednu sadu pr\u00eddavn\u00fdch bitov: kr\u00ed\u017eov\u00fd bit PZ1 a PZ2, imbus 1,5 mm, 2mm, 2,5 mm, 3 mm, 4 mm, 5 mm tor 15, 20, 25 ploch\u00fd bit 1\/8 a 3\/32 samolepku 100% origin\u00e1l n\u00e1vod<\/p>\n","protected":false},"excerpt":{"rendered":"<p><strong>Z\u00e1ruka na n\u00e1radie je 25 rokov, tak\u017ee v\u00e1m bude v\u00e1\u0161 Leatherman sl\u00fa\u017ei\u0165 na spokojnos\u0165 takmer po cel\u00fd \u017eivot. N\u00e1radie sa dod\u00e1va s nylonov\u00fdm puzdrom so \u0161tyrmi priehradkami, oce\u013eov\u00fdm klipom a o\u010dkom na zavesenie, plastov\u00fdm z\u00e1sobn\u00edkom so siedmimi bitmi. <\/strong><\/p>\n<p><strong>Doprava zadarmo.<\/strong><\/p>\n","protected":false},"featured_media":358528,"comment_status":"open","ping_status":"closed","template":"","meta":[],"pwb-brand":[3490],"product_brand":[],"product_cat":[3342],"product_tag":[],"class_list":{"0":"post-358549","1":"product","2":"type-product","3":"status-publish","4":"has-post-thumbnail","6":"pwb-brand-leatherman-sk","7":"product_cat-multi-tool-sk","9":"first","10":"instock","11":"taxable","12":"shipping-taxable","13":"purchasable","14":"product-type-simple"},"brands":[{"id":3490,"name":"Leatherman","slug":"leatherman-sk"}],"_links":{"self":[{"href":"https:\/\/www.moskito.cz\/sk\/wp-json\/wp\/v2\/product\/358549","targetHints":{"allow":["GET"]}}],"collection":[{"href":"https:\/\/www.moskito.cz\/sk\/wp-json\/wp\/v2\/product"}],"about":[{"href":"https:\/\/www.moskito.cz\/sk\/wp-json\/wp\/v2\/types\/product"}],"replies":[{"embeddable":true,"href":"https:\/\/www.moskito.cz\/sk\/wp-json\/wp\/v2\/comments?post=358549"}],"wp:featuredmedia":[{"embeddable":true,"href":"https:\/\/www.moskito.cz\/sk\/wp-json\/wp\/v2\/media\/358528"}],"wp:attachment":[{"href":"https:\/\/www.moskito.cz\/sk\/wp-json\/wp\/v2\/media?parent=358549"}],"wp:term":[{"taxonomy":"pwb-brand","embeddable":true,"href":"https:\/\/www.moskito.cz\/sk\/wp-json\/wp\/v2\/pwb-brand?post=358549"},{"taxonomy":"product_brand","embeddable":true,"href":"https:\/\/www.moskito.cz\/sk\/wp-json\/wp\/v2\/product_brand?post=358549"},{"taxonomy":"product_cat","embeddable":true,"href":"https:\/\/www.moskito.cz\/sk\/wp-json\/wp\/v2\/product_cat?post=358549"},{"taxonomy":"product_tag","embeddable":true,"href":"https:\/\/www.moskito.cz\/sk\/wp-json\/wp\/v2\/product_tag?post=358549"}],"curies":[{"name":"wp","href":"https:\/\/api.w.org\/{rel}","templated":true}]}}