{"id":358582,"date":"2024-09-10T14:25:44","date_gmt":"2024-09-10T13:25:44","guid":{"rendered":"https:\/\/www.moskito.cz\/produkt\/multitool-leatherman-rebar-coyote-tan\/"},"modified":"2025-05-07T11:23:53","modified_gmt":"2025-05-07T10:23:53","slug":"multitool-leatherman-rebar-coyote-tan","status":"publish","type":"product","link":"https:\/\/www.moskito.cz\/sk\/produkt\/multitool-leatherman-rebar-coyote-tan\/","title":{"rendered":"Multitool Leatherman Rebar Coyote Tan"},"content":{"rendered":"<p>Multitool <strong>Leatherman<\/strong> Rebar Coyote Tan. Dizajn multitoolu <strong>REBAR<\/strong> odkazuje na trad\u00edciu zna\u010dky Leatherman. Z\u00e1kladom s\u00fa \u0161t\u00edhle, zato ve\u013emi siln\u00e9 multifunk\u010dn\u00e9 klie\u0161te s vymenite\u013en\u00fdmi \u010depie\u013ekami \u0161tiepa\u010diek. Univerz\u00e1lna v\u00fdbava obsahuje v\u0161etky d\u00f4le\u017eit\u00e9 z\u00e1kladn\u00e9 n\u00e1stroje a uspokoj\u00ed v\u0161etky: od dom\u00e1cich majstrov, cez profi mont\u00e9rov a\u017e po v\u00fdletn\u00edkov a turistov. Ka\u017ed\u00fd zo sedemn\u00e1stich funk\u010dn\u00fdch n\u00e1strojov je vybaven\u00fd poistkou proti nechcen\u00e9mu sklopeniu. Okrem tradi\u010dn\u00fdch kombinovan\u00fdch klie\u0161t\u00ed obsahuje multitool Leatherman REBAR dva no\u017ee s rovn\u00fdm a zubat\u00fdm ostr\u00edm z nerezovej ocele 420HC, p\u00edlku, \u0161idlo, sadu otv\u00e1ra\u010dov na konzervy aj na f\u013ea\u0161e, piln\u00edky na kov aj na drevo a sadu skrutkova\u010dov. V 190 gramoch ocele si skr\u00e1tka ka\u017ed\u00fd n\u00e1jde to svoje. V dostani v \u010diernej, striebornej alebo TAN farbe. Balenie obsahuje: multitool, p\u00fazdro NYLON BLACK MEDIUM, samolepku 100% origin\u00e1l, n\u00e1vod Parametre D\u013a\u017eka \u010depele.: 7.36 cm D\u013a\u017eka zatvoren\u00e9ho n\u00e1stroja: 10.16 cm Hmotnos\u0165: 189.94 g https:\/\/www.youtube.com\/shorts\/VZa0w2dmy    &nbsp;<\/p>\n","protected":false},"excerpt":{"rendered":"<p><strong>Dizajn multitoolu REBAR odkazuje na trad\u00edciu zna\u010dky Leatherman. Z\u00e1kladom s\u00fa \u0161t\u00edhle, zato ve\u013emi siln\u00e9 multifunk\u010dn\u00e9 klie\u0161te s vymenite\u013en\u00fdmi \u010depie\u013ekami \u0161tiepa\u010diek. Univerz\u00e1lna v\u00fdbava obsahuje v\u0161etky d\u00f4le\u017eit\u00e9 z\u00e1kladn\u00e9 n\u00e1stroje a uspokoj\u00ed v\u0161etky: od dom\u00e1cich majstrov, cez profi mont\u00e9rov a\u017e po v\u00fdletn\u00edkov a turistov.  <\/strong><\/p>\n","protected":false},"featured_media":358560,"comment_status":"open","ping_status":"closed","template":"","meta":[],"pwb-brand":[3490],"product_brand":[],"product_cat":[3342],"product_tag":[],"class_list":{"0":"post-358582","1":"product","2":"type-product","3":"status-publish","4":"has-post-thumbnail","6":"pwb-brand-leatherman-sk","7":"product_cat-multi-tool-sk","9":"first","10":"instock","11":"taxable","12":"shipping-taxable","13":"purchasable","14":"product-type-simple"},"brands":[{"id":3490,"name":"Leatherman","slug":"leatherman-sk"}],"_links":{"self":[{"href":"https:\/\/www.moskito.cz\/sk\/wp-json\/wp\/v2\/product\/358582","targetHints":{"allow":["GET"]}}],"collection":[{"href":"https:\/\/www.moskito.cz\/sk\/wp-json\/wp\/v2\/product"}],"about":[{"href":"https:\/\/www.moskito.cz\/sk\/wp-json\/wp\/v2\/types\/product"}],"replies":[{"embeddable":true,"href":"https:\/\/www.moskito.cz\/sk\/wp-json\/wp\/v2\/comments?post=358582"}],"wp:featuredmedia":[{"embeddable":true,"href":"https:\/\/www.moskito.cz\/sk\/wp-json\/wp\/v2\/media\/358560"}],"wp:attachment":[{"href":"https:\/\/www.moskito.cz\/sk\/wp-json\/wp\/v2\/media?parent=358582"}],"wp:term":[{"taxonomy":"pwb-brand","embeddable":true,"href":"https:\/\/www.moskito.cz\/sk\/wp-json\/wp\/v2\/pwb-brand?post=358582"},{"taxonomy":"product_brand","embeddable":true,"href":"https:\/\/www.moskito.cz\/sk\/wp-json\/wp\/v2\/product_brand?post=358582"},{"taxonomy":"product_cat","embeddable":true,"href":"https:\/\/www.moskito.cz\/sk\/wp-json\/wp\/v2\/product_cat?post=358582"},{"taxonomy":"product_tag","embeddable":true,"href":"https:\/\/www.moskito.cz\/sk\/wp-json\/wp\/v2\/product_tag?post=358582"}],"curies":[{"name":"wp","href":"https:\/\/api.w.org\/{rel}","templated":true}]}}