{"id":358630,"date":"2023-04-22T12:56:03","date_gmt":"2023-04-22T11:56:03","guid":{"rendered":"https:\/\/www.moskito.cz\/produkt\/multitool-leatherman-surge-black\/"},"modified":"2025-05-07T11:23:54","modified_gmt":"2025-05-07T10:23:54","slug":"multitool-leatherman-surge-black","status":"publish","type":"product","link":"https:\/\/www.moskito.cz\/sk\/produkt\/multitool-leatherman-surge-black\/","title":{"rendered":"Multitool Leatherman Surge Black"},"content":{"rendered":"<p>Multitool <strong>Leatherman<\/strong> Surge Black Klie\u0161te Leatherman Surge Black s\u00fa u\u017eito\u010dn\u00fdm pomocn\u00edkom ka\u017ed\u00e9ho majstra, ktor\u00fdch odoln\u00e9 oce\u013eov\u00e9 telo ukr\u00fdva celkom 21 n\u00e1strojov. V\u010faka jeho nen\u00e1padn\u00fdm rozmerom ho m\u00f4\u017eete ma\u0165 neust\u00e1le vo vrecku \u010di v aute, v kufri motorky, v dielni \u010di v neposlednom rade aj v pr\u00edrode. V tomto multitoole n\u00e1jdete okrem klasick\u00fdch multifunk\u010dn\u00fdch klie\u0161t\u00ed aj otv\u00e1ra\u010d na f\u013ea\u0161e a konzervy, sadu skrutkova\u010dov, \u0161idlo s otvorom, dva no\u017ee z pr\u00e9miovej ocele 420HC, p\u00edlku s dvojradov\u00fdmi zubami, ktor\u00e9 m\u00f4\u017eete vymeni\u0165 za piln\u00edk s diamantovou vrstvou. Tie\u017e sa v\u00e1m zaiste bud\u00fa hodi\u0165 ostr\u00e9 no\u017enice s pru\u017einov\u00fdm mechanizmom. N\u00e1jdete tu skr\u00e1tka v\u0161etko \u010do potrebujete pri rozmanit\u00fdch aktivit\u00e1ch. Leatherman na svoje v\u00fdrobky poskytuje 25-ro\u010dn\u00fa z\u00e1ruku, \u010do dokazuje kvalitu v\u00fdrobkov tejto zna\u010dky. N\u00e1stroje: Klie\u0161te s ihlovou \u0161pi\u010dkou Kombinovan\u00e9 klie\u0161te \u0160tiepacie klie\u0161te m\u00e4kk\u00fdch dr\u00f4tov &#8211; vymenite\u013en\u00e9 \u0160tiepacie klie\u0161te tvrd\u00fdch dr\u00f4tov &#8211; vymenite\u013en\u00e9 Krimpovacie klie\u0161te \u0160tiepacie klie\u0161te &#8211; lanka Odizolovac\u00ed brit na k\u00e1ble na otv\u00e1ra\u010d N\u00f4\u017e s rovn\u00fdm ostr\u00edm z ocele l\u00f4\u017eka s pru\u017einou \u0160\u00eddlo Prav\u00edtko (8 palcov\/19 cm) Otv\u00e1ra\u010d Otv\u00e1ra\u010d na f\u013ea\u0161e Piln\u00edk na drevo a kov Piln\u00edk s diamantovou vrstvou Vymenite\u013en\u00e1 p\u00edlka &#8211; Bosch Ve\u013ek\u00fd bit adapt\u00e9r Ve\u013ek\u00fd ploch\u00fd skrutkova\u010d Mal\u00fd ploch\u00fd skrutkova\u010d      <\/p>\n","protected":false},"excerpt":{"rendered":"<p>Leatherman Surge je jedn\u00fdm z na\u0161ich dvoch najv\u00e4\u010d\u0161\u00edch multi-n\u00e1strojov. Kon\u0161truk\u010dne obsahuje najv\u00e4\u010d\u0161ie klie\u0161te o Leathermana, najdlh\u0161ie \u010depele a \u013eahko ovl\u00e1date\u013en\u00e9 poistky n\u00e1strojov. <\/p>\n","protected":false},"featured_media":246876,"comment_status":"open","ping_status":"closed","template":"","meta":[],"pwb-brand":[3490],"product_brand":[],"product_cat":[3342],"product_tag":[],"class_list":{"0":"post-358630","1":"product","2":"type-product","3":"status-publish","4":"has-post-thumbnail","6":"pwb-brand-leatherman-sk","7":"product_cat-multi-tool-sk","9":"first","10":"instock","11":"taxable","12":"shipping-taxable","13":"purchasable","14":"product-type-simple"},"brands":[{"id":3490,"name":"Leatherman","slug":"leatherman-sk"}],"_links":{"self":[{"href":"https:\/\/www.moskito.cz\/sk\/wp-json\/wp\/v2\/product\/358630","targetHints":{"allow":["GET"]}}],"collection":[{"href":"https:\/\/www.moskito.cz\/sk\/wp-json\/wp\/v2\/product"}],"about":[{"href":"https:\/\/www.moskito.cz\/sk\/wp-json\/wp\/v2\/types\/product"}],"replies":[{"embeddable":true,"href":"https:\/\/www.moskito.cz\/sk\/wp-json\/wp\/v2\/comments?post=358630"}],"wp:featuredmedia":[{"embeddable":true,"href":"https:\/\/www.moskito.cz\/sk\/wp-json\/wp\/v2\/media\/246876"}],"wp:attachment":[{"href":"https:\/\/www.moskito.cz\/sk\/wp-json\/wp\/v2\/media?parent=358630"}],"wp:term":[{"taxonomy":"pwb-brand","embeddable":true,"href":"https:\/\/www.moskito.cz\/sk\/wp-json\/wp\/v2\/pwb-brand?post=358630"},{"taxonomy":"product_brand","embeddable":true,"href":"https:\/\/www.moskito.cz\/sk\/wp-json\/wp\/v2\/product_brand?post=358630"},{"taxonomy":"product_cat","embeddable":true,"href":"https:\/\/www.moskito.cz\/sk\/wp-json\/wp\/v2\/product_cat?post=358630"},{"taxonomy":"product_tag","embeddable":true,"href":"https:\/\/www.moskito.cz\/sk\/wp-json\/wp\/v2\/product_tag?post=358630"}],"curies":[{"name":"wp","href":"https:\/\/api.w.org\/{rel}","templated":true}]}}