{"id":358692,"date":"2024-09-10T14:38:58","date_gmt":"2024-09-10T14:40:36","guid":{"rendered":"https:\/\/www.moskito.cz\/produkt\/multitool-leatherman-curl\/"},"modified":"2025-05-07T11:23:55","modified_gmt":"2025-05-07T10:23:55","slug":"multitool-leatherman-curl","status":"publish","type":"product","link":"https:\/\/www.moskito.cz\/sk\/produkt\/multitool-leatherman-curl\/","title":{"rendered":"Multitool Leatherman CURL"},"content":{"rendered":"<p>Multitool <strong>Leatherman<\/strong> CURL. Kompaktn\u00fd a praktick\u00fd. Tak\u00fd je nov\u00fd multitool <strong>Leatherman CURL<\/strong> . Je vybaven\u00fd p\u00e4tn\u00e1stimi \u0161pi\u010dkov\u00fdmi n\u00e1strojmi (vr\u00e1tane ultraostrej \u010depele no\u017ea, ktor\u00e1 je pr\u00edstupn\u00e1 jednou rukou, pru\u017einov\u00fdch no\u017en\u00edc a n\u00e1stavce na bity). Napriek tomu je <strong>CURL<\/strong> cenovo ve\u013emi dostupn\u00fd. S odn\u00edmate\u013enou vreckovou sponou alebo nylonov\u00fdm puzdrom ho budete ma\u0165 v\u017edy po ruke. Obsah balenia: nylonov\u00e9 puzdro, odn\u00edmate\u013en\u00fd klip. Parametre: D\u013a\u017eka \u010depele: 7.37 cm D\u013a\u017eka zatvoren\u00e9ho n\u00e1stroja: 10 cm Obsah balenia: multitool nylonov\u00e9 puzdro odn\u00edmate\u013en\u00fd klip samolepka 100% origin\u00e1l a n\u00e1vod N\u00e1stroje: Klie\u0161te s ihlovou \u0161pi\u010dkou Klie\u0161te \u0160tiepacie klie\u0161te dr\u00f4tov Klie\u0161te tvrd\u00fdch dr\u00f4tov Odizolovac\u00ed brit na k\u00e1bel 420 HC Ve\u013ek\u00fd bit adapt\u00e9r Pru\u017einov\u00e9 no\u017enice Diamantov\u00fd piln\u00edk Otv\u00e1ra\u010d na konzervy Otv\u00e1ra\u010d na f\u013ea\u0161e \u0160\u00eddlo a o\u010dko na prevliekanie Prav\u00edtko (10 cm) Piln\u00edk na drevo a kov Stredn\u00fd skrutkova\u010d       <\/p>\n","protected":false},"excerpt":{"rendered":"<p><strong>Multitool Leatherman Curl je vybaven\u00fd p\u00e4tn\u00e1stimi \u0161pi\u010dkov\u00fdmi n\u00e1strojmi (vr\u00e1tane ultraostrej \u010depele no\u017ea, ktor\u00e1 je pr\u00edstupn\u00e1 jednou rukou, pru\u017einov\u00fdch no\u017en\u00edc a n\u00e1stavce na bity).<\/strong><\/p>\n","protected":false},"featured_media":358593,"comment_status":"open","ping_status":"closed","template":"","meta":[],"pwb-brand":[3490],"product_brand":[],"product_cat":[3342],"product_tag":[],"class_list":{"0":"post-358692","1":"product","2":"type-product","3":"status-publish","4":"has-post-thumbnail","6":"pwb-brand-leatherman-sk","7":"product_cat-multi-tool-sk","9":"first","10":"instock","11":"taxable","12":"shipping-taxable","13":"purchasable","14":"product-type-simple"},"brands":[{"id":3490,"name":"Leatherman","slug":"leatherman-sk"}],"_links":{"self":[{"href":"https:\/\/www.moskito.cz\/sk\/wp-json\/wp\/v2\/product\/358692","targetHints":{"allow":["GET"]}}],"collection":[{"href":"https:\/\/www.moskito.cz\/sk\/wp-json\/wp\/v2\/product"}],"about":[{"href":"https:\/\/www.moskito.cz\/sk\/wp-json\/wp\/v2\/types\/product"}],"replies":[{"embeddable":true,"href":"https:\/\/www.moskito.cz\/sk\/wp-json\/wp\/v2\/comments?post=358692"}],"wp:featuredmedia":[{"embeddable":true,"href":"https:\/\/www.moskito.cz\/sk\/wp-json\/wp\/v2\/media\/358593"}],"wp:attachment":[{"href":"https:\/\/www.moskito.cz\/sk\/wp-json\/wp\/v2\/media?parent=358692"}],"wp:term":[{"taxonomy":"pwb-brand","embeddable":true,"href":"https:\/\/www.moskito.cz\/sk\/wp-json\/wp\/v2\/pwb-brand?post=358692"},{"taxonomy":"product_brand","embeddable":true,"href":"https:\/\/www.moskito.cz\/sk\/wp-json\/wp\/v2\/product_brand?post=358692"},{"taxonomy":"product_cat","embeddable":true,"href":"https:\/\/www.moskito.cz\/sk\/wp-json\/wp\/v2\/product_cat?post=358692"},{"taxonomy":"product_tag","embeddable":true,"href":"https:\/\/www.moskito.cz\/sk\/wp-json\/wp\/v2\/product_tag?post=358692"}],"curies":[{"name":"wp","href":"https:\/\/api.w.org\/{rel}","templated":true}]}}