{"id":358804,"date":"2024-09-10T15:51:00","date_gmt":"2024-09-10T14:51:00","guid":{"rendered":"https:\/\/www.moskito.cz\/produkt\/multitool-leatherman-signal\/"},"modified":"2025-05-07T11:23:58","modified_gmt":"2025-05-07T10:23:58","slug":"multitool-leatherman-signal","status":"publish","type":"product","link":"https:\/\/www.moskito.cz\/sk\/produkt\/multitool-leatherman-signal\/","title":{"rendered":"Multitool Leatherman SIGNAL"},"content":{"rendered":"<p>Multitool <strong>Leatherman<\/strong> SIGNAL. Dosta\u0165 sa do situ\u00e1cie, ke\u010f ide doslova o \u017eivot, nie je ni\u010d zlo\u017eit\u00e9. Sta\u010d\u00ed zabl\u00fadi\u0165 v lese, strati\u0165 sa kdeko\u013evek v pr\u00edrode. V tej chv\u00edli budete radi za ak\u00fako\u013evek pomoc. <strong>Leatherman SIGNAL<\/strong> ich prin\u00e1\u0161a rovno dev\u00e4tn\u00e1s\u0165. Medzi dev\u00e4tn\u00e1s\u0165 n\u00e1strojov nov\u00e9ho outdoorov\u00e9ho \u0161peci\u00e1lu <strong>SIGNAL<\/strong> , ktor\u00e9 v\u00e1m pom\u00f4\u017eu nielen vo chv\u00edli n\u00fadze, patr\u00ed kresadlo s diamantov\u00fdm \u0161krt\u00e1tkom, s ktor\u00e9ho pomocou si ve\u013emi \u013eahko zarob\u00edte ohe\u0148, sign\u00e1lna p\u00ed\u0161\u0165alka pre komunik\u00e1ciu s okol\u00edm, karab\u00edna na zavesenie, ale aj n\u00f4\u017e s kombinovanou \u010depe\u013eou, kladivo , \u0161idlo, sada otv\u00e1ra\u010dov a skrutkova\u010dov a samozrejme tradi\u010dn\u00e9 multifunk\u010dn\u00e9 klie\u0161te. V atrakt\u00edvnom \u017elto-\u010diernom tele sa skr\u00fdva mo\u017en\u00e1 z\u00e1chrana v\u00e1\u0161ho \u017eivota, s ktorou by v\u00e1s nemalo u\u017e ni\u010d prekvapi\u0165. Balenie obsahuje: multitool, p\u00fazdro NYLON LARGE, samolepku 100% origin\u00e1l, n\u00e1vod. Parametre: Hmotnos\u0165: 212.6 g D\u013a\u017eka zatvoren\u00e9ho n\u00e1stroja: 11.43 cm D\u013a\u017eka \u010depele: 6.93 cm https:\/\/www.youtube.com\/shorts\/fyuHAUSUpAc         <\/p>\n<div class=\"elementor-element elementor-element-bbb542b elementor-widget elementor-widget-woocommerce-product-short-description\" data-id=\"bbb542b\" data-element_type=\"widget\" data-widget_type=\"woocommerce-product-short-description.default\">\n<div class=\"elementor-widget-container\">\n<div class=\"woocommerce-product-details__short-description\">\n<div class=\"elementor-element elementor-element-bbb542b elementor-widget elementor-widget-woocommerce-product-short-description\" data-id=\"bbb542b\" data-element_type=\"widget\" data-widget_type=\"woocommerce-product-short-description.default\">\n<div class=\"elementor-widget-container\">\n<div class=\"woocommerce-product-details__short-description\">\n<div class=\"elementor-element elementor-element-bbb542b elementor-widget elementor-widget-woocommerce-product-short-description\" data-id=\"bbb542b\" data-element_type=\"widget\" data-widget_type=\"woocommerce-product-short-description.default\">\n<div class=\"elementor-widget-container\">\n<div class=\"woocommerce-product-details__short-description\">\n<div class=\"elementor-element elementor-element-bbb542b elementor-widget elementor-widget-woocommerce-product-short-description\" data-id=\"bbb542b\" data-element_type=\"widget\" data-widget_type=\"woocommerce-product-short-description.default\">\n<div class=\"elementor-widget-container\">\n<div class=\"woocommerce-product-details__short-description\">\n<div class=\"elementor-element elementor-element-bbb542b elementor-widget elementor-widget-woocommerce-product-short-description\" data-id=\"bbb542b\" data-element_type=\"widget\" data-widget_type=\"woocommerce-product-short-description.default\">\n<div class=\"elementor-widget-container\">\n<div class=\"woocommerce-product-details__short-description\">\n<div class=\"elementor-element elementor-element-bbb542b elementor-widget elementor-widget-woocommerce-product-short-description\" data-id=\"bbb542b\" data-element_type=\"widget\" data-widget_type=\"woocommerce-product-short-description.default\">\n<div class=\"elementor-widget-container\">\n<div class=\"woocommerce-product-details__short-description\">\n<p>&nbsp;<\/p>\n<\/div>\n<\/div>\n<\/div>\n<\/div>\n<\/div>\n<\/div>\n<\/div>\n<\/div>\n<\/div>\n<\/div>\n<\/div>\n<\/div>\n<\/div>\n<\/div>\n<\/div>\n<\/div>\n<\/div>\n<\/div>\n","protected":false},"excerpt":{"rendered":"<div class=\"elementor-element elementor-element-bbb542b elementor-widget elementor-widget-woocommerce-product-short-description\" data-id=\"bbb542b\" data-element_type=\"widget\" data-widget_type=\"woocommerce-product-short-description.default\">\n<div class=\"elementor-widget-container\">\n<div class=\"woocommerce-product-details__short-description\">\n<p><strong>Multifunk\u010dn\u00fd n\u00e1stroj Signal od zna\u010dky Leatherman je ide\u00e1lnou vo\u013ebou pre ka\u017ed\u00fa situ\u00e1ciu, \u010di u\u017e zabl\u00fadite v lese alebo vyr\u00e1\u017eate do h\u00f4r. V kompaktnom tele z nerezovej ocele sa nach\u00e1dza celkom 19 n\u00e1strojov, ktor\u00e9 v\u00e1m u\u013eah\u010dia ak\u00fako\u013evek situ\u00e1ciu. <\/strong><\/p>\n<p><strong>Doprava zadarmo.<\/strong><\/p>\n<\/div>\n<\/div>\n<\/div>\n","protected":false},"featured_media":358711,"comment_status":"open","ping_status":"closed","template":"","meta":[],"pwb-brand":[3490],"product_brand":[],"product_cat":[3342],"product_tag":[],"class_list":{"0":"post-358804","1":"product","2":"type-product","3":"status-publish","4":"has-post-thumbnail","6":"pwb-brand-leatherman-sk","7":"product_cat-multi-tool-sk","9":"first","10":"instock","11":"taxable","12":"shipping-taxable","13":"purchasable","14":"product-type-simple"},"brands":[{"id":3490,"name":"Leatherman","slug":"leatherman-sk"}],"_links":{"self":[{"href":"https:\/\/www.moskito.cz\/sk\/wp-json\/wp\/v2\/product\/358804","targetHints":{"allow":["GET"]}}],"collection":[{"href":"https:\/\/www.moskito.cz\/sk\/wp-json\/wp\/v2\/product"}],"about":[{"href":"https:\/\/www.moskito.cz\/sk\/wp-json\/wp\/v2\/types\/product"}],"replies":[{"embeddable":true,"href":"https:\/\/www.moskito.cz\/sk\/wp-json\/wp\/v2\/comments?post=358804"}],"wp:featuredmedia":[{"embeddable":true,"href":"https:\/\/www.moskito.cz\/sk\/wp-json\/wp\/v2\/media\/358711"}],"wp:attachment":[{"href":"https:\/\/www.moskito.cz\/sk\/wp-json\/wp\/v2\/media?parent=358804"}],"wp:term":[{"taxonomy":"pwb-brand","embeddable":true,"href":"https:\/\/www.moskito.cz\/sk\/wp-json\/wp\/v2\/pwb-brand?post=358804"},{"taxonomy":"product_brand","embeddable":true,"href":"https:\/\/www.moskito.cz\/sk\/wp-json\/wp\/v2\/product_brand?post=358804"},{"taxonomy":"product_cat","embeddable":true,"href":"https:\/\/www.moskito.cz\/sk\/wp-json\/wp\/v2\/product_cat?post=358804"},{"taxonomy":"product_tag","embeddable":true,"href":"https:\/\/www.moskito.cz\/sk\/wp-json\/wp\/v2\/product_tag?post=358804"}],"curies":[{"name":"wp","href":"https:\/\/api.w.org\/{rel}","templated":true}]}}