{"id":359018,"date":"2024-09-11T10:56:10","date_gmt":"2024-09-11T12:15:21","guid":{"rendered":"https:\/\/www.moskito.cz\/produkt\/multitool-leatherman-mut-eod\/"},"modified":"2025-05-07T11:24:02","modified_gmt":"2025-05-07T10:24:02","slug":"multitool-leatherman-mut-eod","status":"publish","type":"product","link":"https:\/\/www.moskito.cz\/sk\/produkt\/multitool-leatherman-mut-eod\/","title":{"rendered":"Multitool Leatherman MUT EOD"},"content":{"rendered":"<p>Multitool <strong>Leatherman<\/strong> MUT EOD. Taktick\u00fd arm\u00e1dny multitool <strong>Leatherman MUT EOD<\/strong> je ur\u010den\u00fd nielen pre profesion\u00e1lnych vojakov, ale aj pre policajtov, strelcov a lovcov. V\u010faka \u0161peci\u00e1lne tvarovanej oce\u013eovej rukov\u00e4ti sa d\u00e1 skvele ovl\u00e1da\u0165 v rukaviciach a niektor\u00e9 n\u00e1stroje je mo\u017en\u00e9 \u013eahko otv\u00e1ra\u0165 prstom jednej ruky. \u0160pi\u010dka kombinovan\u00e9ho no\u017ea je skosen\u00e1 na \u013eahk\u00e9 rezanie m\u00e4sa \u010di s\u0165ahovanie ko\u017ee. P\u00edlka m\u00e1 ostren\u00e9 zuby v dvoch radoch a skvele re\u017ee drevo, plast, gumu aj in\u00e9 materi\u00e1ly. Klie\u0161te maj\u00fa \u0161pecificky \u00fazke \u010de\u013euste pre jemn\u00fa pr\u00e1cu s v\u00fdbu\u0161ninami a obsahuj\u00fa \u0161peci\u00e1lnu hlavicu na aktiv\u00e1ciu roznetiek. Vymenite\u013en\u00e9 brity pre\u0161tiepnu oce\u013eov\u00e9 lano aj ostnat\u00fd dr\u00f4t. S\u00fa\u010das\u0165ou rukov\u00e4te je praktick\u00e9 kladivo. N\u00e1stroj na vyslobodenie zaseknutej n\u00e1bojnice a \u0161krabku karb\u00f3nu ocen\u00ed ka\u017ed\u00fd strelec. Arm\u00e1dni \u0161pecialisti potom vyu\u017eij\u00fa jamku na plastick\u00e9 trhaviny. Samozrejmos\u0165ou s\u00fa potom adapt\u00e9ry na r\u00f4zne typy skrutkova\u010dov. Aby sa zbrane (nielen streln\u00e9) stali na\u0161imi spo\u013eahliv\u00fdmi pomocn\u00edkmi, mus\u00edme sa o ne dobre stara\u0165. Leatherman MUT EOD by preto nemal ch\u00fdba\u0165 vo v\u00fdbave \u017eiadneho strelca. Balenie obsahuje: multitool, p\u00fazdro NYLON MOLLE XL BLACK, MUT K\u013d\u00da\u010c, bity: kr\u00ed\u017eov\u00fd bit # 1-2 a ploch\u00fd bit 3\/16&#8243;, kr\u00ed\u017eov\u00fd bit #2 a ploch\u00fd \u00bc&#8220;, torx #15 a \u0161es\u0165hran 7\/64&#8243;, odn\u00edmate\u013en\u00fd tit\u00e1nov\u00fd klip na vrecko \u010di opasok, k\u013e\u00fa\u010d na \u00fapravu a nastavenie mu\u0161ky zbrane 3\/8\u201c, samolepku 100% origin\u00e1l, n\u00e1vod Parametre: D\u013a\u017eka \u010depele: 7.6 cm D\u013a\u017eka zatvoren\u00e9ho n\u00e1stroja: 12.7 cm Hmotnos\u0165: 317.5 g https:\/\/www.youtube.com\/watch?v=5W_v3GoNiL8 https:\/\/www. youtube.com\/watch?v=ytNrMeNaRL8               &nbsp;<\/p>\n","protected":false},"excerpt":{"rendered":"<p><strong>Sme hrd\u00ed, \u017ee stoj\u00edme za ka\u017ed\u00fdm v\u00fdrobkom, ktor\u00fd op\u00fa\u0161\u0165a na\u0161u tov\u00e1re\u0148 v Portlande v Oregone. Preto pon\u00fakame na\u0161u 25-ro\u010dn\u00fa z\u00e1ruku, tak\u017ee si m\u00f4\u017eete by\u0165 ist\u00ed, \u017ee v\u00e1\u0161 Leatherman vydr\u017e\u00ed po cel\u00fd \u017eivot. <\/strong><\/p>\n<p><strong>Doprava zadarmo.<\/strong><\/p>\n","protected":false},"featured_media":358819,"comment_status":"open","ping_status":"closed","template":"","meta":[],"pwb-brand":[3490],"product_brand":[],"product_cat":[3342],"product_tag":[],"class_list":{"0":"post-359018","1":"product","2":"type-product","3":"status-publish","4":"has-post-thumbnail","6":"pwb-brand-leatherman-sk","7":"product_cat-multi-tool-sk","9":"first","10":"outofstock","11":"taxable","12":"shipping-taxable","13":"purchasable","14":"product-type-simple"},"brands":[{"id":3490,"name":"Leatherman","slug":"leatherman-sk"}],"_links":{"self":[{"href":"https:\/\/www.moskito.cz\/sk\/wp-json\/wp\/v2\/product\/359018","targetHints":{"allow":["GET"]}}],"collection":[{"href":"https:\/\/www.moskito.cz\/sk\/wp-json\/wp\/v2\/product"}],"about":[{"href":"https:\/\/www.moskito.cz\/sk\/wp-json\/wp\/v2\/types\/product"}],"replies":[{"embeddable":true,"href":"https:\/\/www.moskito.cz\/sk\/wp-json\/wp\/v2\/comments?post=359018"}],"wp:featuredmedia":[{"embeddable":true,"href":"https:\/\/www.moskito.cz\/sk\/wp-json\/wp\/v2\/media\/358819"}],"wp:attachment":[{"href":"https:\/\/www.moskito.cz\/sk\/wp-json\/wp\/v2\/media?parent=359018"}],"wp:term":[{"taxonomy":"pwb-brand","embeddable":true,"href":"https:\/\/www.moskito.cz\/sk\/wp-json\/wp\/v2\/pwb-brand?post=359018"},{"taxonomy":"product_brand","embeddable":true,"href":"https:\/\/www.moskito.cz\/sk\/wp-json\/wp\/v2\/product_brand?post=359018"},{"taxonomy":"product_cat","embeddable":true,"href":"https:\/\/www.moskito.cz\/sk\/wp-json\/wp\/v2\/product_cat?post=359018"},{"taxonomy":"product_tag","embeddable":true,"href":"https:\/\/www.moskito.cz\/sk\/wp-json\/wp\/v2\/product_tag?post=359018"}],"curies":[{"name":"wp","href":"https:\/\/api.w.org\/{rel}","templated":true}]}}