{"id":359129,"date":"2024-09-11T13:39:25","date_gmt":"2024-09-11T12:40:35","guid":{"rendered":"https:\/\/www.moskito.cz\/produkt\/multitool-leatherman-mut-black\/"},"modified":"2025-05-12T17:34:54","modified_gmt":"2025-05-12T16:34:54","slug":"multitool-leatherman-mut-black","status":"publish","type":"product","link":"https:\/\/www.moskito.cz\/sk\/produkt\/multitool-leatherman-mut-black\/","title":{"rendered":"Multitool Leatherman MUT BLACK"},"content":{"rendered":"<p>Multitool <strong>Leatherman<\/strong> MUT BLACK.Par\u0165\u00e1k ka\u017ed\u00e9ho snipera T\u00e1to takzvan\u00e1 civiln\u00e1 varianta arm\u00e1dnych multitoolov je neocenite\u013en\u00fdm vybaven\u00edm pre civiln\u00fdch strelcov, ale aj pre arm\u00e1dnych profesion\u00e1lov. s vymenite\u013en\u00fdmi \u010depie\u013ekami a krimpovacou elektrik\u00e1rskou klie\u0161te. Samozrejmos\u0165ou je n\u00f4\u017e s kombinovan\u00fdm ostr\u00edm z ocele 420HC a p\u00edlka. Pod mas\u00edvnym kladivom na konci n\u00e1stroja je ukryt\u00fd aj rezac\u00ed h\u00e1k v tvare p\u00edsmena V na jednoduch\u00e9 rezanie popruhov. na zaseknut\u00e9 n\u00e1bojnice, \u0161krabka karb\u00f3nu (z bronzu, teda nehroz\u00ed po\u0161kriabanie komponentov zbrane), adapt\u00e9r na \u010distiacu kefku, n\u00e1stroj na rozborku zbran\u00ed a ve\u013ek\u00fd adapt\u00e9r na bity. je mo\u017en\u00e9 e\u0161te vylep\u0161i\u0165 o \u010fal\u0161ie komponenty, ako s\u00fa n\u00e1hradn\u00e9 bity. prisp\u00f4soben\u00e9 a pojme aj n\u00e1hradn\u00e9 diely \u010di k\u013e\u00fa\u010d na v\u00fdmenu n\u00e1strojov. Balenie obsahuje: multitool, puzdro NYLON MOLLE XL BROWN, k\u013e\u00fa\u010d, kr\u00ed\u017eov\u00fd bit # 1-2 a ploch\u00fd bit 3\/16, kr\u00ed\u017eov\u00fd bit # 2 a ploch\u00fd \u00bc\u201c, torx #15 a \u0161es\u0165hran 7\/64\u201c, samolepku 100% origin\u00e1l, n\u00e1vod N\u00c1STROJE Klie\u0161te s ihlovou \u0161pi\u010dkou \u0160peci\u00e1lne arm\u00e1dne kombinovan\u00e9 klie\u0161te \u0160tiepacie klie\u0161te m\u00e4kk\u00fdch dr\u00f4tov z ocele 154CM s vymenite\u013en\u00fdmi \u010depie\u013ekami \u0160tiepacie klie\u0161te tvrd\u00fdch oce\u013eov\u00fdch l\u00e1n \u0160tiepacie klie\u0161te lanka Krimpovacie klie\u0161te elektrik\u00e1rske N\u00f4\u017e s kombinovan\u00fdm ostr\u00edm z ocele 420HC Pil \u0160krabka karb\u00f3nu Adapt\u00e9r na \u010distiacu kefku M\/F N\u00e1stroj na rozborku zbran\u00ed &#8211; vymenite\u013en\u00fd Karab\u00edna\/otv\u00e1ra\u010d Ve\u013ek\u00fd bit adapt\u00e9r https:\/\/www.youtube.com\/watch?v=5W_v3GoNiL8             &nbsp;<\/p>\n","protected":false},"excerpt":{"rendered":"<p><strong>Sme hrd\u00ed, \u017ee stoj\u00edme za ka\u017ed\u00fdm v\u00fdrobkom, ktor\u00fd op\u00fa\u0161\u0165a na\u0161u tov\u00e1re\u0148 v Portlande v Oregone. Preto pon\u00fakame na\u0161u 25-ro\u010dn\u00fa z\u00e1ruku, tak\u017ee si m\u00f4\u017eete by\u0165 ist\u00ed, \u017ee v\u00e1\u0161 Leatherman vydr\u017e\u00ed po cel\u00fd \u017eivot. <\/strong><\/p>\n<p><strong>Doprava zadarmo.<\/strong><\/p>\n","protected":false},"featured_media":359071,"comment_status":"open","ping_status":"closed","template":"","meta":[],"pwb-brand":[3490],"product_brand":[],"product_cat":[3342],"product_tag":[],"class_list":{"0":"post-359129","1":"product","2":"type-product","3":"status-publish","4":"has-post-thumbnail","6":"pwb-brand-leatherman-sk","7":"product_cat-multi-tool-sk","9":"first","10":"outofstock","11":"taxable","12":"shipping-taxable","13":"purchasable","14":"product-type-simple"},"brands":[{"id":3490,"name":"Leatherman","slug":"leatherman-sk"}],"_links":{"self":[{"href":"https:\/\/www.moskito.cz\/sk\/wp-json\/wp\/v2\/product\/359129","targetHints":{"allow":["GET"]}}],"collection":[{"href":"https:\/\/www.moskito.cz\/sk\/wp-json\/wp\/v2\/product"}],"about":[{"href":"https:\/\/www.moskito.cz\/sk\/wp-json\/wp\/v2\/types\/product"}],"replies":[{"embeddable":true,"href":"https:\/\/www.moskito.cz\/sk\/wp-json\/wp\/v2\/comments?post=359129"}],"wp:featuredmedia":[{"embeddable":true,"href":"https:\/\/www.moskito.cz\/sk\/wp-json\/wp\/v2\/media\/359071"}],"wp:attachment":[{"href":"https:\/\/www.moskito.cz\/sk\/wp-json\/wp\/v2\/media?parent=359129"}],"wp:term":[{"taxonomy":"pwb-brand","embeddable":true,"href":"https:\/\/www.moskito.cz\/sk\/wp-json\/wp\/v2\/pwb-brand?post=359129"},{"taxonomy":"product_brand","embeddable":true,"href":"https:\/\/www.moskito.cz\/sk\/wp-json\/wp\/v2\/product_brand?post=359129"},{"taxonomy":"product_cat","embeddable":true,"href":"https:\/\/www.moskito.cz\/sk\/wp-json\/wp\/v2\/product_cat?post=359129"},{"taxonomy":"product_tag","embeddable":true,"href":"https:\/\/www.moskito.cz\/sk\/wp-json\/wp\/v2\/product_tag?post=359129"}],"curies":[{"name":"wp","href":"https:\/\/api.w.org\/{rel}","templated":true}]}}