{"id":359135,"date":"2024-09-11T13:21:45","date_gmt":"2024-09-11T12:21:45","guid":{"rendered":"https:\/\/www.moskito.cz\/produkt\/multitool-leatherman-bond\/"},"modified":"2025-05-07T11:24:04","modified_gmt":"2025-05-07T10:24:04","slug":"multitool-leatherman-bond","status":"publish","type":"product","link":"https:\/\/www.moskito.cz\/sk\/produkt\/multitool-leatherman-bond\/","title":{"rendered":"Multitool Leatherman Bond"},"content":{"rendered":"<p>Multitool <strong>Leatherman<\/strong> Bond. Multitool Leatherman BOND odkazuje svojou kon\u0161trukciou a v\u00fdbavou k legend\u00e1rnemu modelu PST. Zaujme preto predov\u0161etk\u00fdm svojim minimalistick\u00fdm designom a eleganciou. 14 praktick\u00fdch n\u00e1strojov je zabudovan\u00fdch v tele s d\u013a\u017ekou 10 cm a hmotnos\u0165ou 176 gramov. BONDa tak \u013eahko str\u010d\u00edte do vrecka \u010di do batohu (zaist\u00edte odn\u00edmate\u013en\u00fdm klipom &#8211; nie je s\u00fa\u010das\u0165ou balenia nie je s\u00fa\u010das\u0165ou balenia) a d\u00f4le\u017eit\u00e9 n\u00e1stroje ka\u017edodennej potreby budete ma\u0165 neust\u00e1le po ruke. Medzi ne patria multifunk\u010dn\u00e9 klie\u0161te, n\u00f4\u017e zo \u0161pi\u010dkovej ocele 420HC, sada otv\u00e1ra\u010dov, skrutkova\u010dov, \u0161idlo a \u010fal\u0161ie. Samozrejmos\u0165ou je z\u00e1ruka 25 rokov. Obsah balenia: nylonov\u00e9 p\u00fazdro PARAMETRE D\u013a\u017eka \u010depele: 7,36 cm D\u013a\u017eka zatvoren\u00e9ho n\u00e1stroja: 10 cm Hmostnos\u0165: 176 g https:\/\/www.youtube.com\/watch?v=qLQOc6Dxq-8         &nbsp;<\/p>\n<p>&nbsp;<\/p>\n","protected":false},"excerpt":{"rendered":"<p><strong>Sme hrd\u00ed, \u017ee stoj\u00edme za ka\u017ed\u00fdm v\u00fdrobkom, ktor\u00fd op\u00fa\u0161\u0165a na\u0161u tov\u00e1re\u0148 v Portlande v Oregone. Preto pon\u00fakame na\u0161u 25-ro\u010dn\u00fa z\u00e1ruku, tak\u017ee si m\u00f4\u017eete by\u0165 ist\u00ed, \u017ee v\u00e1\u0161 Leatherman vydr\u017e\u00ed po cel\u00fd \u017eivot. <\/strong><\/p>\n<p>&nbsp;<\/p>\n","protected":false},"featured_media":359029,"comment_status":"open","ping_status":"closed","template":"","meta":[],"pwb-brand":[3490],"product_brand":[],"product_cat":[3342],"product_tag":[],"class_list":{"0":"post-359135","1":"product","2":"type-product","3":"status-publish","4":"has-post-thumbnail","6":"pwb-brand-leatherman-sk","7":"product_cat-multi-tool-sk","9":"first","10":"instock","11":"taxable","12":"shipping-taxable","13":"purchasable","14":"product-type-simple"},"brands":[{"id":3490,"name":"Leatherman","slug":"leatherman-sk"}],"_links":{"self":[{"href":"https:\/\/www.moskito.cz\/sk\/wp-json\/wp\/v2\/product\/359135","targetHints":{"allow":["GET"]}}],"collection":[{"href":"https:\/\/www.moskito.cz\/sk\/wp-json\/wp\/v2\/product"}],"about":[{"href":"https:\/\/www.moskito.cz\/sk\/wp-json\/wp\/v2\/types\/product"}],"replies":[{"embeddable":true,"href":"https:\/\/www.moskito.cz\/sk\/wp-json\/wp\/v2\/comments?post=359135"}],"wp:featuredmedia":[{"embeddable":true,"href":"https:\/\/www.moskito.cz\/sk\/wp-json\/wp\/v2\/media\/359029"}],"wp:attachment":[{"href":"https:\/\/www.moskito.cz\/sk\/wp-json\/wp\/v2\/media?parent=359135"}],"wp:term":[{"taxonomy":"pwb-brand","embeddable":true,"href":"https:\/\/www.moskito.cz\/sk\/wp-json\/wp\/v2\/pwb-brand?post=359135"},{"taxonomy":"product_brand","embeddable":true,"href":"https:\/\/www.moskito.cz\/sk\/wp-json\/wp\/v2\/product_brand?post=359135"},{"taxonomy":"product_cat","embeddable":true,"href":"https:\/\/www.moskito.cz\/sk\/wp-json\/wp\/v2\/product_cat?post=359135"},{"taxonomy":"product_tag","embeddable":true,"href":"https:\/\/www.moskito.cz\/sk\/wp-json\/wp\/v2\/product_tag?post=359135"}],"curies":[{"name":"wp","href":"https:\/\/api.w.org\/{rel}","templated":true}]}}