{"id":359403,"date":"2024-09-11T14:01:05","date_gmt":"2024-09-11T14:14:53","guid":{"rendered":"https:\/\/www.moskito.cz\/produkt\/multitool-leatherman-skeletool-cx-paradise\/"},"modified":"2025-05-07T11:24:06","modified_gmt":"2025-05-07T10:24:06","slug":"multitool-leatherman-skeletool-cx-paradise","status":"publish","type":"product","link":"https:\/\/www.moskito.cz\/sk\/produkt\/multitool-leatherman-skeletool-cx-paradise\/","title":{"rendered":"Multitool Leatherman Skeletool CX Paradise"},"content":{"rendered":"<p>Multitool <strong>Leatherman<\/strong> SKELETOOL CX PARADISE. <strong>Leatherman SKELETOOL CX<\/strong> zdedil po svojom star\u0161om bratovi v\u0161etky jeho z\u00e1kladn\u00e9 atrib\u00faty &#8211; atrakt\u00edvny dizajn, extr\u00e9mnu odolnos\u0165 aj ladn\u00e9 telo s od\u013eah\u010dovac\u00edmi otvormi. Tie ho s iba 142 gramami robia jedn\u00fdm z naj\u013eah\u0161\u00edch n\u00e1strojov svojej triedy. K tomu v\u0161etk\u00e9mu e\u0161te <strong>SKELETOOL CX<\/strong> doviedol k dokonalosti \u010depe\u013e no\u017ea s hladk\u00fdm ostr\u00edm, ktor\u00e1 je vyroben\u00e1 z e\u0161te kvalitnej\u0161ej ocele 154CM. V na prv\u00fd poh\u013ead jednoduchom multitoole n\u00e1jdete v\u0161etko z\u00e1kladn\u00e9, \u010do potrebujete na cest\u00e1ch v pr\u00edrode aj v meste: okrem no\u017ea aj klie\u0161te, otv\u00e1ra\u010d, karab\u00ednu a sadu bitov\u00fdch skrutkova\u010dov. Celkom sedem funk\u010dn\u00fdch n\u00e1strojov v od\u013eah\u010denom kompakte v e\u0161te atrakt\u00edvnej\u0161om strieborno-\u010diernom dizajne budete ma\u0165 v\u017edy po ruke a jeho v\u00e1hu na opasku \u010di v batohu ani nepoc\u00edtite. Stane sa tak va\u0161im nepostr\u00e1date\u013en\u00fdm par\u0165\u00e1kom na ka\u017edej ceste. Balenie obsahuje: multitool, bity: kr\u00ed\u017eov\u00fd #1 a #2, ploch\u00fd 1.4 a 3\/16, odn\u00edmate\u013en\u00fd klip na opasok, samolepku 100% origin\u00e1l, n\u00e1vod. Parametre: D\u013a\u017eka \u010depele: 6.6 cm D\u013a\u017eka zatvoren\u00e9ho n\u00e1stroja: 10 cm Hmotnos\u0165: 142 g https:\/\/www.youtube.com\/watch?v=VUQu0ERufz8         &nbsp;<\/p>\n","protected":false},"excerpt":{"rendered":"<div id=\"tw-target-text-container\" class=\"tw-ta-container F0azHf tw-nfl\" tabindex=\"0\">\n<p><strong>Sme hrd\u00ed, \u017ee stoj\u00edme za ka\u017ed\u00fdm v\u00fdrobkom, ktor\u00fd op\u00fa\u0161\u0165a na\u0161u tov\u00e1re\u0148 v Portlande v Oregone. Preto pon\u00fakame na\u0161u 25-ro\u010dn\u00fa z\u00e1ruku, tak\u017ee si m\u00f4\u017eete by\u0165 ist\u00ed, \u017ee v\u00e1\u0161 Leatherman vydr\u017e\u00ed po cel\u00fd \u017eivot. <\/strong><\/p>\n<p>&nbsp;<\/p>\n<pre id=\"tw-target-text\" class=\"tw-data-text tw-text-large tw-ta\" dir=\"ltr\" data-placeholder=\"P\u0159eklad\" aria-label=\"P\u0159elo\u017een\u00fd text\" data-ved=\"2ahUKEwjohPmwyLqIAxXLgv0HHQnQCWQQ3ewLegQICBAT\"><span class=\"Y2IQFc\" lang=\"cs\"> <\/span><\/pre>\n<\/div>\n<div id=\"tw-target-rmn-container\" class=\"tw-target-rmn tw-ta-container F0azHf tw-nfl\">\n<pre id=\"tw-target-rmn\" class=\"tw-data-placeholder tw-text-small tw-ta\" dir=\"ltr\" data-placeholder=\"\"><\/pre>\n<\/div>\n","protected":false},"featured_media":359190,"comment_status":"open","ping_status":"closed","template":"","meta":[],"pwb-brand":[3490],"product_brand":[],"product_cat":[3342],"product_tag":[],"class_list":{"0":"post-359403","1":"product","2":"type-product","3":"status-publish","4":"has-post-thumbnail","6":"pwb-brand-leatherman-sk","7":"product_cat-multi-tool-sk","9":"first","10":"instock","11":"taxable","12":"shipping-taxable","13":"purchasable","14":"product-type-simple"},"brands":[{"id":3490,"name":"Leatherman","slug":"leatherman-sk"}],"_links":{"self":[{"href":"https:\/\/www.moskito.cz\/sk\/wp-json\/wp\/v2\/product\/359403","targetHints":{"allow":["GET"]}}],"collection":[{"href":"https:\/\/www.moskito.cz\/sk\/wp-json\/wp\/v2\/product"}],"about":[{"href":"https:\/\/www.moskito.cz\/sk\/wp-json\/wp\/v2\/types\/product"}],"replies":[{"embeddable":true,"href":"https:\/\/www.moskito.cz\/sk\/wp-json\/wp\/v2\/comments?post=359403"}],"wp:featuredmedia":[{"embeddable":true,"href":"https:\/\/www.moskito.cz\/sk\/wp-json\/wp\/v2\/media\/359190"}],"wp:attachment":[{"href":"https:\/\/www.moskito.cz\/sk\/wp-json\/wp\/v2\/media?parent=359403"}],"wp:term":[{"taxonomy":"pwb-brand","embeddable":true,"href":"https:\/\/www.moskito.cz\/sk\/wp-json\/wp\/v2\/pwb-brand?post=359403"},{"taxonomy":"product_brand","embeddable":true,"href":"https:\/\/www.moskito.cz\/sk\/wp-json\/wp\/v2\/product_brand?post=359403"},{"taxonomy":"product_cat","embeddable":true,"href":"https:\/\/www.moskito.cz\/sk\/wp-json\/wp\/v2\/product_cat?post=359403"},{"taxonomy":"product_tag","embeddable":true,"href":"https:\/\/www.moskito.cz\/sk\/wp-json\/wp\/v2\/product_tag?post=359403"}],"curies":[{"name":"wp","href":"https:\/\/api.w.org\/{rel}","templated":true}]}}