{"id":359669,"date":"2020-02-11T11:40:08","date_gmt":"2024-09-17T18:36:33","guid":{"rendered":"https:\/\/www.moskito.cz\/produkt\/vystrelovaci-noz-microtech-socom-elite-160a-10-mr\/"},"modified":"2025-07-11T07:50:49","modified_gmt":"2025-07-11T06:50:49","slug":"vystrelovaci-noz-microtech-socom-elite-160a-10-mr","status":"publish","type":"product","link":"https:\/\/www.moskito.cz\/sk\/produkt\/vystrelovaci-noz-microtech-socom-elite-160a-10-mr\/","title":{"rendered":"Vystre\u013eovac\u00ed N\u00f4\u017e Microtech Socom Elite 160A-10 MR"},"content":{"rendered":"<p>Vystre\u013eovac\u00ed N\u00f4\u017e <strong>Microtech Socom Elite<\/strong> 160A-10 MR.  <span lang=\"cs\">V priebehu rokov <strong>Microtech\u00ae Knives<\/strong> naplnil v\u00e1\u0161\u0148ou a zru\u010dnos\u0165ou v\u00fdrobu no\u017eov, a\u017e z nich vytvoril takmer umeleck\u00e9 diela, ktor\u00e9 s\u00fa vrcholom funk\u010dnosti. Aj na\u010falej pos\u00fava hranice a zlep\u0161uje to, \u010do u\u017e vie, \u017ee funguje. V roku 2020 sa Microtech\u00ae Knives rozr\u00e1stol na predn\u00fa no\u017eiarsku zna\u010dku, ktor\u00e1 sa neust\u00e1le vyv\u00edja a pohybuje vpred pomocou najnov\u0161\u00edch technol\u00f3gi\u00ed, starod\u00e1vnych z\u00e1sad pri v\u00fdrobe \u010depel\u00ed a maxim\u00e1lneho testovania v ter\u00e9ne, tak aby nekompromitovali kvalitu.  <\/span>  Tento automatick\u00fd n\u00f4\u017e Vystre\u013eovac\u00ed N\u00f4\u017e <strong>Microtech Socom Elite<\/strong> 161A-10 MR m\u00e1 hlin\u00edkov\u00fa rukov\u00e4\u0165 a matn\u00fa tanto \u010depe\u013e. Od zalo\u017eenia origin\u00e1lu <strong>Microtech\u00ae Socom<\/strong> nastavuje \u0161tandard pre taktick\u00e9 no\u017ee. Sokom Elite stavia na tomto dizajne, aby sa prisp\u00f4sobil r\u00f4znym prostrediam. Jeho rukov\u00e4\u0165 m\u00e1 \u0161portov\u00fd grip a jedine\u010dn\u00fd tvar, pre pohodln\u00e9 a bezpe\u010dn\u00e9 uchopenie po cel\u00fa dobu. Celkov\u00e1 d\u013a\u017eka: 22.5 cm D\u013a\u017eka \u010depele: 10 cm Rezn\u00e1 hrana: 9.37 cm \u0160\u00edrka \u010depele: 2.8 cm Hr\u00fabka \u010depele: 0,47 cm Materi\u00e1l \u010depele: Bohler M390 Britov\u00e9 do\u0161ti\u010dky: Ploch\u00e9 D\u013a\u017eka rukov\u00e4te: 12.5 cm rukov\u00e4te: 1.37 Materi\u00e1l rukov\u00e4te: hlin\u00edk Hmotnos\u0165: 4,58 oz. U\u017e\u00edvate\u013e: Prav\u00e1 ruka Pocket Clip: Tip-Down Typ no\u017ea: Automatick\u00fd Otv\u00e1ra\u010d: Tla\u010didlo Typ z\u00e1mku: Blokovac\u00ed z\u00e1mok Zna\u010dka: Microtech Model: Socom Elite \u010c\u00edslo modelu: 161A-10 MR Krajina p\u00f4vodu: USA Najlep\u0161ie vyu\u017eitie: Taktick\u00e9 Through the years, <strong>Microtech\u00ae Knihy<\/strong> maj\u00fa inf\u00faziu passion a skill do pr\u00e1ce s umen\u00edm, ktor\u00e9 s\u00fa an apex of functionality and form.  We continue to push boundaries a improve on what we already know works. V roku 2020 <strong>Microtech\u00ae Knives<\/strong> m\u00e1 hlbok\u00e9 vedenie \u0161tudijn\u00e9ho okraja, \u010falej evolving a jazdu smerom k najnov\u0161\u00edm technol\u00f3gi\u00e1m, starovek\u00fdm blade princ\u00edpom, a maximum po\u013ea testovania na dosiahnutie nez\u00e1konn\u00fdch kompromisov.  <\/p>\n<div class=\"description\">  The Socom Elite umiestnil vysok\u00fd \u0161tandard pre tactical\/utility cutlery. Since po\u0148atie origin\u00e1lneho Socom v roku 1996, to m\u00e1 by\u0165 pioneer of entire <strong>Microtech<\/strong> folding n\u00f4\u017e line. Viac ako roky, nieko\u013eko Improvements m\u00e1 by\u0165 vyroben\u00e9 z h\u013eadiska Socom viac adaptabiln\u00e9 pre r\u00f4zne environment\u00e1lne. Both the Auto and the manual Socoms maj\u00fa unik\u00e1tnu rukov\u00e4\u0165 tvaru, ktor\u00fd molds to your hand. Know you are buying the best tool on the market no matter which one-of-a-kind blade you choose: klip bod alebo tan. Za\u010dlenen\u00e9 sklo prest\u00e1vke na z\u00e1kladni rukov\u00e4te a ve\u013ek\u00e9 studne, ktor\u00e9 sp\u00f4sobuj\u00fa jednoduch\u00e9 otvorenie s glove adds k jeho impressive stature. The Socom&#8217;s rugged reliability makes it the first choice for the special operations community.        <\/p>\n<div class=\"clearfix\"><\/div>\n<\/div>\n<div class=\"specifications\">\n<div class=\"features\"><\/div>\n<div class=\"specs\">\n<p><strong>Specifications<\/strong><\/p>\n<ul>\n<li>Blade Length: 4.05&#8243;<\/li>\n<li>Cutting Edge: 3.75&#8243;<\/li>\n<li>Closed Length: 5.06&#8243;<\/li>\n<li>Overall Length: 9.11&#8243;<\/li>\n<li><strong>Please note, blade steel cannot m\u00f4\u017ee by\u0165 \u0161pecifikovan\u00fd ako to m\u00f4\u017ee by\u0165 alternat\u00edva (information from Microtech)<\/strong><\/li>\n<li>Blade Style: Tanto<\/li>\n<li>Blade Grind: Flat<\/li>\n<li>Blade Finish: Stonewash<\/li>\n<li>Handle Material: Aluminum with Textured Inserts<\/li>\n<li>Locking Mechanism: Push Button<\/li>\n<li>Pocket Clip: Stainless Steel (Tip-Down, Right Carry)<\/li>\n<li>Weight: 5.6 oz.<\/li>\n<li>Designer: Tony Marfione<\/li>\n<li>Made in the USA<\/li>\n<\/ul>\n<\/div>\n<\/div>\n","protected":false},"excerpt":{"rendered":"<p>V priebehu rokov <strong>Microtech\u00ae Knives<\/strong> naplnil v\u00e1\u0161\u0148ou a zru\u010dnos\u0165ou v\u00fdrobu no\u017eov, a\u017e z nich vytvoril takmer umeleck\u00e9 diela, ktor\u00e9 s\u00fa vrcholom funk\u010dnosti. V\u0161etky diely s\u00fa vyroden\u00e9 v USA.  <strong>Na v\u0161etky no\u017ee Microtech je do\u017eivotn\u00e1 z\u00e1ruka.<\/strong><\/p>\n","protected":false},"featured_media":177561,"comment_status":"open","ping_status":"closed","template":"","meta":[],"pwb-brand":[3200],"product_brand":[],"product_cat":[3186,3197],"product_tag":[],"class_list":{"0":"post-359669","1":"product","2":"type-product","3":"status-publish","4":"has-post-thumbnail","6":"pwb-brand-microtech-sk","7":"product_cat-noze-sk","8":"product_cat-vystrelovacie-noze-sk","10":"first","11":"outofstock","12":"taxable","13":"shipping-taxable","14":"purchasable","15":"product-type-simple"},"brands":[{"id":3200,"name":"Microtech","slug":"microtech-sk"}],"_links":{"self":[{"href":"https:\/\/www.moskito.cz\/sk\/wp-json\/wp\/v2\/product\/359669","targetHints":{"allow":["GET"]}}],"collection":[{"href":"https:\/\/www.moskito.cz\/sk\/wp-json\/wp\/v2\/product"}],"about":[{"href":"https:\/\/www.moskito.cz\/sk\/wp-json\/wp\/v2\/types\/product"}],"replies":[{"embeddable":true,"href":"https:\/\/www.moskito.cz\/sk\/wp-json\/wp\/v2\/comments?post=359669"}],"wp:featuredmedia":[{"embeddable":true,"href":"https:\/\/www.moskito.cz\/sk\/wp-json\/wp\/v2\/media\/177561"}],"wp:attachment":[{"href":"https:\/\/www.moskito.cz\/sk\/wp-json\/wp\/v2\/media?parent=359669"}],"wp:term":[{"taxonomy":"pwb-brand","embeddable":true,"href":"https:\/\/www.moskito.cz\/sk\/wp-json\/wp\/v2\/pwb-brand?post=359669"},{"taxonomy":"product_brand","embeddable":true,"href":"https:\/\/www.moskito.cz\/sk\/wp-json\/wp\/v2\/product_brand?post=359669"},{"taxonomy":"product_cat","embeddable":true,"href":"https:\/\/www.moskito.cz\/sk\/wp-json\/wp\/v2\/product_cat?post=359669"},{"taxonomy":"product_tag","embeddable":true,"href":"https:\/\/www.moskito.cz\/sk\/wp-json\/wp\/v2\/product_tag?post=359669"}],"curies":[{"name":"wp","href":"https:\/\/api.w.org\/{rel}","templated":true}]}}