{"id":359844,"date":"2023-07-05T09:31:35","date_gmt":"2023-07-05T08:31:35","guid":{"rendered":"https:\/\/www.moskito.cz\/produkt\/zatvaraci-noz-spyderco-manix-2-lightweight-c101pdbl2\/"},"modified":"2025-05-07T11:24:18","modified_gmt":"2025-05-07T10:24:18","slug":"zatvaraci-noz-spyderco-manix-2-lightweight-c101pdbl2","status":"publish","type":"product","link":"https:\/\/www.moskito.cz\/sk\/produkt\/zatvaraci-noz-spyderco-manix-2-lightweight-c101pdbl2\/","title":{"rendered":"Zatv\u00e1rac\u00ed N\u00f4\u017e Spyderco Manix 2 Lightweight C101PDBL2"},"content":{"rendered":"<p>Zatv\u00e1rac\u00ed N\u00f4\u017e <strong>Spyderco<\/strong> Manix 2 Lightweight C101PDBL2 <strong>Manix<\/strong> 2 Lightweight CPM S110V kombinuje ultra \u013eahk\u00fa kon\u0161trukciu n\u00e1\u0161ho oce\u0148ovan\u00e9ho Manix 2 Lightweight s \u010depe\u013eou br\u00fasenou z pr\u00e9miov\u00e9ho Crucible \u00ae CPM S110V. T\u00e1to najmodernej\u0161ia oce\u013e pre pr\u00e1\u0161kov\u00fa metalurgiu obsahuje vysok\u00e9 mno\u017estvo van\u00e1du a ni\u00f3bu \u2013 zliatin, ktor\u00e9 jej dod\u00e1vaj\u00fa v\u00fdnimo\u010dn\u00fa odolnos\u0165 proti opotrebovaniu a vy\u0161\u0161iu odolnos\u0165 proti kor\u00f3zii ako mnoho in\u00fdch nerezov\u00fdch ocel\u00ed. Plne ploch\u00e1 \u010depe\u013e v tvare listu pon\u00faka vynikaj\u00facu kombin\u00e1ciu sily, rezn\u00e9ho v\u00fdkonu s n\u00edzkym tren\u00edm a bodovej vyu\u017eite\u013enosti. Je tie\u017e vybaven\u00e1 ukazov\u00e1kom a strategicky umiestnen\u00fdm impingom (text\u00farovan\u00edm), ktor\u00e9 zlep\u0161uj\u00fa kontrolu po\u010das pou\u017e\u00edvania, a Spyderco&#8217;s Trademark Round Hole\u2122 pre r\u00fdchle, obojstrann\u00e9 otv\u00e1ranie jednou rukou. Rukov\u00e4\u0165 tohto no\u017ea je vyroben\u00e1 vstrekovan\u00edm z pevn\u00e9ho nylonu vystu\u017een\u00e9ho sklen\u00fdmi vl\u00e1knami (FRN) a vyzna\u010duje sa charakteristick\u00fdm vzorom Bi-Directional Texturing \u2122 od Spyderco, ktor\u00fd zais\u0165uje bezpe\u010dn\u00e9 uchopenie za v\u0161etk\u00fdch podmienok prostredia.     Obojstrann\u00e1 dr\u00f4ten\u00e1 spona umo\u017e\u0148uje pohodln\u00e9 nosenie na \u013eavej alebo pravej strane a ve\u013ek\u00fd otvor pre \u0161n\u00farku umo\u017e\u0148uje \u013eahk\u00e9 pripevnenie pr\u00edveskov a \u0161n\u00farok. Spojen\u00edm \u010depele a rukov\u00e4te je patentovan\u00fd mechanizmus Ball Bearing Lock spolo\u010dnosti Spyderco. Tento vysoko pevn\u00fd z\u00e1mok sa sklad\u00e1 z guli\u010dkov\u00e9ho lo\u017eiska zasaden\u00e9ho do odolnej polym\u00e9rovej \u201eklietke\u201c. Ke\u010f sa \u010depe\u013e otvor\u00ed, odpru\u017een\u00fd oce\u013eov\u00fd plun\u017eer poh\u00e1\u0148a guli\u010dkov\u00e9 lo\u017eisko dopredu, aby sa vkl\u00ednilo medzi rampu na \u010depeli a \u201en\u00e1kovu\u201c v oce\u013eovej vlo\u017eke rukov\u00e4te.  Pritiahnut\u00edm guli\u010dkov\u00e9ho lo\u017eiska v klietke dozadu sa uvo\u013en\u00ed z\u00e1mok a \u010depe\u013e sa hladko zavr\u00fa, zatia\u013e \u010do va\u0161e prsty bud\u00fa v bezpe\u010dnej vzdialenosti od ostrej hrany. Hladk\u00fd, pevn\u00fd a \u013eahko ovl\u00e1date\u013en\u00fd z\u00e1mok Ball Bearing Lock je taktie\u017e \u00faplne obojstrann\u00fd. <strong>Manix<\/strong> 2 CPM S110V Lightweight je v\u00fdnimo\u010dne pokro\u010dil\u00fd zatv\u00e1rac\u00ed n\u00f4\u017e, ktor\u00fd kombinuje n\u00edzku hmotnos\u0165, odolnos\u0165, pevnos\u0165 a vysoko v\u00fdkonn\u00e9 rezacie schopnosti do jedin\u00e9ho dynamick\u00e9ho bal\u00ed\u010dka. \u0160pecifik\u00e1cia D\u013a\u017eka \u010depele: 8.6 cm Rezn\u00e1 hrana: 7.3 cm Celkov\u00e1 d\u013a\u017eka: 20.4 cm D\u013a\u017eka v zatvorenom stave: 11.8 cm Hr\u00fabka \u010depele: 0.32 cm \u010cepe\u013e Oce\u013e: CPM S110V Nerezov\u00e1 oce\u013e Hmotnos\u0165: 2,9 oz. (82 g)   Vyroben\u00e9 v USA  &nbsp;<\/p>\n<p>&nbsp;<\/p>\n","protected":false},"excerpt":{"rendered":"<p><strong>Manix 2 Lightweight CPM S110V kombinuje ultra \u013eahk\u00fa kon\u0161trukciu n\u00e1\u0161ho oce\u0148ovan\u00e9ho Manix 2 Lightweight s \u010depe\u013eou br\u00fasenou z pr\u00e9miov\u00e9ho Crucible\u00ae CPM S110V.<\/strong><\/p>\n","protected":false},"featured_media":252626,"comment_status":"open","ping_status":"closed","template":"","meta":[],"pwb-brand":[3261],"product_brand":[],"product_cat":[3233,3186],"product_tag":[3668],"class_list":{"0":"post-359844","1":"product","2":"type-product","3":"status-publish","4":"has-post-thumbnail","6":"pwb-brand-zatvaraci-noz-spyderco-endura-flat-ground-gray-frn-c10fpgy","7":"product_cat-zatvaracie-noze","8":"product_cat-noze-sk","9":"product_tag-b2b-sk","11":"first","12":"instock","13":"taxable","14":"shipping-taxable","15":"purchasable","16":"product-type-simple"},"brands":[{"id":3261,"name":"Zatv\u00e1rac\u00ed N\u00f4\u017e Spyderco Endura Flat Ground Gray FRN C10FPGY","slug":"zatvaraci-noz-spyderco-endura-flat-ground-gray-frn-c10fpgy"}],"_links":{"self":[{"href":"https:\/\/www.moskito.cz\/sk\/wp-json\/wp\/v2\/product\/359844","targetHints":{"allow":["GET"]}}],"collection":[{"href":"https:\/\/www.moskito.cz\/sk\/wp-json\/wp\/v2\/product"}],"about":[{"href":"https:\/\/www.moskito.cz\/sk\/wp-json\/wp\/v2\/types\/product"}],"replies":[{"embeddable":true,"href":"https:\/\/www.moskito.cz\/sk\/wp-json\/wp\/v2\/comments?post=359844"}],"wp:featuredmedia":[{"embeddable":true,"href":"https:\/\/www.moskito.cz\/sk\/wp-json\/wp\/v2\/media\/252626"}],"wp:attachment":[{"href":"https:\/\/www.moskito.cz\/sk\/wp-json\/wp\/v2\/media?parent=359844"}],"wp:term":[{"taxonomy":"pwb-brand","embeddable":true,"href":"https:\/\/www.moskito.cz\/sk\/wp-json\/wp\/v2\/pwb-brand?post=359844"},{"taxonomy":"product_brand","embeddable":true,"href":"https:\/\/www.moskito.cz\/sk\/wp-json\/wp\/v2\/product_brand?post=359844"},{"taxonomy":"product_cat","embeddable":true,"href":"https:\/\/www.moskito.cz\/sk\/wp-json\/wp\/v2\/product_cat?post=359844"},{"taxonomy":"product_tag","embeddable":true,"href":"https:\/\/www.moskito.cz\/sk\/wp-json\/wp\/v2\/product_tag?post=359844"}],"curies":[{"name":"wp","href":"https:\/\/api.w.org\/{rel}","templated":true}]}}