{"id":359969,"date":"2024-09-26T12:55:05","date_gmt":"2024-09-26T11:55:05","guid":{"rendered":"https:\/\/www.moskito.cz\/produkt\/magnum-white-samurai\/"},"modified":"2025-05-07T11:24:20","modified_gmt":"2025-05-07T10:24:20","slug":"magnum-white-samurai","status":"publish","type":"product","link":"https:\/\/www.moskito.cz\/sk\/produkt\/magnum-white-samurai\/","title":{"rendered":"Samurajsk\u00fd Me\u010d Magnum White Samurai 05ZS642"},"content":{"rendered":"<p>Samurajsk\u00fd Me\u010d <strong>Magnum<\/strong> White Samurai 05ZS642.<\/p>\n<p>Opravdu poutav\u00fd me\u010d! Na rozd\u00edl od v\u0161ech me\u010d\u016f na trhu je B\u00edl\u00fd samuraj zcela b\u00edl\u00fd. D\u0159ev\u011bn\u00e1 pochva je nat\u0159ena b\u00edlou barvou, stejn\u011b jako p\u0159\u00edlohy. Dokonce i obal rukojeti a z\u00e1klad podobn\u00fd rejnokovi jsou b\u00edl\u00e9. Kov\u00e1n\u00ed je naopak jako kontrast starost\u0159\u00edbrn\u00e9. Tsuba, kter\u00e1 odd\u011bluje \u010depel z kovan\u00e9 uhl\u00edkov\u00e9 oceli 1045 od rukojeti, nese tradi\u010dn\u00ed motiv draka. V\u010detn\u011b dekorativn\u00ed prezenta\u010dn\u00ed krabice.<br \/>\nDekorativn\u00ed nebo sb\u011bratelsk\u00fd me\u010d, nevhodn\u00fd k pou\u017eit\u00ed.<\/p>\n<p>Zna\u010dka: Magnum<br \/>\nCelkov\u00e1 d\u00e9lka: 103,00 cm<br \/>\nD\u00e9lka \u010depele: 71,00 cm<br \/>\nTlou\u0161\u0165ka \u010depele: 7,50 mm<br \/>\nHmotnost: 1350,00 g<br \/>\nMateri\u00e1l \u010depele: 1045<br \/>\nMateri\u00e1l rukojeti: D\u0159evo<br \/>\nBarva: B\u00edl\u00e1<br \/>\n\u010c\u00edslo polo\u017eky: 05ZS642<\/p>\n<p>&nbsp;<\/p>\n","protected":false},"excerpt":{"rendered":"<p><strong>Opravdu poutav\u00fd me\u010d! Na rozd\u00edl od v\u0161ech me\u010d\u016f na trhu je B\u00edl\u00fd samuraj zcela b\u00edl\u00fd. D\u0159ev\u011bn\u00e1 pochva je nat\u0159ena b\u00edlou barvou, stejn\u011b jako p\u0159\u00edlohy. Dokonce i obal rukojeti a z\u00e1klad podobn\u00fd rejnokovi jsou b\u00edl\u00e9.<\/strong><\/p>\n","protected":false},"featured_media":368593,"comment_status":"closed","ping_status":"closed","template":"","meta":[],"pwb-brand":[140],"product_brand":[],"product_cat":[24,1942],"product_tag":[],"class_list":{"0":"post-359969","1":"product","2":"type-product","3":"status-publish","4":"has-post-thumbnail","6":"pwb-brand-boker","7":"product_cat-katany-a-mece","8":"product_cat-mece-dyky-repliky","10":"first","11":"instock","12":"taxable","13":"shipping-taxable","14":"purchasable","15":"product-type-simple"},"brands":[{"id":140,"name":"Boker","slug":"boker"}],"_links":{"self":[{"href":"https:\/\/www.moskito.cz\/sk\/wp-json\/wp\/v2\/product\/359969","targetHints":{"allow":["GET"]}}],"collection":[{"href":"https:\/\/www.moskito.cz\/sk\/wp-json\/wp\/v2\/product"}],"about":[{"href":"https:\/\/www.moskito.cz\/sk\/wp-json\/wp\/v2\/types\/product"}],"replies":[{"embeddable":true,"href":"https:\/\/www.moskito.cz\/sk\/wp-json\/wp\/v2\/comments?post=359969"}],"wp:featuredmedia":[{"embeddable":true,"href":"https:\/\/www.moskito.cz\/sk\/wp-json\/wp\/v2\/media\/368593"}],"wp:attachment":[{"href":"https:\/\/www.moskito.cz\/sk\/wp-json\/wp\/v2\/media?parent=359969"}],"wp:term":[{"taxonomy":"pwb-brand","embeddable":true,"href":"https:\/\/www.moskito.cz\/sk\/wp-json\/wp\/v2\/pwb-brand?post=359969"},{"taxonomy":"product_brand","embeddable":true,"href":"https:\/\/www.moskito.cz\/sk\/wp-json\/wp\/v2\/product_brand?post=359969"},{"taxonomy":"product_cat","embeddable":true,"href":"https:\/\/www.moskito.cz\/sk\/wp-json\/wp\/v2\/product_cat?post=359969"},{"taxonomy":"product_tag","embeddable":true,"href":"https:\/\/www.moskito.cz\/sk\/wp-json\/wp\/v2\/product_tag?post=359969"}],"curies":[{"name":"wp","href":"https:\/\/api.w.org\/{rel}","templated":true}]}}