{"id":359999,"date":"2024-09-26T12:55:05","date_gmt":"2024-09-26T11:55:05","guid":{"rendered":"https:\/\/www.moskito.cz\/produkt\/kapesni-nuz-sanjo\/"},"modified":"2025-05-07T11:24:21","modified_gmt":"2025-05-07T10:24:21","slug":"kapesni-nuz-sanjo","status":"publish","type":"product","link":"https:\/\/www.moskito.cz\/sk\/produkt\/kapesni-nuz-sanjo\/","title":{"rendered":"Kapesn\u00ed N\u016f\u017e B\u00f6ker Plus Sanjo"},"content":{"rendered":"<p>Kapesn\u00ed N\u016f\u017e <strong>B\u00f6ker<\/strong> Plus Sanjo.<\/p>\n<p>Radost z hran\u00ed bez p\u0159\u00edli\u0161n\u00e9 hravosti. Vzru\u0161uj\u00edc\u00ed, ale bez vzru\u0161en\u00ed. Skromn\u00fd, pln\u00fd sebev\u011bdom\u00ed. Vlastnosti, kter\u00e9 d\u011blaj\u00ed B\u00f6ker Plus Sanjo v\u00fdjime\u010dn\u00fdm a speci\u00e1ln\u00edm. Guy Poggetti, design\u00e9r no\u017e\u016f z francouzsk\u00e9ho Marseille, je fascinov\u00e1n um\u011bn\u00edm, technologi\u00ed a \u0159emesln\u00fdm zpracov\u00e1n\u00edm a toto sv\u00e9 zaujet\u00ed vkl\u00e1d\u00e1 do sv\u00fdch n\u00e1vrh\u016f, stejn\u011b jako v p\u0159\u00edpad\u011b no\u017ee B\u00f6ker Plus Sanjo. Kapesn\u00ed n\u016f\u017e, pojmenovan\u00fd podle stejnojmenn\u00e9ho m\u011bste\u010dka v prefektu\u0159e Niigata, je navr\u017een v novojaponsk\u00e9m stylu. Tento n\u016f\u017e je vybaven kuli\u010dkovou \u010depel\u00ed Tanto z materi\u00e1lu VG10 a se stoickou \u00fa\u010dinnost\u00ed zvl\u00e1d\u00e1 ka\u017edodenn\u00ed \u0159ezn\u00e9 \u00fakoly. Pro \u010dist\u00fd vzhled se flipper v otev\u0159en\u00e9m stavu zcela ztr\u00e1c\u00ed mezi p\u0159\u00edlo\u017ekami z nerezov\u00e9 oceli, kter\u00e9 odr\u00e1\u017eej\u00ed n\u00e1padnou kamennou povrchovou \u00fapravu \u010depele a tvo\u0159\u00ed vnit\u0159n\u00ed st\u0159ed\u00a0no\u017ee s robustn\u00ed pojistkou linerlock pro uzam\u010den\u00ed. Elegantn\u00ed vzhled zavr\u0161uj\u00ed jemn\u011b slad\u011bn\u00e9\u00a0st\u0159enky rukojeti z hn\u011bd\u00e9 burlap micarty, z n\u00ed\u017e je vyroben i backspacer. Dod\u00e1v\u00e1 se\u00a0v kvalitn\u00edm nylonov\u00e9m pouzd\u0159e,\u00a0s klipem a pozdravem &#8222;Sanjonara&#8220; ze zem\u011b vych\u00e1zej\u00edc\u00edho slunce.<\/p>\n<p>Zna\u010dka: Boker Plus<br \/>\nLaserov\u00e9 grav\u00edrov\u00e1n\u00ed: \u017d\u00e1dn\u00fd<br \/>\nCelkov\u00e1 d\u00e9lka: 19,80 cm<br \/>\nD\u00e9lka \u010depele: 8,60 cm<br \/>\nHmotnost: 147,00 g<br \/>\nMateri\u00e1l \u010depele: VG-10<br \/>\nMateri\u00e1l rukojeti: Micarta<br \/>\nPom\u016fcka pro otev\u00edr\u00e1n\u00ed: Pinball<br \/>\nOtev\u00edrac\u00ed: Ru\u010dn\u011b<br \/>\nUzav\u0159en\u00ed: Z\u00e1mek vlo\u017eky<br \/>\nBarva: Hn\u011bd\u00fd<br \/>\n\u010c\u00edslo polo\u017eky: 01BO907<\/p>\n<p>&nbsp;<\/p>\n<p>&nbsp;<\/p>\n","protected":false},"excerpt":{"rendered":"<p><strong>Radost z hran\u00ed bez p\u0159\u00edli\u0161n\u00e9 hravosti. Vzru\u0161uj\u00edc\u00ed, ale bez vzru\u0161en\u00ed. Skromn\u00fd, pln\u00fd sebev\u011bdom\u00ed. Vlastnosti, kter\u00e9 d\u011blaj\u00ed B\u00f6ker Plus Sanjo v\u00fdjime\u010dn\u00fdm a speci\u00e1ln\u00edm.<\/strong><\/p>\n","protected":false},"featured_media":360000,"comment_status":"closed","ping_status":"closed","template":"","meta":[],"pwb-brand":[140],"product_brand":[],"product_cat":[22,17],"product_tag":[],"class_list":{"0":"post-359999","1":"product","2":"type-product","3":"status-publish","4":"has-post-thumbnail","6":"pwb-brand-boker","7":"product_cat-zaviraci-noze","8":"product_cat-noze","10":"first","11":"outofstock","12":"taxable","13":"shipping-taxable","14":"purchasable","15":"product-type-simple"},"brands":[{"id":140,"name":"Boker","slug":"boker"}],"_links":{"self":[{"href":"https:\/\/www.moskito.cz\/sk\/wp-json\/wp\/v2\/product\/359999","targetHints":{"allow":["GET"]}}],"collection":[{"href":"https:\/\/www.moskito.cz\/sk\/wp-json\/wp\/v2\/product"}],"about":[{"href":"https:\/\/www.moskito.cz\/sk\/wp-json\/wp\/v2\/types\/product"}],"replies":[{"embeddable":true,"href":"https:\/\/www.moskito.cz\/sk\/wp-json\/wp\/v2\/comments?post=359999"}],"wp:featuredmedia":[{"embeddable":true,"href":"https:\/\/www.moskito.cz\/sk\/wp-json\/wp\/v2\/media\/360000"}],"wp:attachment":[{"href":"https:\/\/www.moskito.cz\/sk\/wp-json\/wp\/v2\/media?parent=359999"}],"wp:term":[{"taxonomy":"pwb-brand","embeddable":true,"href":"https:\/\/www.moskito.cz\/sk\/wp-json\/wp\/v2\/pwb-brand?post=359999"},{"taxonomy":"product_brand","embeddable":true,"href":"https:\/\/www.moskito.cz\/sk\/wp-json\/wp\/v2\/product_brand?post=359999"},{"taxonomy":"product_cat","embeddable":true,"href":"https:\/\/www.moskito.cz\/sk\/wp-json\/wp\/v2\/product_cat?post=359999"},{"taxonomy":"product_tag","embeddable":true,"href":"https:\/\/www.moskito.cz\/sk\/wp-json\/wp\/v2\/product_tag?post=359999"}],"curies":[{"name":"wp","href":"https:\/\/api.w.org\/{rel}","templated":true}]}}