{"id":360002,"date":"2024-09-26T12:55:05","date_gmt":"2024-09-26T11:55:05","guid":{"rendered":"https:\/\/www.moskito.cz\/produkt\/kapesni-nuz-atropos\/"},"modified":"2025-05-07T11:24:22","modified_gmt":"2025-05-07T10:24:22","slug":"kapesni-nuz-atropos","status":"publish","type":"product","link":"https:\/\/www.moskito.cz\/sk\/produkt\/kapesni-nuz-atropos\/","title":{"rendered":"Kapesn\u00ed N\u016f\u017e B\u00f6ker Plus Atropos"},"content":{"rendered":"<p>Kapesn\u00ed N\u016f\u017e <strong>B\u00f6ker<\/strong> Plus Atropos.<\/p>\n<p>Jako dcera Dia a Themis byla Atropos nejstar\u0161\u00ed ze t\u0159\u00ed bohyn\u00ed osudu v \u0159eck\u00e9 mytologii a p\u0159etnut\u00edm vl\u00e1kna \u017eivota rozhodovala o blahu a b\u00edd\u011b ka\u017ed\u00e9ho \u010dlov\u011bka. Americk\u00fd n\u00e1vrh\u00e1\u0159 no\u017e\u016f Chuck Gedraitis, uchv\u00e1cen t\u00edmto fascinuj\u00edc\u00edm \u00fatlakem, se s B\u00f6ker Plus Atropos osvobozuje ze sp\u00e1r\u016f osudu a znovu bere ot\u011b\u017ee do sv\u00fdch rukou.<\/p>\n<p>Tvar taktick\u00e9ho kapesn\u00edho no\u017ee vych\u00e1z\u00ed z legend\u00e1rn\u00edch taktick\u00fdch no\u017e\u016f Rex Applegate a \u017eije jejich DNA s ka\u017ed\u00fdm \u0159ezem. Symetrie je jednou z ur\u010duj\u00edc\u00edch charakteristik, kterou najdeme jak u jednostrann\u011b brou\u0161en\u00e9 \u010depele d\u00fdky z VG-10, tak u ergonomick\u00e9 rukojeti ze sv\u011btle hn\u011bd\u00e9 Micarty. Ozdobn\u00e9 prvky jako atraktivn\u00ed ricasso na h\u0159betu \u010depele, decentn\u00ed stonewash \u00faprava \u010depele, navrhovan\u00fd ochrann\u00fd prvek nebo prodlou\u017een\u00e1 vybr\u00e1n\u00ed ve stupnic\u00edch rukojeti sv\u011bd\u010d\u00ed o takticky promy\u0161len\u00e9 koncepci, kter\u00e1 byla implementov\u00e1na do Atropos pro pou\u017eit\u00ed EDC.<\/p>\n<p>D\u00edky kuli\u010dkov\u00e9mu lo\u017eisku a odn\u00edmateln\u00e9mu \u010depu palce lze n\u016f\u017e hladce a intuitivn\u011b otev\u0159\u00edt a spolehliv\u011b uzamknout pomoc\u00ed robustn\u00edho z\u00e1mku liner. B\u00f6ker Plus Atropos \u2013 osud m\u016f\u017ee b\u00fdt tak \u0161ik. Se skl\u00e1p\u011bc\u00ed sponou (r) a vysoce kvalitn\u00edm nylonov\u00fdm pouzdrem.<\/p>\n<p>Zna\u010dka: Boker Plus<br \/>\nCelkov\u00e1 d\u00e9lka: 23,40 cm<br \/>\nD\u00e9lka \u010depele: 10,50 cm<br \/>\nTlou\u0161\u0165ka \u010depele: 3,00 mm<br \/>\nHmotnost: 145,00 g<br \/>\nN\u00e1vrh\u00e1\u0159: Chuck Gedraitis<br \/>\nMateri\u00e1l \u010depele: VG-10<br \/>\nMateri\u00e1l rukojeti: Micarta<br \/>\nUzav\u0159en\u00ed: Z\u00e1mek vlo\u017eky<br \/>\n\u010c\u00edslo polo\u017eky:<br \/>\n01BO913<\/p>\n<p>&nbsp;<\/p>\n","protected":false},"excerpt":{"rendered":"<p><strong>Taktick\u00fd n\u016f\u017e B\u00f6ker Plus Atropos vytvo\u0159il zn\u00e1m\u00fd design\u00e9r no\u017e\u016f Chuck Gedraitis v decentn\u00edm stylu s elegantn\u00edmi liniemi a funk\u010dn\u00edmi detaily. Rukoje\u0165 z Micarty skv\u011ble padne do ruky a d\u00edky klipu je pohodln\u00e9 i no\u0161en\u00ed.<\/strong><\/p>\n","protected":false},"featured_media":360003,"comment_status":"closed","ping_status":"closed","template":"","meta":[],"pwb-brand":[140],"product_brand":[],"product_cat":[22,17],"product_tag":[],"class_list":{"0":"post-360002","1":"product","2":"type-product","3":"status-publish","4":"has-post-thumbnail","6":"pwb-brand-boker","7":"product_cat-zaviraci-noze","8":"product_cat-noze","10":"first","11":"outofstock","12":"taxable","13":"shipping-taxable","14":"purchasable","15":"product-type-simple"},"brands":[{"id":140,"name":"Boker","slug":"boker"}],"_links":{"self":[{"href":"https:\/\/www.moskito.cz\/sk\/wp-json\/wp\/v2\/product\/360002","targetHints":{"allow":["GET"]}}],"collection":[{"href":"https:\/\/www.moskito.cz\/sk\/wp-json\/wp\/v2\/product"}],"about":[{"href":"https:\/\/www.moskito.cz\/sk\/wp-json\/wp\/v2\/types\/product"}],"replies":[{"embeddable":true,"href":"https:\/\/www.moskito.cz\/sk\/wp-json\/wp\/v2\/comments?post=360002"}],"wp:featuredmedia":[{"embeddable":true,"href":"https:\/\/www.moskito.cz\/sk\/wp-json\/wp\/v2\/media\/360003"}],"wp:attachment":[{"href":"https:\/\/www.moskito.cz\/sk\/wp-json\/wp\/v2\/media?parent=360002"}],"wp:term":[{"taxonomy":"pwb-brand","embeddable":true,"href":"https:\/\/www.moskito.cz\/sk\/wp-json\/wp\/v2\/pwb-brand?post=360002"},{"taxonomy":"product_brand","embeddable":true,"href":"https:\/\/www.moskito.cz\/sk\/wp-json\/wp\/v2\/product_brand?post=360002"},{"taxonomy":"product_cat","embeddable":true,"href":"https:\/\/www.moskito.cz\/sk\/wp-json\/wp\/v2\/product_cat?post=360002"},{"taxonomy":"product_tag","embeddable":true,"href":"https:\/\/www.moskito.cz\/sk\/wp-json\/wp\/v2\/product_tag?post=360002"}],"curies":[{"name":"wp","href":"https:\/\/api.w.org\/{rel}","templated":true}]}}