{"id":360059,"date":"2024-09-26T12:55:27","date_gmt":"2024-09-26T11:55:27","guid":{"rendered":"https:\/\/www.moskito.cz\/produkt\/magnum-balisong-wood\/"},"modified":"2025-05-07T11:24:25","modified_gmt":"2025-05-07T10:24:25","slug":"magnum-balisong-wood","status":"publish","type":"product","link":"https:\/\/www.moskito.cz\/sk\/produkt\/magnum-balisong-wood\/","title":{"rendered":"Mot\u00fdlek Magnum Balisong Wood 06EX400"},"content":{"rendered":"<p>Mot\u00fdlek <strong>Magnum<\/strong> Balisong Wood 06EX400.<\/p>\n<p>Tento nov\u00fd <strong>Balisong<\/strong> p\u0159ich\u00e1z\u00ed s klasickou kombinac\u00ed nerezov\u00e9 oceli a Pakka-Wood. Konstrukce se \u0161roubem nab\u00edz\u00ed vysokou funk\u010dnost a pevnost. \u010cepel z nerezov\u00e9 oceli 440 m\u00e1 p\u011bkn\u00fd tvar. Kapesn\u00ed klip umo\u017e\u0148uje pohodln\u00e9 no\u0161en\u00ed tohoto mot\u00fdlka a d\u00edky tomu je v\u017edy p\u0159ipraven ve va\u0161\u00ed kapse.<\/p>\n<p>Typ: Kapesn\u00ed n\u016f\u017e<br \/>\nCelkov\u00e1 d\u00e9lka: 22,5 cm<br \/>\nD\u00e9lka \u010depele: 10,3 cm<br \/>\nTlou\u0161\u0165ka \u010depele: 2,7 mm<br \/>\nHmotnost: 132 g<br \/>\nMateri\u00e1l \u010depele: 440<br \/>\nMateri\u00e1l rukojeti: Pakka Wood<br \/>\nOtev\u00edr\u00e1n\u00ed: Manu\u00e1ln\u00ed<br \/>\nBarva: \u010cern\u00e1<br \/>\nBarva \u010depele: \u0160ed\u00e1<\/p>\n","protected":false},"excerpt":{"rendered":"<p>Tento nov\u00fd Balisong p\u0159ich\u00e1z\u00ed s klasickou kombinac\u00ed nerezov\u00e9 oceli a Pakka-Wood.<\/p>\n","protected":false},"featured_media":361999,"comment_status":"closed","ping_status":"closed","template":"","meta":[],"pwb-brand":[140],"product_brand":[],"product_cat":[22,2030,17],"product_tag":[],"class_list":{"0":"post-360059","1":"product","2":"type-product","3":"status-publish","4":"has-post-thumbnail","6":"pwb-brand-boker","7":"product_cat-zaviraci-noze","8":"product_cat-motylky","9":"product_cat-noze","11":"first","12":"outofstock","13":"taxable","14":"shipping-taxable","15":"purchasable","16":"product-type-simple"},"brands":[{"id":140,"name":"Boker","slug":"boker"}],"_links":{"self":[{"href":"https:\/\/www.moskito.cz\/sk\/wp-json\/wp\/v2\/product\/360059","targetHints":{"allow":["GET"]}}],"collection":[{"href":"https:\/\/www.moskito.cz\/sk\/wp-json\/wp\/v2\/product"}],"about":[{"href":"https:\/\/www.moskito.cz\/sk\/wp-json\/wp\/v2\/types\/product"}],"replies":[{"embeddable":true,"href":"https:\/\/www.moskito.cz\/sk\/wp-json\/wp\/v2\/comments?post=360059"}],"wp:featuredmedia":[{"embeddable":true,"href":"https:\/\/www.moskito.cz\/sk\/wp-json\/wp\/v2\/media\/361999"}],"wp:attachment":[{"href":"https:\/\/www.moskito.cz\/sk\/wp-json\/wp\/v2\/media?parent=360059"}],"wp:term":[{"taxonomy":"pwb-brand","embeddable":true,"href":"https:\/\/www.moskito.cz\/sk\/wp-json\/wp\/v2\/pwb-brand?post=360059"},{"taxonomy":"product_brand","embeddable":true,"href":"https:\/\/www.moskito.cz\/sk\/wp-json\/wp\/v2\/product_brand?post=360059"},{"taxonomy":"product_cat","embeddable":true,"href":"https:\/\/www.moskito.cz\/sk\/wp-json\/wp\/v2\/product_cat?post=360059"},{"taxonomy":"product_tag","embeddable":true,"href":"https:\/\/www.moskito.cz\/sk\/wp-json\/wp\/v2\/product_tag?post=360059"}],"curies":[{"name":"wp","href":"https:\/\/api.w.org\/{rel}","templated":true}]}}