{"id":360154,"date":"2024-09-26T12:55:57","date_gmt":"2024-09-26T11:55:57","guid":{"rendered":"https:\/\/www.moskito.cz\/produkt\/savannah-cocobolo\/"},"modified":"2025-05-07T11:24:28","modified_gmt":"2025-05-07T10:24:28","slug":"savannah-cocobolo","status":"publish","type":"product","link":"https:\/\/www.moskito.cz\/sk\/produkt\/savannah-cocobolo\/","title":{"rendered":"Savannah Cocobolo"},"content":{"rendered":"<table border=\"0\" cellpadding=\"0\" cellspacing=\"0\" class=\"datatable bokerparamtable\" style=\"letter-spacing:0.03em;width:50%;\">\n<tbody>\n<tr>\n<td style=\"width: 50%;\">Celkov\u00e1 d\u00e9lka:<\/td>\n<td style=\"width: 25%;\">22.8 cm<\/td>\n<\/tr>\n<tr>\n<td style=\"width: 50%;\">D\u00e9lka \u010depele:<\/td>\n<td style=\"width: 25%;\">11.6 cm<\/td>\n<\/tr>\n<tr>\n<td style=\"width: 50%;\">Tlou\u0161\u0165ka \u010depele:<\/td>\n<td style=\"width: 25%;\">3.4 mm<\/td>\n<\/tr>\n<tr>\n<td style=\"width: 50%;\">Hmotnost:<\/td>\n<td style=\"width: 25%;\">190 g<\/td>\n<\/tr>\n<tr>\n<td style=\"width: 50%;\">Materi\u00e1l \u010depele:<\/td>\n<td style=\"width: 25%;\">N690<\/td>\n<\/tr>\n<\/tbody>\n<\/table>\n","protected":false},"excerpt":{"rendered":"<p>B\u00f6ker Savannah je profesion\u00e1ln\u00ed loveck\u00fd a outdoorov\u00fd n\u016f\u017e s masivn\u00edm ost\u0159\u00edm a elegantn\u00edmi liniemi. Design Armina St\u00fctze z\u00a0rakousk\u00e9 kov\u00e1rny no\u017e\u016f SteirerEisen byl vyvinut ve spolupr\u00e1ci s profesion\u00e1ln\u00edmi str\u00e1\u017eci zalo\u017een\u00fdmi na intenzivn\u00edch zku\u0161enostech s lovem velk\u00e9 divok\u00e9 zv\u011b\u0159e v Ji\u017en\u00ed Africe. Pevn\u00e1 \u010depel m\u00e1 sv\u011btlou povrchovou \u00fapravu stonewash a je vyrobena z kobaltov\u00e9 legovan\u00e9 oceli N690. Design s pln\u00fdm tangem zaji\u0161\u0165uje mimo\u0159\u00e1dnou pevnost a stabilitu. St\u0159enky rukojeti ze d\u0159eva cocobolo dod\u00e1vaj\u00ed no\u017ei tradi\u010dn\u00ed n\u00e1dech. Bolstery z u\u0161lechtil\u00e9 oceli a otvor pro \u0161\u0148\u016fru dokon\u010duj\u00ed tento \u0161pi\u010dkov\u00fd n\u016f\u017e. V\u00fdkonn\u00fd a pohledn\u00fd spole\u010dn\u00edk pro v\u0161echny outdoorov\u00e9 aktivity. S vysoce kvalitn\u00ed ko\u017eenou pochvou.<\/p>\n","protected":false},"featured_media":360155,"comment_status":"closed","ping_status":"closed","template":"","meta":[],"pwb-brand":[140],"product_brand":[],"product_cat":[17,23],"product_tag":[],"class_list":{"0":"post-360154","1":"product","2":"type-product","3":"status-publish","4":"has-post-thumbnail","6":"pwb-brand-boker","7":"product_cat-noze","8":"product_cat-pevne-noze","10":"first","11":"outofstock","12":"taxable","13":"shipping-taxable","14":"purchasable","15":"product-type-simple"},"brands":[{"id":140,"name":"Boker","slug":"boker"}],"_links":{"self":[{"href":"https:\/\/www.moskito.cz\/sk\/wp-json\/wp\/v2\/product\/360154","targetHints":{"allow":["GET"]}}],"collection":[{"href":"https:\/\/www.moskito.cz\/sk\/wp-json\/wp\/v2\/product"}],"about":[{"href":"https:\/\/www.moskito.cz\/sk\/wp-json\/wp\/v2\/types\/product"}],"replies":[{"embeddable":true,"href":"https:\/\/www.moskito.cz\/sk\/wp-json\/wp\/v2\/comments?post=360154"}],"wp:featuredmedia":[{"embeddable":true,"href":"https:\/\/www.moskito.cz\/sk\/wp-json\/wp\/v2\/media\/360155"}],"wp:attachment":[{"href":"https:\/\/www.moskito.cz\/sk\/wp-json\/wp\/v2\/media?parent=360154"}],"wp:term":[{"taxonomy":"pwb-brand","embeddable":true,"href":"https:\/\/www.moskito.cz\/sk\/wp-json\/wp\/v2\/pwb-brand?post=360154"},{"taxonomy":"product_brand","embeddable":true,"href":"https:\/\/www.moskito.cz\/sk\/wp-json\/wp\/v2\/product_brand?post=360154"},{"taxonomy":"product_cat","embeddable":true,"href":"https:\/\/www.moskito.cz\/sk\/wp-json\/wp\/v2\/product_cat?post=360154"},{"taxonomy":"product_tag","embeddable":true,"href":"https:\/\/www.moskito.cz\/sk\/wp-json\/wp\/v2\/product_tag?post=360154"}],"curies":[{"name":"wp","href":"https:\/\/api.w.org\/{rel}","templated":true}]}}