{"id":360195,"date":"2024-09-26T12:56:15","date_gmt":"2024-09-26T11:56:15","guid":{"rendered":"https:\/\/www.moskito.cz\/produkt\/kapesni-nuz-enigma-cocobolo\/"},"modified":"2025-05-07T11:24:29","modified_gmt":"2025-05-07T10:24:29","slug":"kapesni-nuz-enigma-cocobolo","status":"publish","type":"product","link":"https:\/\/www.moskito.cz\/sk\/produkt\/kapesni-nuz-enigma-cocobolo\/","title":{"rendered":"Kapesn\u00ed n\u016f\u017e Enigma Cocobolo"},"content":{"rendered":"<p><UL><\/p>\n<p><LI>celkov\u00e1 d\u00e9lka: 21,3 cm <\/p>\n<p><LI>d\u00e9lka \u010depele: 9,5 cm <\/p>\n<p><LI>tlou\u0161\u0165ka \u010depele: 1,8 cm <\/p>\n<p><LI>hmotnost: 139 g <\/p>\n<p><LI>materi\u00e1l \u010depele: 440C <\/p>\n<p><LI>materi\u00e1l rukojeti: d\u0159evo palisandru Cocobolo <\/p>\n<p><LI>pojistka: Slipjoint <\/p>\n<p><LI>vyrobeno v Solingenu<\/LI><br \/>\n<\/UL><\/p>\n","protected":false},"excerpt":{"rendered":"<p><P>Kapesn\u00ed n\u016f\u017e Enigma je p\u0159\u00edkladem zachov\u00e1v\u00e1n\u00ed tradi\u010dn\u00edch hodnot. Hlavn\u00ed \u010depel je zaji\u0161t\u011bna pojistkou backlock, ale nem\u00e1 klasickou p\u00e1\u010dku integrovanou do rukojeti. Pro zav\u0159en\u00ed hlavn\u00ed \u010depele se zav\u0159en\u00e1 men\u0161\u00ed \u010depel m\u00edrn\u011b zatla\u010d\u00ed sm\u011brem k rukojeti, \u010d\u00edm\u017e se mechanismus uvoln\u00ed. Samotn\u00e1 mal\u00e1 \u010depel funguje jako pojistka Slipjoint. Tento nev\u0161edn\u00ed konstruk\u010dn\u00ed n\u00e1pad je v dne\u0161n\u00ed dob\u011b velmi vz\u00e1cn\u00fd. Ob\u011b \u010depele jsou vyrobeny z materi\u00e1lu 440C a jsou le\u0161t\u011bn\u00e9. D\u00edky robustn\u00ed konstrukci hlavn\u00ed \u010depele o tlou\u0161\u0165ce 3 mm je Enigma skv\u011bl\u00fdm u\u017eitkov\u00fdm no\u017eem, kter\u00fd se velmi hod\u00ed i pro lovce. Mosazn\u00e9 st\u0159enky a alpaka podtrhuj\u00ed klasick\u00fd vzhled. St\u0159enky jsou vyrobeny z kr\u00e1sn\u011b vzorovan\u00e9ho d\u0159eva palisandru Cocobolo s certifik\u00e1tem.<\/P><\/p>\n","protected":false},"featured_media":360196,"comment_status":"closed","ping_status":"closed","template":"","meta":[],"pwb-brand":[140],"product_brand":[],"product_cat":[17,22],"product_tag":[],"class_list":{"0":"post-360195","1":"product","2":"type-product","3":"status-publish","4":"has-post-thumbnail","6":"pwb-brand-boker","7":"product_cat-noze","8":"product_cat-zaviraci-noze","10":"first","11":"outofstock","12":"taxable","13":"shipping-taxable","14":"purchasable","15":"product-type-simple"},"brands":[{"id":140,"name":"Boker","slug":"boker"}],"_links":{"self":[{"href":"https:\/\/www.moskito.cz\/sk\/wp-json\/wp\/v2\/product\/360195","targetHints":{"allow":["GET"]}}],"collection":[{"href":"https:\/\/www.moskito.cz\/sk\/wp-json\/wp\/v2\/product"}],"about":[{"href":"https:\/\/www.moskito.cz\/sk\/wp-json\/wp\/v2\/types\/product"}],"replies":[{"embeddable":true,"href":"https:\/\/www.moskito.cz\/sk\/wp-json\/wp\/v2\/comments?post=360195"}],"wp:featuredmedia":[{"embeddable":true,"href":"https:\/\/www.moskito.cz\/sk\/wp-json\/wp\/v2\/media\/360196"}],"wp:attachment":[{"href":"https:\/\/www.moskito.cz\/sk\/wp-json\/wp\/v2\/media?parent=360195"}],"wp:term":[{"taxonomy":"pwb-brand","embeddable":true,"href":"https:\/\/www.moskito.cz\/sk\/wp-json\/wp\/v2\/pwb-brand?post=360195"},{"taxonomy":"product_brand","embeddable":true,"href":"https:\/\/www.moskito.cz\/sk\/wp-json\/wp\/v2\/product_brand?post=360195"},{"taxonomy":"product_cat","embeddable":true,"href":"https:\/\/www.moskito.cz\/sk\/wp-json\/wp\/v2\/product_cat?post=360195"},{"taxonomy":"product_tag","embeddable":true,"href":"https:\/\/www.moskito.cz\/sk\/wp-json\/wp\/v2\/product_tag?post=360195"}],"curies":[{"name":"wp","href":"https:\/\/api.w.org\/{rel}","templated":true}]}}