{"id":360215,"date":"2024-09-26T12:56:32","date_gmt":"2024-09-26T11:56:32","guid":{"rendered":"https:\/\/www.moskito.cz\/produkt\/boker-plus-caracal-folder-42\/"},"modified":"2025-05-07T11:24:30","modified_gmt":"2025-05-07T10:24:30","slug":"boker-plus-caracal-folder-42","status":"publish","type":"product","link":"https:\/\/www.moskito.cz\/sk\/produkt\/boker-plus-caracal-folder-42\/","title":{"rendered":"Zav\u00edrac\u00ed N\u016f\u017e B\u00f6ker Plus Caracal Folder 42 01BO753"},"content":{"rendered":"<p>Zav\u00edrac\u00ed N\u016f\u017e <strong>B\u00f6ker Plus<\/strong> Caracal Folder 42 01BO753.<\/p>\n<p>B\u00f6ker Plus Caracal Folder od Borise Manasherova je od sv\u00e9ho vyd\u00e1n\u00ed velmi \u017e\u00e1dan\u00fd a nyn\u00ed je k dispozici v r\u016fzn\u00fdch verz\u00edch. Caracal Folder 42 se obejde bez liner lock ostatn\u00edch verz\u00ed a je m\u00edsto toho vybaven kluzn\u00fdm kloubem . Zvl\u00e1\u0161tnost\u00ed je ale zav\u00edrac\u00ed \u0161pendl\u00edk, kter\u00fdm lze Caracal v p\u0159\u00edpad\u011b pot\u0159eby zajistit proti zhroucen\u00ed.<\/p>\n<p>Tento zaji\u0161\u0165ovac\u00ed kol\u00edk je um\u00edst\u011bn v zadn\u00ed \u010d\u00e1sti rukojeti v distan\u010dn\u00ed vlo\u017ece a na p\u0159\u00e1n\u00ed m\u016f\u017ee b\u00fdt um\u00edst\u011bn bo\u010dn\u011b do otvoru v rukojeti, tak\u017ee \u010depel stoj\u00ed pevn\u011b a bezpe\u010dn\u011b. Odpru\u017een\u00e9 kuli\u010dky udr\u017euj\u00ed \u010dep bezpe\u010dn\u011b ukotven\u00fd v obou poloh\u00e1ch. Ostatn\u00ed vlastnosti jsou stejn\u00e9 jako u p\u0159edchoz\u00edho Caracalu: Pevn\u00e9 ocelov\u00e9 pl\u00e1ty s p\u0159\u00edjemn\u011b tvarovan\u00fdmi stupnicemi G10 , \u010depel D2 a konvertibiln\u00ed spona pro hlubok\u00e9 p\u0159en\u00e1\u0161en\u00ed (tip-up\/lr) p\u016fsob\u00ed zn\u00e1m\u00fdm dojmem. S koncovkou z nerezov\u00e9 oceli se smy\u010dkou na \u0161\u0148\u016frku.<\/p>\n<p>Zna\u010dka: Boker Plus<br \/>\nCelkov\u00e1 d\u00e9lka: 21,30 cm<br \/>\nD\u00e9lka \u010depele: 8,70 cm<br \/>\nTlou\u0161\u0165ka \u010depele: 3,50 mm<br \/>\nN\u00e1vrh\u00e1\u0159: Boris Manasherov<br \/>\nMateri\u00e1l \u010depele: D2<br \/>\nMateri\u00e1l rukojeti: G10<br \/>\nOtev\u00edrac\u00ed: Ru\u010dn\u011b<br \/>\nUzav\u0159en\u00ed: Kluzn\u00fd kloub<br \/>\n\u010c\u00edslo polo\u017eky: 01BO753<\/p>\n","protected":false},"excerpt":{"rendered":"<p><strong>B\u00f6ker Plus Caracal Folder od Borise Manasherova je od sv\u00e9ho vyd\u00e1n\u00ed velmi \u017e\u00e1dan\u00fd a nyn\u00ed je k dispozici v r\u016fzn\u00fdch verz\u00edch.<\/strong><\/p>\n","protected":false},"featured_media":366698,"comment_status":"closed","ping_status":"closed","template":"","meta":[],"pwb-brand":[140],"product_brand":[],"product_cat":[17,22],"product_tag":[],"class_list":{"0":"post-360215","1":"product","2":"type-product","3":"status-publish","4":"has-post-thumbnail","6":"pwb-brand-boker","7":"product_cat-noze","8":"product_cat-zaviraci-noze","10":"first","11":"instock","12":"taxable","13":"shipping-taxable","14":"purchasable","15":"product-type-simple"},"brands":[{"id":140,"name":"Boker","slug":"boker"}],"_links":{"self":[{"href":"https:\/\/www.moskito.cz\/sk\/wp-json\/wp\/v2\/product\/360215","targetHints":{"allow":["GET"]}}],"collection":[{"href":"https:\/\/www.moskito.cz\/sk\/wp-json\/wp\/v2\/product"}],"about":[{"href":"https:\/\/www.moskito.cz\/sk\/wp-json\/wp\/v2\/types\/product"}],"replies":[{"embeddable":true,"href":"https:\/\/www.moskito.cz\/sk\/wp-json\/wp\/v2\/comments?post=360215"}],"wp:featuredmedia":[{"embeddable":true,"href":"https:\/\/www.moskito.cz\/sk\/wp-json\/wp\/v2\/media\/366698"}],"wp:attachment":[{"href":"https:\/\/www.moskito.cz\/sk\/wp-json\/wp\/v2\/media?parent=360215"}],"wp:term":[{"taxonomy":"pwb-brand","embeddable":true,"href":"https:\/\/www.moskito.cz\/sk\/wp-json\/wp\/v2\/pwb-brand?post=360215"},{"taxonomy":"product_brand","embeddable":true,"href":"https:\/\/www.moskito.cz\/sk\/wp-json\/wp\/v2\/product_brand?post=360215"},{"taxonomy":"product_cat","embeddable":true,"href":"https:\/\/www.moskito.cz\/sk\/wp-json\/wp\/v2\/product_cat?post=360215"},{"taxonomy":"product_tag","embeddable":true,"href":"https:\/\/www.moskito.cz\/sk\/wp-json\/wp\/v2\/product_tag?post=360215"}],"curies":[{"name":"wp","href":"https:\/\/api.w.org\/{rel}","templated":true}]}}