{"id":360283,"date":"2024-09-26T12:56:54","date_gmt":"2024-09-26T11:56:54","guid":{"rendered":"https:\/\/www.moskito.cz\/produkt\/kapesni-nuz-magnum-starfighter-xl\/"},"modified":"2025-05-07T11:24:33","modified_gmt":"2025-05-07T10:24:33","slug":"kapesni-nuz-magnum-starfighter-xl","status":"publish","type":"product","link":"https:\/\/www.moskito.cz\/sk\/produkt\/kapesni-nuz-magnum-starfighter-xl\/","title":{"rendered":"Kapesn\u00ed n\u016f\u017e Magnum Starfighter XL"},"content":{"rendered":"<p><UL><\/p>\n<p><LI>celkov\u00e1 d\u00e9lka: 22 cm <\/p>\n<p><LI>d\u00e9lka \u010depele: 9,5 cm <\/p>\n<p><LI>hmotnost: 127 g <\/p>\n<p><LI>tlou\u0161\u0165ka \u010depele: 2,8 mm <\/p>\n<p><LI>materi\u00e1l \u010depele: 440A <\/p>\n<p><LI>materi\u00e1l rukojeti: d\u0159evo Cocobolo <\/p>\n<p><LI>pojistka: Linerlock<\/LI><br \/>\n<\/UL><\/p>\n","protected":false},"excerpt":{"rendered":"<p><P>Magnum Starfighter je modern\u00ed kapesn\u00ed n\u016f\u017e s futuristick\u00fdm vzhledem. \u010cepel s pru\u017einov\u00fdm mechanismem lze otev\u0159\u00edt jednou rukou a je zaji\u0161t\u011bna pojistkou Linerlock. \u010cepel je vyrobena z oceli 440A a je ostr\u00e1 jako d\u00fdka, ale na jedn\u00e9 stran\u011b brou\u0161en\u00e1. Tvarovan\u00e1 rukoje\u0165 poskytuje bezpe\u010dn\u00fd \u00fachop a p\u0159ipom\u00edn\u00e1 historick\u00e9 me\u010de, v neposledn\u00ed \u0159ad\u011b d\u00edky pou\u017eit\u00e9mu d\u0159evu Cocobolo. N\u016f\u017e je vybaven klipem a otvorem na \u0161\u0148\u016frku. Pou\u017eit\u00e9 d\u0159evo m\u00e1 mimo\u0159\u00e1dn\u011b vysok\u00fd obsah oleje, kter\u00fd mu dod\u00e1v\u00e1 intenzivn\u00ed kv\u011btinovou v\u016fni a z\u00e1rove\u0148 zvy\u0161uje odolnost proti vlhkosti. <\/P><\/p>\n","protected":false},"featured_media":360284,"comment_status":"closed","ping_status":"closed","template":"","meta":[],"pwb-brand":[140],"product_brand":[],"product_cat":[17,22],"product_tag":[],"class_list":{"0":"post-360283","1":"product","2":"type-product","3":"status-publish","4":"has-post-thumbnail","6":"pwb-brand-boker","7":"product_cat-noze","8":"product_cat-zaviraci-noze","10":"first","11":"outofstock","12":"taxable","13":"shipping-taxable","14":"purchasable","15":"product-type-simple"},"brands":[{"id":140,"name":"Boker","slug":"boker"}],"_links":{"self":[{"href":"https:\/\/www.moskito.cz\/sk\/wp-json\/wp\/v2\/product\/360283","targetHints":{"allow":["GET"]}}],"collection":[{"href":"https:\/\/www.moskito.cz\/sk\/wp-json\/wp\/v2\/product"}],"about":[{"href":"https:\/\/www.moskito.cz\/sk\/wp-json\/wp\/v2\/types\/product"}],"replies":[{"embeddable":true,"href":"https:\/\/www.moskito.cz\/sk\/wp-json\/wp\/v2\/comments?post=360283"}],"wp:featuredmedia":[{"embeddable":true,"href":"https:\/\/www.moskito.cz\/sk\/wp-json\/wp\/v2\/media\/360284"}],"wp:attachment":[{"href":"https:\/\/www.moskito.cz\/sk\/wp-json\/wp\/v2\/media?parent=360283"}],"wp:term":[{"taxonomy":"pwb-brand","embeddable":true,"href":"https:\/\/www.moskito.cz\/sk\/wp-json\/wp\/v2\/pwb-brand?post=360283"},{"taxonomy":"product_brand","embeddable":true,"href":"https:\/\/www.moskito.cz\/sk\/wp-json\/wp\/v2\/product_brand?post=360283"},{"taxonomy":"product_cat","embeddable":true,"href":"https:\/\/www.moskito.cz\/sk\/wp-json\/wp\/v2\/product_cat?post=360283"},{"taxonomy":"product_tag","embeddable":true,"href":"https:\/\/www.moskito.cz\/sk\/wp-json\/wp\/v2\/product_tag?post=360283"}],"curies":[{"name":"wp","href":"https:\/\/api.w.org\/{rel}","templated":true}]}}