{"id":360317,"date":"2024-09-26T12:56:54","date_gmt":"2024-09-26T11:56:54","guid":{"rendered":"https:\/\/www.moskito.cz\/produkt\/kapesni-nuz-s-pilkou-optima-walnut-set\/"},"modified":"2025-05-07T11:24:35","modified_gmt":"2025-05-07T10:24:35","slug":"kapesni-nuz-s-pilkou-optima-walnut-set","status":"publish","type":"product","link":"https:\/\/www.moskito.cz\/sk\/produkt\/kapesni-nuz-s-pilkou-optima-walnut-set\/","title":{"rendered":"Kapesn\u00ed n\u016f\u017e s pilkou Optima Walnut Set"},"content":{"rendered":"<ul>\n<li>celkov\u00e1 d\u00e9lka: 21,3 cm<\/li>\n<li>d\u00e9lka \u010depele: 9 cm<\/li>\n<li>tlou\u0161\u0165ka \u010depele: 4 mm<\/li>\n<li>hmotnost: 189 g<\/li>\n<li>materi\u00e1l \u010depele: 4034<\/li>\n<li>materi\u00e1l rukojeti: alpaka, o\u0159echov\u00e9 d\u0159evo<\/li>\n<li>typ pojistky: Backlock<\/li>\n<li>dod\u00e1v\u00e1n s pilkou a praktick\u00fdm nylonov\u00fdm pouzdrem Cordura<\/li>\n<\/ul>\n","protected":false},"excerpt":{"rendered":"<p><P>Optima Walnut je kapesn\u00ed n\u016f\u017e, kter\u00fd se d\u00e1 snadno uchopit a okam\u017eit\u011b pou\u017e\u00edt. Mimo\u0159\u00e1dn\u011b pevn\u00e1 \u010depel z materi\u00e1lu 4034 je nerezov\u00e1, dut\u011b brou\u0161en\u00e1 a lze ji bezpe\u010dn\u011b zajistit pojistkou backlock. \u010cepele \u0159ady Optima jsou obecn\u011b vym\u011bniteln\u00e9, tak\u017ee n\u016f\u017e lze rychle p\u0159izp\u016fsobit p\u0159\u00edslu\u0161n\u00fdm po\u017eadavk\u016fm. V\u00fdm\u011bnn\u00fd syst\u00e9m m\u011bn\u00ed klasick\u00fd n\u016f\u017e v praktick\u00fd multifunk\u010dn\u00ed n\u00e1stroj. T\u011blo rukojeti je tepan\u00e9 z jednoho kusu alpaky a je opat\u0159eno st\u0159enkami z u\u0161lechtil\u00e9ho o\u0159echov\u00e9ho d\u0159eva. N\u016f\u017e je dod\u00e1v\u00e1n s pilkou a praktick\u00fdm nylonov\u00fdm pouzdrem Cordurda.<\/P><\/p>\n","protected":false},"featured_media":360318,"comment_status":"closed","ping_status":"closed","template":"","meta":[],"pwb-brand":[140],"product_brand":[],"product_cat":[17,22],"product_tag":[],"class_list":{"0":"post-360317","1":"product","2":"type-product","3":"status-publish","4":"has-post-thumbnail","6":"pwb-brand-boker","7":"product_cat-noze","8":"product_cat-zaviraci-noze","10":"first","11":"outofstock","12":"taxable","13":"shipping-taxable","14":"purchasable","15":"product-type-simple"},"brands":[{"id":140,"name":"Boker","slug":"boker"}],"_links":{"self":[{"href":"https:\/\/www.moskito.cz\/sk\/wp-json\/wp\/v2\/product\/360317","targetHints":{"allow":["GET"]}}],"collection":[{"href":"https:\/\/www.moskito.cz\/sk\/wp-json\/wp\/v2\/product"}],"about":[{"href":"https:\/\/www.moskito.cz\/sk\/wp-json\/wp\/v2\/types\/product"}],"replies":[{"embeddable":true,"href":"https:\/\/www.moskito.cz\/sk\/wp-json\/wp\/v2\/comments?post=360317"}],"wp:featuredmedia":[{"embeddable":true,"href":"https:\/\/www.moskito.cz\/sk\/wp-json\/wp\/v2\/media\/360318"}],"wp:attachment":[{"href":"https:\/\/www.moskito.cz\/sk\/wp-json\/wp\/v2\/media?parent=360317"}],"wp:term":[{"taxonomy":"pwb-brand","embeddable":true,"href":"https:\/\/www.moskito.cz\/sk\/wp-json\/wp\/v2\/pwb-brand?post=360317"},{"taxonomy":"product_brand","embeddable":true,"href":"https:\/\/www.moskito.cz\/sk\/wp-json\/wp\/v2\/product_brand?post=360317"},{"taxonomy":"product_cat","embeddable":true,"href":"https:\/\/www.moskito.cz\/sk\/wp-json\/wp\/v2\/product_cat?post=360317"},{"taxonomy":"product_tag","embeddable":true,"href":"https:\/\/www.moskito.cz\/sk\/wp-json\/wp\/v2\/product_tag?post=360317"}],"curies":[{"name":"wp","href":"https:\/\/api.w.org\/{rel}","templated":true}]}}