{"id":360387,"date":"2024-09-26T12:57:11","date_gmt":"2024-09-26T11:57:11","guid":{"rendered":"https:\/\/www.moskito.cz\/produkt\/ocilka-arbolito-classic\/"},"modified":"2025-05-07T11:24:37","modified_gmt":"2025-05-07T10:24:37","slug":"ocilka-arbolito-classic","status":"publish","type":"product","link":"https:\/\/www.moskito.cz\/sk\/produkt\/ocilka-arbolito-classic\/","title":{"rendered":"Oc\u00edlka Arbolito Classic"},"content":{"rendered":"<p><UL><\/p>\n<p><LI>celkov\u00e1 d\u00e9lka: 34 cm <\/p>\n<p><LI>d\u00e9lka samotn\u00e9 honovac\u00ed ty\u010de: 20,3 cm <\/p>\n<p><LI>hmotnost: 173 g <\/p>\n<p><LI>materi\u00e1l rukojeti: plast <\/p>\n<p><LI>praktick\u00e9 o\u010dko na zav\u011b\u0161en\u00ed<\/LI><br \/>\n<\/UL><\/p>\n","protected":false},"excerpt":{"rendered":"<p><P>Klasick\u00e1 8&#8243; oc\u00edlka. Protiskluzov\u00e1 rukoje\u0165 z \u010dern\u00e9ho syntetick\u00e9ho materi\u00e1lu se dob\u0159e dr\u017e\u00ed v ruce, drsn\u00fd povrch oceli snadno a rychle nabrous\u00ed ka\u017edou \u010depel. I kvalitn\u00ed no\u017ee se mohou pou\u017e\u00edv\u00e1n\u00edm otupit, a proto vy\u017eaduj\u00ed pravidelnou p\u00e9\u010di.<\/P><\/p>\n","protected":false},"featured_media":360388,"comment_status":"closed","ping_status":"closed","template":"","meta":[],"pwb-brand":[140],"product_brand":[],"product_cat":[26],"product_tag":[],"class_list":{"0":"post-360387","1":"product","2":"type-product","3":"status-publish","4":"has-post-thumbnail","6":"pwb-brand-boker","7":"product_cat-brousky-a-ocilky","9":"first","10":"outofstock","11":"taxable","12":"shipping-taxable","13":"purchasable","14":"product-type-simple"},"brands":[{"id":140,"name":"Boker","slug":"boker"}],"_links":{"self":[{"href":"https:\/\/www.moskito.cz\/sk\/wp-json\/wp\/v2\/product\/360387","targetHints":{"allow":["GET"]}}],"collection":[{"href":"https:\/\/www.moskito.cz\/sk\/wp-json\/wp\/v2\/product"}],"about":[{"href":"https:\/\/www.moskito.cz\/sk\/wp-json\/wp\/v2\/types\/product"}],"replies":[{"embeddable":true,"href":"https:\/\/www.moskito.cz\/sk\/wp-json\/wp\/v2\/comments?post=360387"}],"wp:featuredmedia":[{"embeddable":true,"href":"https:\/\/www.moskito.cz\/sk\/wp-json\/wp\/v2\/media\/360388"}],"wp:attachment":[{"href":"https:\/\/www.moskito.cz\/sk\/wp-json\/wp\/v2\/media?parent=360387"}],"wp:term":[{"taxonomy":"pwb-brand","embeddable":true,"href":"https:\/\/www.moskito.cz\/sk\/wp-json\/wp\/v2\/pwb-brand?post=360387"},{"taxonomy":"product_brand","embeddable":true,"href":"https:\/\/www.moskito.cz\/sk\/wp-json\/wp\/v2\/product_brand?post=360387"},{"taxonomy":"product_cat","embeddable":true,"href":"https:\/\/www.moskito.cz\/sk\/wp-json\/wp\/v2\/product_cat?post=360387"},{"taxonomy":"product_tag","embeddable":true,"href":"https:\/\/www.moskito.cz\/sk\/wp-json\/wp\/v2\/product_tag?post=360387"}],"curies":[{"name":"wp","href":"https:\/\/api.w.org\/{rel}","templated":true}]}}