{"id":360413,"date":"2024-09-26T12:57:27","date_gmt":"2024-09-26T11:57:27","guid":{"rendered":"https:\/\/www.moskito.cz\/produkt\/kapesni-nuz-barlow-expedition\/"},"modified":"2025-05-07T11:24:38","modified_gmt":"2025-05-07T10:24:38","slug":"kapesni-nuz-barlow-expedition","status":"publish","type":"product","link":"https:\/\/www.moskito.cz\/sk\/produkt\/kapesni-nuz-barlow-expedition\/","title":{"rendered":"Kapesn\u00ed n\u016f\u017e Barlow Expedition"},"content":{"rendered":"<p><UL><\/p>\n<p><LI>celkov\u00e1 d\u00e9lka: 14,7 cm <\/p>\n<p><LI>d\u00e9lka \u010depele: 6,4 cm <\/p>\n<p><LI>tlou\u0161\u0165ka \u010depele: 1,9 mm <\/p>\n<p><LI>hmotnost: 57 g <\/p>\n<p><LI>materi\u00e1l \u010depele: 440C <\/p>\n<p><LI>materi\u00e1l rukojeti: Micarta<\/p>\n<p><LI>pojistka: Slipjoint<\/p>\n<p><LI>ru\u010dn\u011b vyrobeno v Solingenu<\/LI><br \/>\n<\/UL><\/p>\n","protected":false},"excerpt":{"rendered":"<p><P>Pohotov\u00fd n\u016f\u017e Barlow Expedition je lehk\u00fd kapesn\u00ed n\u016f\u017e, kter\u00fd si ka\u017ed\u00fd den bez probl\u00e9m\u016f porad\u00ed t\u00e9m\u011b\u0159 s jakoukoli \u0159eznou prac\u00ed. V t\u00e9to verzi je vybaven tvarovan\u00fdmi st\u0159enkami rukojeti z olivov\u011b zelen\u00e9 Micarty Canvas, zat\u00edmco bolstery a vlo\u017eky jsou vyrobeny z matn\u011b tryskan\u00e9 mosazi. V\u00fdsledn\u00fd barevn\u00fd kontrast p\u0159ipom\u00edn\u00e1 str\u00e1d\u00e1n\u00edm napln\u011bn\u00e9 objevitelsk\u00e9 v\u00fdpravy v dob\u00e1ch d\u00e1vno minul\u00fdch. \u010cepel se sat\u00e9novou povrchovou \u00fapravou je vyrobena z ledov\u011b kalen\u00e9ho materi\u00e1lu 440C s tvrdost\u00ed 60 HRC a otev\u00edr\u00e1 se pomoc\u00ed nehtov\u00e9ho z\u00e1\u0159ezu. Bezpe\u010dnost obsluhy no\u017ee zvy\u0161uje 90\u00b0 zar\u00e1\u017eka p\u0159i otev\u00edr\u00e1n\u00ed a zav\u00edr\u00e1n\u00ed \u010depele. Charakteristick\u00fd slzovit\u00fd tvar no\u017ee Barlow lze vystopovat a\u017e k anglick\u00fdm kapesn\u00edm no\u017e\u016fm ze 17. stolet\u00ed, co\u017e z n\u011bj \u010din\u00ed jist\u011b jeden z nejstar\u0161\u00edch model\u016f v\u016fbec. Vyr\u00e1b\u00ed se ru\u010dn\u011b v manufaktu\u0159e B\u00f6ker v Solingenu. <\/P><\/p>\n","protected":false},"featured_media":360414,"comment_status":"closed","ping_status":"closed","template":"","meta":[],"pwb-brand":[140],"product_brand":[],"product_cat":[17,22],"product_tag":[],"class_list":{"0":"post-360413","1":"product","2":"type-product","3":"status-publish","4":"has-post-thumbnail","6":"pwb-brand-boker","7":"product_cat-noze","8":"product_cat-zaviraci-noze","10":"first","11":"outofstock","12":"taxable","13":"shipping-taxable","14":"purchasable","15":"product-type-simple"},"brands":[{"id":140,"name":"Boker","slug":"boker"}],"_links":{"self":[{"href":"https:\/\/www.moskito.cz\/sk\/wp-json\/wp\/v2\/product\/360413","targetHints":{"allow":["GET"]}}],"collection":[{"href":"https:\/\/www.moskito.cz\/sk\/wp-json\/wp\/v2\/product"}],"about":[{"href":"https:\/\/www.moskito.cz\/sk\/wp-json\/wp\/v2\/types\/product"}],"replies":[{"embeddable":true,"href":"https:\/\/www.moskito.cz\/sk\/wp-json\/wp\/v2\/comments?post=360413"}],"wp:featuredmedia":[{"embeddable":true,"href":"https:\/\/www.moskito.cz\/sk\/wp-json\/wp\/v2\/media\/360414"}],"wp:attachment":[{"href":"https:\/\/www.moskito.cz\/sk\/wp-json\/wp\/v2\/media?parent=360413"}],"wp:term":[{"taxonomy":"pwb-brand","embeddable":true,"href":"https:\/\/www.moskito.cz\/sk\/wp-json\/wp\/v2\/pwb-brand?post=360413"},{"taxonomy":"product_brand","embeddable":true,"href":"https:\/\/www.moskito.cz\/sk\/wp-json\/wp\/v2\/product_brand?post=360413"},{"taxonomy":"product_cat","embeddable":true,"href":"https:\/\/www.moskito.cz\/sk\/wp-json\/wp\/v2\/product_cat?post=360413"},{"taxonomy":"product_tag","embeddable":true,"href":"https:\/\/www.moskito.cz\/sk\/wp-json\/wp\/v2\/product_tag?post=360413"}],"curies":[{"name":"wp","href":"https:\/\/api.w.org\/{rel}","templated":true}]}}