{"id":360550,"date":"2024-09-26T12:57:58","date_gmt":"2024-09-26T11:57:58","guid":{"rendered":"https:\/\/www.moskito.cz\/produkt\/kapesni-nuz-kalashnikov-bayonet-damascus\/"},"modified":"2025-05-07T11:24:42","modified_gmt":"2025-05-07T10:24:42","slug":"kapesni-nuz-kalashnikov-bayonet-damascus","status":"publish","type":"product","link":"https:\/\/www.moskito.cz\/sk\/produkt\/kapesni-nuz-kalashnikov-bayonet-damascus\/","title":{"rendered":"Kapesn\u00ed n\u016f\u017e Kalashnikov Bayonet Damascus"},"content":{"rendered":"<p><UL dir=ltr><\/p>\n<p><LI><\/p>\n<p><DIV align=left>celkov\u00e1 d\u00e9lka&nbsp;22,8&nbsp;cm<\/DIV><\/p>\n<p><LI><\/p>\n<p><DIV align=left>d\u00e9lka \u010depele&nbsp;9,6 cm<\/DIV><\/p>\n<p><LI><\/p>\n<p><DIV align=left>hmotnost&nbsp;158 g<\/DIV><\/p>\n<p><LI><\/p>\n<p><DIV align=left>materi\u00e1l \u010depele&nbsp;dma\u0161kov\u00e1 ocel<\/DIV><\/p>\n<p><LI><\/p>\n<p><DIV align=left><br \/>\n<SPAN lang=CS>materi\u00e1l rukojeti eloxovan\u00fd hlin\u00edk, habrov\u00e9 d\u0159evo<\/SPAN><br \/>\n<\/DIV><\/p>\n<p><LI><\/p>\n<p><DIV align=left><br \/>\n<SPAN lang=CS>ru\u010dn\u00ed otv\u00edr\u00e1n\u00ed<\/SPAN><br \/>\n<\/DIV><\/p>\n<p><LI><\/p>\n<p><DIV align=left><br \/>\n<SPAN lang=CS>z\u00e1mek Linerlock<\/SPAN><br \/>\n<\/DIV><\/p>\n<p><LI><\/p>\n<p><DIV align=left>s klipem<\/DIV><\/p>\n<p><LI><\/p>\n<p><DIV align=left>s certifik\u00e1tem pravosti a s\u00e9riov\u00fdm \u010d\u00edslem<\/DIV><br \/>\n<\/LI><br \/>\n<\/UL><\/p>\n","protected":false},"excerpt":{"rendered":"<p><SPAN lang=CS><\/p>\n<p><P dir=ltr align=left>B\u00f6ker Kala\u0161nikov\u016fv bajonet Damascus je vybaven jedine\u010dnou dama\u0161kovou \u010depel\u00ed, kter\u00e1 je vyrobena z oceli bajonet\u016f 6Ch3 a 6Ch4 podle indexu GRAU b\u00fdval\u00e9 sov\u011btsk\u00e9 arm\u00e1dy a je zdobena podpisem gener\u00e1la Kala\u0161nikova. Nerezov\u00fd dama\u0161ek Chada Nicholse se skl\u00e1d\u00e1 z 80 vrstev a je ru\u010dn\u011b kovan\u00fd podle vzoru Virus. M\u00e1 neobvykle slo\u017eit\u00fd vzor, kter\u00fd je v\u00fdsledkem velmi kontrolovan\u00e9ho procesu kov\u00e1n\u00ed. \u010cepel s pandurov\u00fdm hrotem p\u0159evzat\u00fdm z bajonet\u016f se otev\u00edr\u00e1 pomoc\u00ed kol\u00ed\u010dku na palec a zaji\u0161\u0165uje se robustn\u00ed pojistkou linerlock.<\/P><\/p>\n<p><P dir=ltr align=left>Rukoje\u0165 je vyrobena z bloku hlin\u00edku a n\u00e1sledn\u011b tvrd\u011b eloxov\u00e1na \u010dernou barvou. Vlo\u017eky jsou vyrobeny z habrov\u00e9ho d\u0159eva, kter\u00e9 p\u0159ipom\u00edn\u00e1 d\u0159evo pa\u017eby slavn\u00e9 \u00fato\u010dn\u00e9 pu\u0161ky. V\u0161echny \u0161rouby a klip (tip-up\/r) jsou rovn\u011b\u017e \u010dern\u011b eloxovan\u00e9. Ru\u010dn\u00ed v\u00fdroba v manufaktu\u0159e no\u017e\u016f B\u00f6ker v Solingenu. S certifik\u00e1tem pravosti a individu\u00e1ln\u00edm s\u00e9riov\u00fdm \u010d\u00edslem.<\/P><br \/>\n<\/SPAN><\/p>\n","protected":false},"featured_media":360551,"comment_status":"closed","ping_status":"closed","template":"","meta":[],"pwb-brand":[140],"product_brand":[],"product_cat":[17,22],"product_tag":[],"class_list":{"0":"post-360550","1":"product","2":"type-product","3":"status-publish","4":"has-post-thumbnail","6":"pwb-brand-boker","7":"product_cat-noze","8":"product_cat-zaviraci-noze","10":"first","11":"outofstock","12":"taxable","13":"shipping-taxable","14":"purchasable","15":"product-type-simple"},"brands":[{"id":140,"name":"Boker","slug":"boker"}],"_links":{"self":[{"href":"https:\/\/www.moskito.cz\/sk\/wp-json\/wp\/v2\/product\/360550","targetHints":{"allow":["GET"]}}],"collection":[{"href":"https:\/\/www.moskito.cz\/sk\/wp-json\/wp\/v2\/product"}],"about":[{"href":"https:\/\/www.moskito.cz\/sk\/wp-json\/wp\/v2\/types\/product"}],"replies":[{"embeddable":true,"href":"https:\/\/www.moskito.cz\/sk\/wp-json\/wp\/v2\/comments?post=360550"}],"wp:featuredmedia":[{"embeddable":true,"href":"https:\/\/www.moskito.cz\/sk\/wp-json\/wp\/v2\/media\/360551"}],"wp:attachment":[{"href":"https:\/\/www.moskito.cz\/sk\/wp-json\/wp\/v2\/media?parent=360550"}],"wp:term":[{"taxonomy":"pwb-brand","embeddable":true,"href":"https:\/\/www.moskito.cz\/sk\/wp-json\/wp\/v2\/pwb-brand?post=360550"},{"taxonomy":"product_brand","embeddable":true,"href":"https:\/\/www.moskito.cz\/sk\/wp-json\/wp\/v2\/product_brand?post=360550"},{"taxonomy":"product_cat","embeddable":true,"href":"https:\/\/www.moskito.cz\/sk\/wp-json\/wp\/v2\/product_cat?post=360550"},{"taxonomy":"product_tag","embeddable":true,"href":"https:\/\/www.moskito.cz\/sk\/wp-json\/wp\/v2\/product_tag?post=360550"}],"curies":[{"name":"wp","href":"https:\/\/api.w.org\/{rel}","templated":true}]}}