{"id":360585,"date":"2024-09-26T12:58:13","date_gmt":"2024-09-26T11:58:13","guid":{"rendered":"https:\/\/www.moskito.cz\/produkt\/kapesni-nuz-kwaiken-air-g10-jade\/"},"modified":"2025-05-07T11:24:43","modified_gmt":"2025-05-07T10:24:43","slug":"kapesni-nuz-kwaiken-air-g10-jade","status":"publish","type":"product","link":"https:\/\/www.moskito.cz\/sk\/produkt\/kapesni-nuz-kwaiken-air-g10-jade\/","title":{"rendered":"Kapesn\u00ed n\u016f\u017e Kwaiken Air G10 Jade"},"content":{"rendered":"<ul>\n<li>celkov\u00e1 d\u00e9lka: 21,3 cm<\/li>\n<li>d\u00e9lka \u010depele: 9 cm<\/li>\n<li>tlou\u0161\u0165ka \u010depele: 2,5 mm<\/li>\n<li>hmotnost: 82 g<\/li>\n<li>materi\u00e1l \u010depele: VG-10<\/li>\n<li>materi\u00e1l rukojeti: G10<\/li>\n<li>manu\u00e1ln\u00ed otev\u00edr\u00e1n\u00ed pomoc\u00ed flipperu<\/li>\n<li>pojistka: linnerlock<\/li>\n<li>dod\u00e1v\u00e1no v kvalitn\u00edm nylonov\u00e9m pouzd\u0159e<\/li>\n<\/ul>\n","protected":false},"excerpt":{"rendered":"<p dir=\"ltr\" align=\"left\">Kapesn\u00ed n\u016f\u017e Kwaiken od Lucase Burnleyho roz\u0161i\u0159uje \u00fasp\u011b\u0161nou \u0159adu touhle elegantn\u00ed odleh\u010denou variantou. Modern\u00ed kapesn\u00ed n\u016f\u017e\u00a0v p\u0159\u00edmo\u010dar\u00e9m a praktick\u00e9m tvaru se stal skute\u010dnou ikonou. \u010cist\u00e9 linie a \u0161t\u00edhl\u00fd design byly optimalizovan\u00e9 kv\u016fli sn\u00ed\u017een\u00ed hmotnosti. Zav\u0159en\u00fd n\u016f\u017e dr\u017e\u00ed celou \u010depel, zaji\u0161t\u011bnou pojistka Linerlock a intuitivn\u00ed ovl\u00e1d\u00e1n\u00ed zase flipper. Rukoje\u0165 z p\u0159\u00edrodn\u00edho materi\u00e1lu Jade G10 dod\u00e1v\u00e1 no\u017ei lehkost. N\u016f\u017e je vybaven otvorem na \u0161\u0148\u016frku, odn\u00edmatelnou sponou a kvalitn\u00edm nylonov\u00fdm pouzdrem na ulo\u017een\u00ed.<\/p>\n","protected":false},"featured_media":360586,"comment_status":"closed","ping_status":"closed","template":"","meta":[],"pwb-brand":[140],"product_brand":[],"product_cat":[17,22],"product_tag":[],"class_list":{"0":"post-360585","1":"product","2":"type-product","3":"status-publish","4":"has-post-thumbnail","6":"pwb-brand-boker","7":"product_cat-noze","8":"product_cat-zaviraci-noze","10":"first","11":"instock","12":"taxable","13":"shipping-taxable","14":"purchasable","15":"product-type-simple"},"brands":[{"id":140,"name":"Boker","slug":"boker"}],"_links":{"self":[{"href":"https:\/\/www.moskito.cz\/sk\/wp-json\/wp\/v2\/product\/360585","targetHints":{"allow":["GET"]}}],"collection":[{"href":"https:\/\/www.moskito.cz\/sk\/wp-json\/wp\/v2\/product"}],"about":[{"href":"https:\/\/www.moskito.cz\/sk\/wp-json\/wp\/v2\/types\/product"}],"replies":[{"embeddable":true,"href":"https:\/\/www.moskito.cz\/sk\/wp-json\/wp\/v2\/comments?post=360585"}],"wp:featuredmedia":[{"embeddable":true,"href":"https:\/\/www.moskito.cz\/sk\/wp-json\/wp\/v2\/media\/360586"}],"wp:attachment":[{"href":"https:\/\/www.moskito.cz\/sk\/wp-json\/wp\/v2\/media?parent=360585"}],"wp:term":[{"taxonomy":"pwb-brand","embeddable":true,"href":"https:\/\/www.moskito.cz\/sk\/wp-json\/wp\/v2\/pwb-brand?post=360585"},{"taxonomy":"product_brand","embeddable":true,"href":"https:\/\/www.moskito.cz\/sk\/wp-json\/wp\/v2\/product_brand?post=360585"},{"taxonomy":"product_cat","embeddable":true,"href":"https:\/\/www.moskito.cz\/sk\/wp-json\/wp\/v2\/product_cat?post=360585"},{"taxonomy":"product_tag","embeddable":true,"href":"https:\/\/www.moskito.cz\/sk\/wp-json\/wp\/v2\/product_tag?post=360585"}],"curies":[{"name":"wp","href":"https:\/\/api.w.org\/{rel}","templated":true}]}}